{"id":557,"date":"2021-05-06T08:08:06","date_gmt":"2021-05-06T08:08:06","guid":{"rendered":"https:\/\/www.vciactivepack.com\/pagina-ejemplo\/"},"modified":"2021-07-05T09:39:34","modified_gmt":"2021-07-05T08:39:34","slug":"pagina-ejemplo","status":"publish","type":"page","link":"https:\/\/www.vciactivepack.com\/de\/","title":{"rendered":"Startseite"},"content":{"rendered":"<section class=\"wpb-content-wrapper\"><p>[vc_row gap=&#8220;35&#8243; bg_type=&#8220;bg_color&#8220; bg_override=&#8220;full&#8220; bg_color_value=&#8220;#ffffff&#8220; el_id=&#8220;solutions&#8220;][vc_column css_animation=&#8220;fadeInLeft&#8220; width=&#8220;1\/2&#8243;][vc_column_text]<\/p>\n<h2>Anbieter von Qualit\u00e4tsl\u00f6sungen<\/h2>\n<p>Seit mehr als 30 Jahren entwickelt, produzieren, testet und vermarktet <strong>VCI Active Pack<\/strong> VCI-Korrosionsschutzl\u00f6sungen und bietet damit ein schl\u00fcsselfertiges Projekt f\u00fcr Folien- und Beutelhersteller, die Korrosionsschutzverpackungen f\u00fcr die Metallverarbeitungsbranche anbieten.<\/p>\n<p><strong>Mit uns sind Ihnen optimale Ergebnisse sicher.<\/strong>[\/vc_column_text][\/vc_column][vc_column css_animation=&#8220;fadeInRight&#8220; width=&#8220;1\/2&#8243;][vc_column_text]<\/p>\n<div style=\"display: grid; grid-template-columns: 47% 47%; column-gap: 5%;\"><a class=\"projectThumb\" href=\"\/wp-content\/uploads\/2021\/06\/hover_2.jpg\"><br \/>\n<img decoding=\"async\" style=\"width: 100%;\" src=\"\/wp-content\/uploads\/2021\/05\/img_home_1.png\" height=\"250\" \/><br \/>\n<\/a><a class=\"projectThumb\" href=\"\/wp-content\/uploads\/2021\/06\/hover_1.jpg\"><br \/>\n<img decoding=\"async\" style=\"width: 100%;\" src=\"\/wp-content\/uploads\/2021\/05\/img_home_2.png\" height=\"249\" \/><br \/>\n<\/a><\/div>\n<p>[\/vc_column_text][\/vc_column][\/vc_row][vc_row css_animation=&#8220;fadeInUp&#8220; bg_type=&#8220;bg_color&#8220; bg_override=&#8220;full&#8220; bg_color_value=&#8220;#f0f0f0&#8243; el_id=&#8220;benefits&#8220;][vc_column][vc_column_text css=&#8220;.vc_custom_1625472152312{margin-bottom: 0px !important;}&#8220;]<\/p>\n<h2>VORTEILE<\/h2>\n<h3>Einfachheit und Effizienz<\/h3>\n<p>[\/vc_column_text][\/vc_column][vc_column width=&#8220;1\/6&#8243; offset=&#8220;vc_col-xs-6&#8243;][vc_column_text css=&#8220;.vc_custom_1625472162187{margin-bottom: 0px !important;}&#8220;]<img loading=\"lazy\" decoding=\"async\" class=\"alignnone wp-image-8\" role=\"img\" src=\"https:\/\/www.vciactivepack.com\/wp-content\/uploads\/2021\/05\/beneficios_1.svg\" alt=\"\" width=\"80\" height=\"91\" \/><\/p>\n<h4>Unbedenkliche<br \/>\nProdukte<\/h4>\n<p>[\/vc_column_text][\/vc_column][vc_column width=&#8220;1\/6&#8243; offset=&#8220;vc_col-xs-6&#8243;][vc_column_text css=&#8220;.vc_custom_1625472173483{margin-bottom: 0px !important;}&#8220;]<img loading=\"lazy\" decoding=\"async\" class=\"alignnone wp-image-8\" role=\"img\" src=\"https:\/\/www.vciactivepack.com\/wp-content\/uploads\/2021\/05\/beneficios_2.svg\" alt=\"\" width=\"80\" height=\"91\" \/><\/p>\n<h4>Umweltschonend<\/h4>\n<p>[\/vc_column_text][\/vc_column][vc_column width=&#8220;1\/6&#8243; offset=&#8220;vc_col-xs-6&#8243;][vc_column_text css=&#8220;.vc_custom_1625472185990{margin-bottom: 0px !important;}&#8220;]<img loading=\"lazy\" decoding=\"async\" class=\"alignnone wp-image-8\" role=\"img\" src=\"https:\/\/www.vciactivepack.com\/wp-content\/uploads\/2021\/05\/beneficios_3.svg\" alt=\"\" width=\"80\" height=\"91\" \/><\/p>\n<h4>Multi-Metall-Schutz<\/h4>\n<p>[\/vc_column_text][\/vc_column][vc_column width=&#8220;1\/6&#8243; offset=&#8220;vc_col-xs-6&#8243;][vc_column_text css=&#8220;.vc_custom_1625472200052{margin-bottom: 0px !important;}&#8220;]<img loading=\"lazy\" decoding=\"async\" class=\"alignnone wp-image-8\" role=\"img\" src=\"https:\/\/www.vciactivepack.com\/wp-content\/uploads\/2021\/05\/beneficios_4.svg\" alt=\"\" width=\"80\" height=\"91\" \/><\/p>\n<h4>Langfristiger<br \/>\nKorrosionsschutz in<br \/>\ngeschlossenen<br \/>\nR\u00e4umen<\/h4>\n<p>[\/vc_column_text][\/vc_column][vc_column width=&#8220;1\/6&#8243; offset=&#8220;vc_col-xs-6&#8243;][vc_column_text]<img loading=\"lazy\" decoding=\"async\" class=\"alignnone wp-image-8\" role=\"img\" src=\"https:\/\/www.vciactivepack.com\/wp-content\/uploads\/2021\/05\/beneficios_5.svg\" alt=\"\" width=\"80\" height=\"91\" \/><\/p>\n<h4>Keine oder minimale<br \/>\nInvestition<\/h4>\n<p>[\/vc_column_text][\/vc_column][vc_column width=&#8220;1\/6&#8243; offset=&#8220;vc_col-xs-6&#8243;][vc_column_text]<img loading=\"lazy\" decoding=\"async\" class=\"alignnone wp-image-8\" role=\"img\" src=\"https:\/\/www.vciactivepack.com\/wp-content\/uploads\/2021\/05\/beneficios_6.svg\" alt=\"\" width=\"80\" height=\"91\" \/><\/p>\n<h4>Benutzerfreundlich<\/h4>\n<p>[\/vc_column_text][\/vc_column][\/vc_row][vc_row css_animation=&#8220;fadeIn&#8220; bg_type=&#8220;bg_color&#8220; bg_override=&#8220;full&#8220; bg_color_value=&#8220;#f0f0f0&#8243;][vc_column][vc_column_text]<a class=\"links\" href=\"https:\/\/www.vciactivepack.com\/vapor-corrosion-inhibitor\/\">Die beste Formel<\/a>[\/vc_column_text][\/vc_column][\/vc_row][vc_row gap=&#8220;15&#8243; equal_height=&#8220;yes&#8220; css_animation=&#8220;fadeInUp&#8220; bg_type=&#8220;bg_color&#8220; bg_override=&#8220;full&#8220; bg_color_value=&#8220;#ffffff&#8220;][vc_column][vc_column_text]<\/p>\n<h2>PRODUKTE<\/h2>\n<h3>Korrosionsschutzl\u00f6sungen<\/h3>\n<p>[\/vc_column_text][\/vc_column][vc_column width=&#8220;1\/4&#8243; css=&#8220;.vc_custom_1620715433151{background-color: #4cbc92 !important;}&#8220; el_class=&#8220;products&#8220;][vc_column_text]<\/p>\n<h4>VCI 9004 Multi-Metall LDPE\/LLDPE Masterbatch<\/h4>\n<p>&nbsp;<\/p>\n<p>VCI-Additive f\u00fcr Folien, Beutel und Kunststoffe.[\/vc_column_text][vc_column_text]<a class=\"whitelinks\" href=\"https:\/\/www.vciactivepack.com\/vci-9004-multi-metal-ldpe-lldpe-masterbatch\/\">Mehr erfahren<\/a>[\/vc_column_text][\/vc_column][vc_column width=&#8220;1\/4&#8243; css=&#8220;.vc_custom_1620715436215{background-color: #4cbc92 !important;}&#8220; el_class=&#8220;products&#8220;][vc_column_text]<\/p>\n<h4>VCI 8003 Multi-Metall Polyolefin-Folienadditiv<\/h4>\n<p>&nbsp;<\/p>\n<p>VCI-Additive f\u00fcr Folien, Beutel und Kunststoffe.[\/vc_column_text][vc_column_text]<a class=\"whitelinks\" href=\"https:\/\/www.vciactivepack.com\/vci-8003-multi-metal-polyolefin-film-additive\/\">Mehr erfahren<\/a>[\/vc_column_text][\/vc_column][vc_column width=&#8220;1\/4&#8243; css=&#8220;.vc_custom_1620715438706{background-color: #4cbc92 !important;}&#8220; el_class=&#8220;products&#8220;][vc_column_text]<\/p>\n<h4>VCI 5150 zum Impr\u00e4gnieren von Papier und Karton<\/h4>\n<p>&nbsp;<\/p>\n<p>VCI-Fl\u00fcssigkeit zum Impr\u00e4gnieren von Papier und Karton.[\/vc_column_text][vc_column_text]<a class=\"whitelinks\" href=\"https:\/\/www.vciactivepack.com\/vci-5150-liquid-paper-cardboard-impregnation\/\">Mehr erfahren<\/a>[\/vc_column_text][\/vc_column][vc_column width=&#8220;1\/4&#8243; css=&#8220;.vc_custom_1620715442617{background-color: #4cbc92 !important;}&#8220; el_class=&#8220;products&#8220;][vc_column_text]<\/p>\n<h4>Netnocor 2120 fl\u00fcssiger Korrosionsschutz auf Wasserbasis<\/h4>\n<p>&nbsp;<\/p>\n<p>Fl\u00fcssigkeit auf Wasserbasis f\u00fcr den tempor\u00e4ren Korrosionsschutz.[\/vc_column_text][vc_column_text]<a class=\"whitelinks\" href=\"https:\/\/www.vciactivepack.com\/water-based-liquid-corrosion-protection\/\">Mehr erfahren<\/a>[\/vc_column_text][\/vc_column][vc_column width=&#8220;1\/4&#8243; css=&#8220;.vc_custom_1620715445276{background-color: #4cbc92 !important;}&#8220; el_class=&#8220;products&#8220;][vc_column_text]<\/p>\n<h4>Netnocor 5154 \u00f6lfreier tempor\u00e4rer Korrosionsschutz<\/h4>\n<p>&nbsp;<\/p>\n<p>Fl\u00fcssigkeit auf Wasserbasis f\u00fcr den tempor\u00e4ren Korrosionsschutz.[\/vc_column_text][vc_column_text]<a class=\"whitelinks\" href=\"https:\/\/www.vciactivepack.com\/oil-free-temporary-corrosion-protection\/\">Mehr erfahren<\/a>[\/vc_column_text][\/vc_column][vc_column width=&#8220;1\/4&#8243; css=&#8220;.vc_custom_1620715448096{background-color: #4cbc92 !important;}&#8220; el_class=&#8220;products&#8220;][vc_column_text]<\/p>\n<h4>Netnocor 5156 MR hydraulische Tests<\/h4>\n<p>&nbsp;<\/p>\n<p>Korrosionsl\u00f6sung f\u00fcr die hydraulische Tests.[\/vc_column_text][vc_column_text]<a class=\"whitelinks\" href=\"https:\/\/www.vciactivepack.com\/corrosion-solution-hydraulic-testing\/\">Mehr erfahren<\/a>[\/vc_column_text][\/vc_column][vc_column width=&#8220;1\/4&#8243; css=&#8220;.vc_custom_1620715451472{background-color: #4cbc92 !important;}&#8220; el_class=&#8220;products&#8220;][vc_column_text]<\/p>\n<h4>VCI-Verpackungsprodukte<\/h4>\n<p>&nbsp;<\/p>\n<p>Breites Angebot an modernsten VCI-Verpackungsprodukten.[\/vc_column_text][vc_column_text]<a class=\"whitelinks\" href=\"https:\/\/www.vciactivepack.com\/vci-packaging-products\/\">Mehr erfahren<\/a>[\/vc_column_text][\/vc_column][\/vc_row][vc_row][vc_column][vc_column_text]<\/p>\n<h3><img loading=\"lazy\" decoding=\"async\" class=\"alignnone size-full wp-image-175\" role=\"img\" src=\"https:\/\/www.vciactivepack.com\/wp-content\/uploads\/2021\/05\/external_texts.svg\" alt=\"\" width=\"81\" height=\"81\" \/><\/h3>\n<h2>Externe Tests und Zulassungen<\/h2>\n<ul>\n<li><a href=\"https:\/\/www.vciactivepack.com\/wp-content\/uploads\/2021\/05\/PB200-091-18.pdf\" target=\"_blank\" rel=\"noopener\"><u>Testbericht<\/u><\/a><\/li>\n<li><a href=\"https:\/\/www.vciactivepack.com\/wp-content\/uploads\/2021\/05\/UB400-042-17-VCI-active-pack-Europe.pdf\" target=\"_blank\" rel=\"noopener\"><u>Deutsches Gesundheits- und Sicherheitsprotokoll TRGS 615<\/u><\/a><\/li>\n<\/ul>\n<p>[\/vc_column_text][\/vc_column][\/vc_row]<\/p>\n<\/section>","protected":false},"excerpt":{"rendered":"<p>[vc_row gap=&#8220;35&#8243; bg_type=&#8220;bg_color&#8220; bg_override=&#8220;full&#8220; bg_color_value=&#8220;#ffffff&#8220; el_id=&#8220;solutions&#8220;][vc_column css_animation=&#8220;fadeInLeft&#8220; width=&#8220;1\/2&#8243;][vc_column_text] Anbieter von Qualit\u00e4tsl\u00f6sungen Seit mehr als 30 Jahren entwickelt, produzieren, testet und vermarktet VCI Active Pack VCI-Korrosionsschutzl\u00f6sungen und bietet damit ein schl\u00fcsselfertiges Projekt f\u00fcr Folien- und Beutelhersteller, die Korrosionsschutzverpackungen f\u00fcr die Metallverarbeitungsbranche anbieten. Mit uns sind Ihnen optimale Ergebnisse sicher.[\/vc_column_text][\/vc_column][vc_column css_animation=&#8220;fadeInRight&#8220; width=&#8220;1\/2&#8243;][vc_column_text] [\/vc_column_text][\/vc_column][\/vc_row][vc_row css_animation=&#8220;fadeInUp&#8220; bg_type=&#8220;bg_color&#8220; bg_override=&#8220;full&#8220; bg_color_value=&#8220;#f0f0f0&#8243;&hellip;<\/p>\n","protected":false},"author":1,"featured_media":387,"parent":0,"menu_order":0,"comment_status":"closed","ping_status":"open","template":"","meta":{"footnotes":""},"class_list":["post-557","page","type-page","status-publish","has-post-thumbnail","hentry","description-off"],"yoast_head":"<!-- This site is optimized with the Yoast SEO plugin v21.3 - https:\/\/yoast.com\/wordpress\/plugins\/seo\/ -->\n<title>VCI Active Pack | F\u00fchrende Korrosionsschutzl\u00f6sungen<\/title>\n<meta name=\"description\" content=\"Innovative VCI-Korrosionsschutztechnologie f\u00fcr die Sicherheit von Mensch und Umwelt. Die beste Formel f\u00fcr hochwertige Korrosionsschutzl\u00f6sungen!\" \/>\n<meta name=\"robots\" content=\"index, follow, max-snippet:-1, max-image-preview:large, max-video-preview:-1\" \/>\n<link rel=\"canonical\" href=\"https:\/\/www.vciactivepack.com\/de\/\" \/>\n<meta property=\"og:locale\" content=\"de_DE\" \/>\n<meta property=\"og:type\" content=\"article\" \/>\n<meta property=\"og:title\" content=\"VCI Active Pack | F\u00fchrende Korrosionsschutzl\u00f6sungen\" \/>\n<meta property=\"og:description\" content=\"Innovative VCI-Korrosionsschutztechnologie f\u00fcr die Sicherheit von Mensch und Umwelt. Die beste Formel f\u00fcr hochwertige Korrosionsschutzl\u00f6sungen!\" \/>\n<meta property=\"og:url\" content=\"https:\/\/www.vciactivepack.com\/de\/\" \/>\n<meta property=\"og:site_name\" content=\"VCI Active Pack\" \/>\n<meta property=\"article:modified_time\" content=\"2021-07-05T08:39:34+00:00\" \/>\n<meta property=\"og:image\" content=\"https:\/\/www.vciactivepack.com\/wp-content\/uploads\/2021\/06\/vci_active_pack_5.jpg\" \/>\n\t<meta property=\"og:image:width\" content=\"600\" \/>\n\t<meta property=\"og:image:height\" content=\"315\" \/>\n\t<meta property=\"og:image:type\" content=\"image\/jpeg\" \/>\n<meta name=\"twitter:card\" content=\"summary_large_image\" \/>\n<meta name=\"twitter:label1\" content=\"Gesch\u00e4tzte Lesezeit\" \/>\n\t<meta name=\"twitter:data1\" content=\"3\u00a0Minuten\" \/>\n<script type=\"application\/ld+json\" class=\"yoast-schema-graph\">{\"@context\":\"https:\/\/schema.org\",\"@graph\":[{\"@type\":\"WebPage\",\"@id\":\"https:\/\/www.vciactivepack.com\/de\/\",\"url\":\"https:\/\/www.vciactivepack.com\/de\/\",\"name\":\"VCI Active Pack | F\u00fchrende Korrosionsschutzl\u00f6sungen\",\"isPartOf\":{\"@id\":\"https:\/\/www.vciactivepack.com\/#website\"},\"datePublished\":\"2021-05-06T08:08:06+00:00\",\"dateModified\":\"2021-07-05T08:39:34+00:00\",\"description\":\"Innovative VCI-Korrosionsschutztechnologie f\u00fcr die Sicherheit von Mensch und Umwelt. Die beste Formel f\u00fcr hochwertige Korrosionsschutzl\u00f6sungen!\",\"breadcrumb\":{\"@id\":\"https:\/\/www.vciactivepack.com\/de\/#breadcrumb\"},\"inLanguage\":\"de\",\"potentialAction\":[{\"@type\":\"ReadAction\",\"target\":[\"https:\/\/www.vciactivepack.com\/de\/\"]}]},{\"@type\":\"BreadcrumbList\",\"@id\":\"https:\/\/www.vciactivepack.com\/de\/#breadcrumb\",\"itemListElement\":[{\"@type\":\"ListItem\",\"position\":1,\"name\":\"Home\",\"item\":\"https:\/\/www.vciactivepack.com\/de\/\"},{\"@type\":\"ListItem\",\"position\":2,\"name\":\"Startseite\"}]},{\"@type\":\"WebSite\",\"@id\":\"https:\/\/www.vciactivepack.com\/#website\",\"url\":\"https:\/\/www.vciactivepack.com\/\",\"name\":\"VCI Active Pack\",\"description\":\"Leading corrosion protection solutions\",\"potentialAction\":[{\"@type\":\"SearchAction\",\"target\":{\"@type\":\"EntryPoint\",\"urlTemplate\":\"https:\/\/www.vciactivepack.com\/?s={search_term_string}\"},\"query-input\":\"required name=search_term_string\"}],\"inLanguage\":\"de\"}]}<\/script>\n<!-- \/ Yoast SEO plugin. -->","yoast_head_json":{"title":"VCI Active Pack | F\u00fchrende Korrosionsschutzl\u00f6sungen","description":"Innovative VCI-Korrosionsschutztechnologie f\u00fcr die Sicherheit von Mensch und Umwelt. Die beste Formel f\u00fcr hochwertige Korrosionsschutzl\u00f6sungen!","robots":{"index":"index","follow":"follow","max-snippet":"max-snippet:-1","max-image-preview":"max-image-preview:large","max-video-preview":"max-video-preview:-1"},"canonical":"https:\/\/www.vciactivepack.com\/de\/","og_locale":"de_DE","og_type":"article","og_title":"VCI Active Pack | F\u00fchrende Korrosionsschutzl\u00f6sungen","og_description":"Innovative VCI-Korrosionsschutztechnologie f\u00fcr die Sicherheit von Mensch und Umwelt. Die beste Formel f\u00fcr hochwertige Korrosionsschutzl\u00f6sungen!","og_url":"https:\/\/www.vciactivepack.com\/de\/","og_site_name":"VCI Active Pack","article_modified_time":"2021-07-05T08:39:34+00:00","og_image":[{"width":600,"height":315,"url":"https:\/\/www.vciactivepack.com\/wp-content\/uploads\/2021\/06\/vci_active_pack_5.jpg","type":"image\/jpeg"}],"twitter_card":"summary_large_image","twitter_misc":{"Gesch\u00e4tzte Lesezeit":"3\u00a0Minuten"},"schema":{"@context":"https:\/\/schema.org","@graph":[{"@type":"WebPage","@id":"https:\/\/www.vciactivepack.com\/de\/","url":"https:\/\/www.vciactivepack.com\/de\/","name":"VCI Active Pack | F\u00fchrende Korrosionsschutzl\u00f6sungen","isPartOf":{"@id":"https:\/\/www.vciactivepack.com\/#website"},"datePublished":"2021-05-06T08:08:06+00:00","dateModified":"2021-07-05T08:39:34+00:00","description":"Innovative VCI-Korrosionsschutztechnologie f\u00fcr die Sicherheit von Mensch und Umwelt. Die beste Formel f\u00fcr hochwertige Korrosionsschutzl\u00f6sungen!","breadcrumb":{"@id":"https:\/\/www.vciactivepack.com\/de\/#breadcrumb"},"inLanguage":"de","potentialAction":[{"@type":"ReadAction","target":["https:\/\/www.vciactivepack.com\/de\/"]}]},{"@type":"BreadcrumbList","@id":"https:\/\/www.vciactivepack.com\/de\/#breadcrumb","itemListElement":[{"@type":"ListItem","position":1,"name":"Home","item":"https:\/\/www.vciactivepack.com\/de\/"},{"@type":"ListItem","position":2,"name":"Startseite"}]},{"@type":"WebSite","@id":"https:\/\/www.vciactivepack.com\/#website","url":"https:\/\/www.vciactivepack.com\/","name":"VCI Active Pack","description":"Leading corrosion protection solutions","potentialAction":[{"@type":"SearchAction","target":{"@type":"EntryPoint","urlTemplate":"https:\/\/www.vciactivepack.com\/?s={search_term_string}"},"query-input":"required name=search_term_string"}],"inLanguage":"de"}]}},"_links":{"self":[{"href":"https:\/\/www.vciactivepack.com\/de\/wp-json\/wp\/v2\/pages\/557","targetHints":{"allow":["GET"]}}],"collection":[{"href":"https:\/\/www.vciactivepack.com\/de\/wp-json\/wp\/v2\/pages"}],"about":[{"href":"https:\/\/www.vciactivepack.com\/de\/wp-json\/wp\/v2\/types\/page"}],"author":[{"embeddable":true,"href":"https:\/\/www.vciactivepack.com\/de\/wp-json\/wp\/v2\/users\/1"}],"replies":[{"embeddable":true,"href":"https:\/\/www.vciactivepack.com\/de\/wp-json\/wp\/v2\/comments?post=557"}],"version-history":[{"count":6,"href":"https:\/\/www.vciactivepack.com\/de\/wp-json\/wp\/v2\/pages\/557\/revisions"}],"predecessor-version":[{"id":595,"href":"https:\/\/www.vciactivepack.com\/de\/wp-json\/wp\/v2\/pages\/557\/revisions\/595"}],"wp:featuredmedia":[{"embeddable":true,"href":"https:\/\/www.vciactivepack.com\/de\/wp-json\/wp\/v2\/media\/387"}],"wp:attachment":[{"href":"https:\/\/www.vciactivepack.com\/de\/wp-json\/wp\/v2\/media?parent=557"}],"curies":[{"name":"wp","href":"https:\/\/api.w.org\/{rel}","templated":true}]}}