{"id":563,"date":"2021-05-10T09:13:29","date_gmt":"2021-05-10T08:13:29","guid":{"rendered":"https:\/\/www.vciactivepack.com\/vapor-corrosion-inhibitor\/"},"modified":"2021-07-06T07:04:55","modified_gmt":"2021-07-06T06:04:55","slug":"dampf-korrosionshemmer","status":"publish","type":"page","link":"https:\/\/www.vciactivepack.com\/de\/dampf-korrosionshemmer\/","title":{"rendered":"Die Technologie von VCI Active Pack"},"content":{"rendered":"<section class=\"wpb-content-wrapper\"><p>[vc_row gap=&#8220;35&#8243; css_animation=&#8220;fadeInLeft&#8220; bg_type=&#8220;bg_color&#8220; bg_override=&#8220;full&#8220; bg_color_value=&#8220;#ffffff&#8220; el_id=&#8220;solutions&#8220;][vc_column][vc_column_text]<\/p>\n<h2>Die Technologie von VCI Active Pack<\/h2>\n<p>Seit mehr als 30 Jahren entwickelt, produzieren, testet und vermarktet <strong>VCI Active Pack<\/strong> VCI-Korrosionsschutzl\u00f6sungen und bietet damit ein schl\u00fcsselfertiges Projekt f\u00fcr Folien- und Beutelhersteller, die Korrosionsschutzverpackungen f\u00fcr die Metallverarbeitungsbranche anbieten.<\/p>\n<p>Unsere Vapor Corrosion Inhibitor (VCI)-Technologie basiert auf fl\u00fcchtigen Korrosionshemmern (auch als Dampfphasen-Korrosionshemmer bezeichnet) mit herausragenden Eigenschaften in der Dampfphase und beim Schutz vor Kontaktkorrosion.[\/vc_column_text][\/vc_column][\/vc_row][vc_row gap=&#8220;35&#8243; css_animation=&#8220;fadeInRight&#8220; bg_type=&#8220;bg_color&#8220; bg_override=&#8220;full&#8220; bg_color_value=&#8220;#f0f0f0&#8243; el_id=&#8220;benefits&#8220;][vc_column][vc_column_text]<\/p>\n<h2>Wie funktionieren Dampf-Korrosionshemmer?<\/h2>\n<p>Die Folie, der Beutel, das Papier oder der Karton werden bei der Herstellung mit dem Dampf-Korrosionshemmer (Vapor Corrosion Inhibitor &#8211; VCI) impr\u00e4gniert. Ein Teil des VCI wandert an die Oberfl\u00e4che der Folie, wenn das Metallteil in den Beutel gelegt wird. Beim Schlie\u00dfen des Beutels f\u00fcllt sich der Innenraum mit den VCI-D\u00e4mpfen und die VCI-Molek\u00fcle lagern sich an die Metalloberfl\u00e4che an, wodurch eine Passivschicht entsteht, die Oxidation verhindert.<\/p>\n<p>Im Verpackungsmaterial ist gen\u00fcgend VCI enthalten, um die Verpackung erneut zu s\u00e4ttigen, wenn sie perforiert wird oder der Beutel ge\u00f6ffnet wird. Sobald das Teil aus dem Beutel genommen wird, verdunstet diese Passivschicht und die Oberfl\u00e4che ist so trocken und sauber wie vor dem Verpacken.[\/vc_column_text][\/vc_column][\/vc_row][vc_row equal_height=&#8220;yes&#8220; css_animation=&#8220;fadeIn&#8220; bg_type=&#8220;bg_color&#8220; bg_override=&#8220;full&#8220; bg_color_value=&#8220;#ffffff&#8220; css=&#8220;.vc_custom_1621578830061{padding-top: 35px !important;}&#8220;][vc_column][vc_column_text]<\/p>\n<h2>Dampfhemmende Eigenschaft (VIA &#8211; Vapor Inhibiting Ability)<\/h2>\n<p>[\/vc_column_text][\/vc_column][\/vc_row][vc_row equal_height=&#8220;yes&#8220; css_animation=&#8220;fadeInUp&#8220; bg_type=&#8220;bg_color&#8220; bg_override=&#8220;full&#8220; bg_color_value=&#8220;#ffffff&#8220;][vc_column][vc_raw_html el_id=&#8220;table&#8220;]JTNDdGFibGUlMjBpZCUzRCUyMmV2YWx1YXRpb24lMjIlM0UlMEElM0N0ciUzRSUwQSUzQ3RoJTNFJTNDJTJGdGglM0UlMEElM0N0aCUzRSUzQ2gzJTNFU1RBSExQTEFUVEVOJTNDJTJGaDMlM0UlM0MlMkZ0aCUzRSUwQSUzQyUyRnRyJTNFJTBBJTIwJTIwJTNDdHIlM0UlMEElMjAlMjAlMjAlMjAlM0N0aCUzRSUzQ2gzJTNFQkVXRVJUVU5HJTNDJTJGaDMlM0UlM0MlMkZ0aCUzRSUwQSUyMCUyMCUyMCUyMCUzQ3RkJTNFS29udHJvbGxwbGF0dGUlMjBvaG5lJTIwVkNJJTNDJTJGdGQlM0UlMEElMjAlMjAlMjAlMjAlMjAlMjAlMjAlMjAlM0N0ZCUzRVBsYXR0ZW4lMjBtaXQlMjBTY2h1dHpmb2xpZSUyMGF1cyUyMFZDSSUyMEFjdGl2ZSUyMFBhY2slM0MlMkZ0ZCUzRSUwQSUwQSUyMCUyMCUzQyUyRnRyJTNFJTBBJTIwJTIwJTNDdHIlM0UlMEElMjAlMjAlMjAlMjAlM0N0aCUzRSUzQ2gzJTIwc3R5bGUlM0QlMjJtYXgtd2lkdGglM0ElMjAyMDBweCUzQmZvbnQtc2l6ZSUzQSUyMDIwcHglM0IlMjIlM0VLT1JST1NJT05TRVJHRUJOSVNTRSUzQyUyRmgzJTNFJTIwJTNDJTJGdGglM0UlMEElMjAlMjAlMjAlMjAlM0N0aCUzRSUzQ2ltZyUyMHNyYyUzRCUyMiUyRndwLWNvbnRlbnQlMkZ1cGxvYWRzJTJGMjAyMSUyRjA1JTJGaW1nXzEuanBnJTIyJTNFJTNDJTJGdGglM0UlMEElMjAlMjAlMjAlMjAlM0N0ZCUzRSUzQ2ltZyUyMHNyYyUzRCUyMiUyRndwLWNvbnRlbnQlMkZ1cGxvYWRzJTJGMjAyMSUyRjA1JTJGaW1nXzIuanBnJTIyJTNFJTIwJTNDaW1nJTIwc3JjJTNEJTIyJTJGd3AtY29udGVudCUyRnVwbG9hZHMlMkYyMDIxJTJGMDUlMkZpbWdfMy5qcGclMjIlM0UlMjAlM0NpbWclMjBzcmMlM0QlMjIlMkZ3cC1jb250ZW50JTJGdXBsb2FkcyUyRjIwMjElMkYwNSUyRmltZ180LmpwZyUyMiUzRSUyMCUzQyUyRnRkJTNFJTBBJTIwJTIwJTNDJTJGdHIlM0UlMEElM0MlMkZ0YWJsZSUzRSUwQQ==[\/vc_raw_html][\/vc_column][\/vc_row][vc_row full_width=&#8220;stretch_row_content_no_spaces&#8220; css_animation=&#8220;fadeInUp&#8220;][vc_column css=&#8220;.vc_custom_1621494015544{padding-top: 0px !important;}&#8220;][vc_column_text css=&#8220;.vc_custom_1621494011418{margin-bottom: 0px !important;}&#8220;]<img decoding=\"async\" style=\"width: 100%; display: block;\" src=\"\/wp-content\/uploads\/2021\/05\/separador_1_vci_active_pack_technology.jpg\" \/>[\/vc_column_text][\/vc_column][\/vc_row][vc_row gap=&#8220;15&#8243; equal_height=&#8220;yes&#8220; css_animation=&#8220;fadeInUp&#8220; bg_type=&#8220;bg_color&#8220; bg_override=&#8220;full&#8220; bg_color_value=&#8220;#f0f0f0&#8243; css=&#8220;.vc_custom_1621581421827{padding-top: 35px !important;padding-bottom: 35px !important;}&#8220;][vc_column][vc_column_text]<\/p>\n<h2>VCI ACTIVE PACK FORMEL<\/h2>\n<h3>Die beste Technologie<\/h3>\n<p>[\/vc_column_text][\/vc_column][vc_column width=&#8220;1\/3&#8243; el_class=&#8220;products&#8220;][vc_column_text]<img decoding=\"async\" style=\"width: auto; height: 85px;\" src=\"\/wp-content\/uploads\/2021\/05\/beneficios_1.svg\" \/><\/p>\n<h4>Unbedenkliche Produkte<\/h4>\n<p>Unsere VCI-Produkte der neuen Generation stellen die Gesundheit und Sicherheit der Anwender in den Mittelpunkt! Unsere Produkte sind nitritfrei, um die Sicherheit von Mensch und Umwelt zu gew\u00e4hrleisten. Dar\u00fcber zeichnet sich das Produkt durch einen angenehm dezenten Geruch aus.[\/vc_column_text][\/vc_column][vc_column width=&#8220;1\/3&#8243; el_class=&#8220;products&#8220;][vc_column_text]<img decoding=\"async\" style=\"width: auto; height: 85px;\" src=\"\/wp-content\/uploads\/2021\/05\/beneficios_2.svg\" \/><\/p>\n<h4>Umweltschonend<\/h4>\n<p>Alle unsere Produkte werden aus nat\u00fcrlichen Inhaltsstoffen hergestellt, die nach der <a href=\"https:\/\/eur-lex.europa.eu\/eli\/reg\/2011\/10\/oj?locale=de#\" target=\"_blank\" rel=\"noopener\"><u>Verordnung (EU) Nr. 10\/2011 der Kommission \u00fcber Materialien und Gegenst\u00e4nde aus Kunststoff, die dazu bestimmt sind, mit Lebensmitteln in Ber\u00fchrung zu kommen, eingestuft sind<\/u><\/a>. Unsere Produkte sind zudem in der <a href=\"https:\/\/www.fda.gov\/food\/food-additives-petitions\/food-additive-status-list\" target=\"_blank\" rel=\"noopener\"><u>FDA CFR 21 (Liste der Lebensmittelzusatzstoffe)<\/u><\/a> aufgef\u00fchrt und entsprechen auch dem <a href=\"https:\/\/www.vciactivepack.com\/wp-content\/uploads\/2021\/05\/UB400-042-17-VCI-active-pack-Europe.pdf\" target=\"_blank\" rel=\"noopener\"><u>deutschen Gesundheits- und Sicherheitsprotokoll TRGS 615<\/u><\/a>. Diese nat\u00fcrlichen Inhaltsstoffe werden h\u00e4ufig in K\u00f6rperpflegeprodukten verwendet.[\/vc_column_text][\/vc_column][vc_column width=&#8220;1\/3&#8243; el_class=&#8220;products&#8220;][vc_column_text]<img decoding=\"async\" style=\"width: auto; height: 85px;\" src=\"\/wp-content\/uploads\/2021\/05\/beneficios_3.svg\" \/><\/p>\n<h4>Multi-Metall-Schutz<\/h4>\n<p>Die <strong>VCI Active Pack<\/strong> Vapor-Corrosion-Inhibitor-Technologie bietet einen Multi-Metall-Schutz. Diese Technologie sch\u00fctzt die verschiedensten Metalle, wie Eisen, Stahl und deren Legierungen, galvanisierten Stahl, Kupfer und dessen Legierungen, Aluminium und Magnesium. Unsere Korrosionsschutzl\u00f6sungen bieten auch bei geringer Konzentration hervorragende Leistung.[\/vc_column_text][\/vc_column][vc_column width=&#8220;1\/3&#8243; el_class=&#8220;products&#8220;][vc_column_text]<img decoding=\"async\" style=\"width: auto; height: 85px;\" src=\"\/wp-content\/uploads\/2021\/05\/beneficios_4.svg\" \/><\/p>\n<h4>Langfristiger Korrosionsschutz in geschlossenen R\u00e4umen<\/h4>\n<p>Unsere VCI-Technologie bietet einen ausgezeichneten Korrosionsschutz in geschlossener Umgebung \u00fcber einen langen Zeitraum und damit verbunden ein herausragendes Preis-Leistungsverh\u00e4ltnis. Unsere Vapor-Corrosion-Inhibitor-Technologie wurde von den f\u00fchrenden Automobilherstellern und OEM \u00fcbernommen, da sie auch die strengsten Leistungsstandards erf\u00fcllt.[\/vc_column_text][\/vc_column][vc_column width=&#8220;1\/3&#8243; el_class=&#8220;products&#8220;][vc_column_text]<img decoding=\"async\" style=\"width: auto; height: 85px;\" src=\"\/wp-content\/uploads\/2021\/05\/beneficios_5.svg\" \/><\/p>\n<h4>Keine oder minimale Investition<\/h4>\n<p>Wir bieten Ihnen ein praktisches schl\u00fcsselfertiges Projekt an, das keine oder nur minimalen Investitionen erfordert, da unsere Methode f\u00fcr minimale Produktionskosten und geringen Aufwand steht.[\/vc_column_text][\/vc_column][vc_column width=&#8220;1\/3&#8243; el_class=&#8220;products&#8220;][vc_column_text]<img decoding=\"async\" style=\"width: auto; height: 85px;\" src=\"\/wp-content\/uploads\/2021\/05\/beneficios_6.svg\" \/><\/p>\n<h4>Benutzerfreundlich<\/h4>\n<p>Die Zugabe unseres Masterbatches oder die Verwendung unserer Fl\u00fcssigkeiten auf Wasserbasis ist im Vergleich zu anderen Methoden weitaus einfacher.[\/vc_column_text][\/vc_column][\/vc_row][vc_row bg_type=&#8220;image&#8220; parallax_style=&#8220;vcpb-default&#8220; bg_image_new=&#8220;id^225|url^https:\/\/www.vciactivepack.com\/wp-content\/uploads\/2021\/05\/cta_1_vci_active_pack_technology.jpg|caption^null|alt^null|title^cta_1_vci_active_pack_technology|description^null&#8220; bg_image_repeat=&#8220;no-repeat&#8220; bg_override=&#8220;full&#8220; css=&#8220;.vc_custom_1621494042326{padding-top: 65px !important;padding-bottom: 65px !important;}&#8220;][vc_column][vc_column_text]<\/p>\n<h2>PRODUKTE<\/h2>\n<h3>Lernen Sie unsere Korrosionsschutzl\u00f6sungen kennen<\/h3>\n<p>[\/vc_column_text][vc_column_text]<a class=\"links\" href=\"https:\/\/www.vciactivepack.com\/vci-products-corrosion-management\/\">Produkte<\/a>[\/vc_column_text][\/vc_column][\/vc_row]<\/p>\n<\/section>","protected":false},"excerpt":{"rendered":"<p>[vc_row gap=&#8220;35&#8243; css_animation=&#8220;fadeInLeft&#8220; bg_type=&#8220;bg_color&#8220; bg_override=&#8220;full&#8220; bg_color_value=&#8220;#ffffff&#8220; el_id=&#8220;solutions&#8220;][vc_column][vc_column_text] Die Technologie von VCI Active Pack Seit mehr als 30 Jahren entwickelt, produzieren, testet und vermarktet VCI Active Pack VCI-Korrosionsschutzl\u00f6sungen und bietet damit ein schl\u00fcsselfertiges Projekt f\u00fcr Folien- und Beutelhersteller, die Korrosionsschutzverpackungen f\u00fcr die Metallverarbeitungsbranche anbieten. Unsere Vapor Corrosion Inhibitor (VCI)-Technologie basiert auf fl\u00fcchtigen Korrosionshemmern (auch als Dampfphasen-Korrosionshemmer&hellip;<\/p>\n","protected":false},"author":1,"featured_media":379,"parent":0,"menu_order":0,"comment_status":"closed","ping_status":"closed","template":"","meta":{"footnotes":""},"class_list":["post-563","page","type-page","status-publish","has-post-thumbnail","hentry","description-off"],"yoast_head":"<!-- This site is optimized with the Yoast SEO plugin v21.3 - https:\/\/yoast.com\/wordpress\/plugins\/seo\/ -->\n<title>Vapor-Corrosion-Inhibitor-Technologie | VCI Active Pack<\/title>\n<meta name=\"description\" content=\"Unsere Vapor Corrosion Inhibitor (VCI)-Technologie ist unbedenklich, umweltschonend, bietet langfristigen Multi-Metall-Schutz, erfordert keine oder nur minimale Investitionen und ist einfach in der Anwendung.\" \/>\n<meta name=\"robots\" content=\"index, follow, max-snippet:-1, max-image-preview:large, max-video-preview:-1\" \/>\n<link rel=\"canonical\" href=\"https:\/\/www.vciactivepack.com\/de\/dampf-korrosionshemmer\/\" \/>\n<meta property=\"og:locale\" content=\"de_DE\" \/>\n<meta property=\"og:type\" content=\"article\" \/>\n<meta property=\"og:title\" content=\"Vapor-Corrosion-Inhibitor-Technologie | VCI Active Pack\" \/>\n<meta property=\"og:description\" content=\"Unsere Vapor Corrosion Inhibitor (VCI)-Technologie ist unbedenklich, umweltschonend, bietet langfristigen Multi-Metall-Schutz, erfordert keine oder nur minimale Investitionen und ist einfach in der Anwendung.\" \/>\n<meta property=\"og:url\" content=\"https:\/\/www.vciactivepack.com\/de\/dampf-korrosionshemmer\/\" \/>\n<meta property=\"og:site_name\" content=\"VCI Active Pack\" \/>\n<meta property=\"article:modified_time\" content=\"2021-07-06T06:04:55+00:00\" \/>\n<meta property=\"og:image\" content=\"https:\/\/www.vciactivepack.com\/wp-content\/uploads\/2021\/06\/vci_active_pack_3.jpg\" \/>\n\t<meta property=\"og:image:width\" content=\"600\" \/>\n\t<meta property=\"og:image:height\" content=\"315\" \/>\n\t<meta property=\"og:image:type\" content=\"image\/jpeg\" \/>\n<meta name=\"twitter:card\" content=\"summary_large_image\" \/>\n<meta name=\"twitter:label1\" content=\"Gesch\u00e4tzte Lesezeit\" \/>\n\t<meta name=\"twitter:data1\" content=\"4\u00a0Minuten\" \/>\n<script type=\"application\/ld+json\" class=\"yoast-schema-graph\">{\"@context\":\"https:\/\/schema.org\",\"@graph\":[{\"@type\":\"WebPage\",\"@id\":\"https:\/\/www.vciactivepack.com\/de\/dampf-korrosionshemmer\/\",\"url\":\"https:\/\/www.vciactivepack.com\/de\/dampf-korrosionshemmer\/\",\"name\":\"Vapor-Corrosion-Inhibitor-Technologie | VCI Active Pack\",\"isPartOf\":{\"@id\":\"https:\/\/www.vciactivepack.com\/#website\"},\"datePublished\":\"2021-05-10T08:13:29+00:00\",\"dateModified\":\"2021-07-06T06:04:55+00:00\",\"description\":\"Unsere Vapor Corrosion Inhibitor (VCI)-Technologie ist unbedenklich, umweltschonend, bietet langfristigen Multi-Metall-Schutz, erfordert keine oder nur minimale Investitionen und ist einfach in der Anwendung.\",\"breadcrumb\":{\"@id\":\"https:\/\/www.vciactivepack.com\/de\/dampf-korrosionshemmer\/#breadcrumb\"},\"inLanguage\":\"de\",\"potentialAction\":[{\"@type\":\"ReadAction\",\"target\":[\"https:\/\/www.vciactivepack.com\/de\/dampf-korrosionshemmer\/\"]}]},{\"@type\":\"BreadcrumbList\",\"@id\":\"https:\/\/www.vciactivepack.com\/de\/dampf-korrosionshemmer\/#breadcrumb\",\"itemListElement\":[{\"@type\":\"ListItem\",\"position\":1,\"name\":\"Home\",\"item\":\"https:\/\/www.vciactivepack.com\/de\/\"},{\"@type\":\"ListItem\",\"position\":2,\"name\":\"Die Technologie von VCI Active Pack\"}]},{\"@type\":\"WebSite\",\"@id\":\"https:\/\/www.vciactivepack.com\/#website\",\"url\":\"https:\/\/www.vciactivepack.com\/\",\"name\":\"VCI Active Pack\",\"description\":\"Leading corrosion protection solutions\",\"potentialAction\":[{\"@type\":\"SearchAction\",\"target\":{\"@type\":\"EntryPoint\",\"urlTemplate\":\"https:\/\/www.vciactivepack.com\/?s={search_term_string}\"},\"query-input\":\"required name=search_term_string\"}],\"inLanguage\":\"de\"}]}<\/script>\n<!-- \/ Yoast SEO plugin. -->","yoast_head_json":{"title":"Vapor-Corrosion-Inhibitor-Technologie | VCI Active Pack","description":"Unsere Vapor Corrosion Inhibitor (VCI)-Technologie ist unbedenklich, umweltschonend, bietet langfristigen Multi-Metall-Schutz, erfordert keine oder nur minimale Investitionen und ist einfach in der Anwendung.","robots":{"index":"index","follow":"follow","max-snippet":"max-snippet:-1","max-image-preview":"max-image-preview:large","max-video-preview":"max-video-preview:-1"},"canonical":"https:\/\/www.vciactivepack.com\/de\/dampf-korrosionshemmer\/","og_locale":"de_DE","og_type":"article","og_title":"Vapor-Corrosion-Inhibitor-Technologie | VCI Active Pack","og_description":"Unsere Vapor Corrosion Inhibitor (VCI)-Technologie ist unbedenklich, umweltschonend, bietet langfristigen Multi-Metall-Schutz, erfordert keine oder nur minimale Investitionen und ist einfach in der Anwendung.","og_url":"https:\/\/www.vciactivepack.com\/de\/dampf-korrosionshemmer\/","og_site_name":"VCI Active Pack","article_modified_time":"2021-07-06T06:04:55+00:00","og_image":[{"width":600,"height":315,"url":"https:\/\/www.vciactivepack.com\/wp-content\/uploads\/2021\/06\/vci_active_pack_3.jpg","type":"image\/jpeg"}],"twitter_card":"summary_large_image","twitter_misc":{"Gesch\u00e4tzte Lesezeit":"4\u00a0Minuten"},"schema":{"@context":"https:\/\/schema.org","@graph":[{"@type":"WebPage","@id":"https:\/\/www.vciactivepack.com\/de\/dampf-korrosionshemmer\/","url":"https:\/\/www.vciactivepack.com\/de\/dampf-korrosionshemmer\/","name":"Vapor-Corrosion-Inhibitor-Technologie | VCI Active Pack","isPartOf":{"@id":"https:\/\/www.vciactivepack.com\/#website"},"datePublished":"2021-05-10T08:13:29+00:00","dateModified":"2021-07-06T06:04:55+00:00","description":"Unsere Vapor Corrosion Inhibitor (VCI)-Technologie ist unbedenklich, umweltschonend, bietet langfristigen Multi-Metall-Schutz, erfordert keine oder nur minimale Investitionen und ist einfach in der Anwendung.","breadcrumb":{"@id":"https:\/\/www.vciactivepack.com\/de\/dampf-korrosionshemmer\/#breadcrumb"},"inLanguage":"de","potentialAction":[{"@type":"ReadAction","target":["https:\/\/www.vciactivepack.com\/de\/dampf-korrosionshemmer\/"]}]},{"@type":"BreadcrumbList","@id":"https:\/\/www.vciactivepack.com\/de\/dampf-korrosionshemmer\/#breadcrumb","itemListElement":[{"@type":"ListItem","position":1,"name":"Home","item":"https:\/\/www.vciactivepack.com\/de\/"},{"@type":"ListItem","position":2,"name":"Die Technologie von VCI Active Pack"}]},{"@type":"WebSite","@id":"https:\/\/www.vciactivepack.com\/#website","url":"https:\/\/www.vciactivepack.com\/","name":"VCI Active Pack","description":"Leading corrosion protection solutions","potentialAction":[{"@type":"SearchAction","target":{"@type":"EntryPoint","urlTemplate":"https:\/\/www.vciactivepack.com\/?s={search_term_string}"},"query-input":"required name=search_term_string"}],"inLanguage":"de"}]}},"_links":{"self":[{"href":"https:\/\/www.vciactivepack.com\/de\/wp-json\/wp\/v2\/pages\/563","targetHints":{"allow":["GET"]}}],"collection":[{"href":"https:\/\/www.vciactivepack.com\/de\/wp-json\/wp\/v2\/pages"}],"about":[{"href":"https:\/\/www.vciactivepack.com\/de\/wp-json\/wp\/v2\/types\/page"}],"author":[{"embeddable":true,"href":"https:\/\/www.vciactivepack.com\/de\/wp-json\/wp\/v2\/users\/1"}],"replies":[{"embeddable":true,"href":"https:\/\/www.vciactivepack.com\/de\/wp-json\/wp\/v2\/comments?post=563"}],"version-history":[{"count":4,"href":"https:\/\/www.vciactivepack.com\/de\/wp-json\/wp\/v2\/pages\/563\/revisions"}],"predecessor-version":[{"id":619,"href":"https:\/\/www.vciactivepack.com\/de\/wp-json\/wp\/v2\/pages\/563\/revisions\/619"}],"wp:featuredmedia":[{"embeddable":true,"href":"https:\/\/www.vciactivepack.com\/de\/wp-json\/wp\/v2\/media\/379"}],"wp:attachment":[{"href":"https:\/\/www.vciactivepack.com\/de\/wp-json\/wp\/v2\/media?parent=563"}],"curies":[{"name":"wp","href":"https:\/\/api.w.org\/{rel}","templated":true}]}}