{"id":568,"date":"2021-05-10T09:13:39","date_gmt":"2021-05-10T08:13:39","guid":{"rendered":"https:\/\/www.vciactivepack.com\/vci-products-corrosion-management\/"},"modified":"2021-07-05T09:25:41","modified_gmt":"2021-07-05T08:25:41","slug":"vci-produkte-korrosionsmanagement","status":"publish","type":"page","link":"https:\/\/www.vciactivepack.com\/de\/vci-produkte-korrosionsmanagement\/","title":{"rendered":"VCI-Produkte"},"content":{"rendered":"<section class=\"wpb-content-wrapper\"><p>[vc_row css_animation=&#8220;fadeInLeft&#8220; bg_type=&#8220;bg_color&#8220; bg_override=&#8220;full&#8220; bg_color_value=&#8220;#ffffff&#8220; css=&#8220;.vc_custom_1621579230905{padding-top: 35px !important;}&#8220;][vc_column][vc_column_text css=&#8220;.vc_custom_1625473474303{margin-bottom: 0px !important;}&#8220;]<\/p>\n<h2>Anbieter von Qualit\u00e4tsl\u00f6sungen<\/h2>\n<p><strong>VCI Active Pack<\/strong> bietet ein schl\u00fcsselfertiges Projekt f\u00fcr Folien- und Beutelhersteller, die Korrosionsschutzverpackungen f\u00fcr die Metallverarbeitungsbranche anbieten. <strong>Mit uns sind Ihnen optimale Ergebnisse sicher.<\/strong>[\/vc_column_text][\/vc_column][\/vc_row][vc_row gap=&#8220;15&#8243; equal_height=&#8220;yes&#8220; css_animation=&#8220;fadeInUp&#8220; bg_type=&#8220;bg_color&#8220; bg_override=&#8220;full&#8220; bg_color_value=&#8220;#ffffff&#8220; css=&#8220;.vc_custom_1625473539403{padding-bottom: 40px !important;}&#8220;][vc_column][vc_column_text]<\/p>\n<h2><strong>L\u00d6SUNGEN<\/strong><\/h2>\n<h3>VCI-Produkte f\u00fcr das Korrosionsmanagement<\/h3>\n<p>[\/vc_column_text][\/vc_column][vc_column width=&#8220;1\/4&#8243; css=&#8220;.vc_custom_1620715433151{background-color: #4cbc92 !important;}&#8220; el_class=&#8220;products&#8220;][vc_column_text]<\/p>\n<h4>VCI 9004 Multi-Metall LDPE\/LLDPE Masterbatch<\/h4>\n<p>&nbsp;<\/p>\n<p>VCI-Additive f\u00fcr Folien, Beutel und Kunststoffe.[\/vc_column_text][vc_column_text]<a class=\"whitelinks\" href=\"https:\/\/www.vciactivepack.com\/vci-9004-multi-metal-ldpe-lldpe-masterbatch\/\">Mehr erfahren<\/a>[\/vc_column_text][\/vc_column][vc_column width=&#8220;1\/4&#8243; css=&#8220;.vc_custom_1620715436215{background-color: #4cbc92 !important;}&#8220; el_class=&#8220;products&#8220;][vc_column_text]<\/p>\n<h4>VCI 8003 Multi-Metall Polyolefin-Folienadditiv<\/h4>\n<p>&nbsp;<\/p>\n<p>VCI-Additive f\u00fcr Folien, Beutel und Kunststoffe.[\/vc_column_text][vc_column_text]<a class=\"whitelinks\" href=\"https:\/\/www.vciactivepack.com\/vci-8003-multi-metal-polyolefin-film-additive\/\">Mehr erfahren<\/a>[\/vc_column_text][\/vc_column][vc_column width=&#8220;1\/4&#8243; css=&#8220;.vc_custom_1620715438706{background-color: #4cbc92 !important;}&#8220; el_class=&#8220;products&#8220;][vc_column_text]<\/p>\n<h4>VCI 5150 zum Impr\u00e4gnieren von Papier und Karton<\/h4>\n<p>&nbsp;<\/p>\n<p>VCI-Fl\u00fcssigkeit zum Impr\u00e4gnieren von Papier und Karton.[\/vc_column_text][vc_column_text]<a class=\"whitelinks\" href=\"https:\/\/www.vciactivepack.com\/vci-5150-liquid-paper-cardboard-impregnation\/\">Mehr erfahren<\/a>[\/vc_column_text][\/vc_column][vc_column width=&#8220;1\/4&#8243; css=&#8220;.vc_custom_1620715442617{background-color: #4cbc92 !important;}&#8220; el_class=&#8220;products&#8220;][vc_column_text]<\/p>\n<h4>Netnocor 2120 fl\u00fcssiger Korrosionsschutz auf Wasserbasis<\/h4>\n<p>&nbsp;<\/p>\n<p>Fl\u00fcssigkeit auf Wasserbasis f\u00fcr den tempor\u00e4ren Korrosionsschutz.[\/vc_column_text][vc_column_text]<a class=\"whitelinks\" href=\"https:\/\/www.vciactivepack.com\/water-based-liquid-corrosion-protection\/\">Mehr erfahren<\/a>[\/vc_column_text][\/vc_column][vc_column width=&#8220;1\/4&#8243; css=&#8220;.vc_custom_1620715445276{background-color: #4cbc92 !important;}&#8220; el_class=&#8220;products&#8220;][vc_column_text]<\/p>\n<h4>Netnocor 5154 \u00f6lfreier tempor\u00e4rer Korrosionsschutz<\/h4>\n<p>&nbsp;<\/p>\n<p>Fl\u00fcssigkeit auf Wasserbasis f\u00fcr den tempor\u00e4ren Korrosionsschutz.[\/vc_column_text][vc_column_text]<a class=\"whitelinks\" href=\"https:\/\/www.vciactivepack.com\/oil-free-temporary-corrosion-protection\/\">Mehr erfahren<\/a>[\/vc_column_text][\/vc_column][vc_column width=&#8220;1\/4&#8243; css=&#8220;.vc_custom_1620715448096{background-color: #4cbc92 !important;}&#8220; el_class=&#8220;products&#8220;][vc_column_text]<\/p>\n<h4>Netnocor 5156 MR hydraulische Tests<\/h4>\n<p>&nbsp;<\/p>\n<p>Korrosionsl\u00f6sung f\u00fcr die hydraulische Tests.[\/vc_column_text][vc_column_text]<a class=\"whitelinks\" href=\"https:\/\/www.vciactivepack.com\/corrosion-solution-hydraulic-testing\/\">Mehr erfahren<\/a>[\/vc_column_text][\/vc_column][vc_column width=&#8220;1\/4&#8243; css=&#8220;.vc_custom_1620715451472{background-color: #4cbc92 !important;}&#8220; el_class=&#8220;products&#8220;][vc_column_text]<\/p>\n<h4>VCI-Verpackungsprodukte<\/h4>\n<p>&nbsp;<\/p>\n<p>Breites Angebot an modernsten VCI-Verpackungsprodukten.[\/vc_column_text][vc_column_text]<a class=\"whitelinks\" href=\"https:\/\/www.vciactivepack.com\/vci-packaging-products\/\">Mehr erfahren<\/a>[\/vc_column_text][\/vc_column][\/vc_row][vc_row css_animation=&#8220;fadeInUp&#8220; bg_type=&#8220;bg_color&#8220; bg_override=&#8220;full&#8220; bg_color_value=&#8220;#f0f0f0&#8243; el_id=&#8220;benefits&#8220;][vc_column][vc_column_text css=&#8220;.vc_custom_1625472152312{margin-bottom: 0px !important;}&#8220;]<\/p>\n<h2>VORTEILE<\/h2>\n<h3>Einfachheit und Effizienz<\/h3>\n<p>[\/vc_column_text][\/vc_column][vc_column width=&#8220;1\/6&#8243; offset=&#8220;vc_col-xs-6&#8243;][vc_column_text css=&#8220;.vc_custom_1625472162187{margin-bottom: 0px !important;}&#8220;]<img loading=\"lazy\" decoding=\"async\" class=\"alignnone wp-image-8\" role=\"img\" src=\"https:\/\/www.vciactivepack.com\/wp-content\/uploads\/2021\/05\/beneficios_1.svg\" alt=\"\" width=\"80\" height=\"91\" \/><\/p>\n<h4>Unbedenkliche<br \/>\nProdukte<\/h4>\n<p>[\/vc_column_text][\/vc_column][vc_column width=&#8220;1\/6&#8243; offset=&#8220;vc_col-xs-6&#8243;][vc_column_text css=&#8220;.vc_custom_1625472173483{margin-bottom: 0px !important;}&#8220;]<img loading=\"lazy\" decoding=\"async\" class=\"alignnone wp-image-8\" role=\"img\" src=\"https:\/\/www.vciactivepack.com\/wp-content\/uploads\/2021\/05\/beneficios_2.svg\" alt=\"\" width=\"80\" height=\"91\" \/><\/p>\n<h4>Umweltschonend<\/h4>\n<p>[\/vc_column_text][\/vc_column][vc_column width=&#8220;1\/6&#8243; offset=&#8220;vc_col-xs-6&#8243;][vc_column_text css=&#8220;.vc_custom_1625472185990{margin-bottom: 0px !important;}&#8220;]<img loading=\"lazy\" decoding=\"async\" class=\"alignnone wp-image-8\" role=\"img\" src=\"https:\/\/www.vciactivepack.com\/wp-content\/uploads\/2021\/05\/beneficios_3.svg\" alt=\"\" width=\"80\" height=\"91\" \/><\/p>\n<h4>Multi-Metall-Schutz<\/h4>\n<p>[\/vc_column_text][\/vc_column][vc_column width=&#8220;1\/6&#8243; offset=&#8220;vc_col-xs-6&#8243;][vc_column_text css=&#8220;.vc_custom_1625472200052{margin-bottom: 0px !important;}&#8220;]<img loading=\"lazy\" decoding=\"async\" class=\"alignnone wp-image-8\" role=\"img\" src=\"https:\/\/www.vciactivepack.com\/wp-content\/uploads\/2021\/05\/beneficios_4.svg\" alt=\"\" width=\"80\" height=\"91\" \/><\/p>\n<h4>Langfristiger<br \/>\nKorrosionsschutz in<br \/>\ngeschlossenen<br \/>\nR\u00e4umen<\/h4>\n<p>[\/vc_column_text][\/vc_column][vc_column width=&#8220;1\/6&#8243; offset=&#8220;vc_col-xs-6&#8243;][vc_column_text]<img loading=\"lazy\" decoding=\"async\" class=\"alignnone wp-image-8\" role=\"img\" src=\"https:\/\/www.vciactivepack.com\/wp-content\/uploads\/2021\/05\/beneficios_5.svg\" alt=\"\" width=\"80\" height=\"91\" \/><\/p>\n<h4>Keine oder minimale<br \/>\nInvestition<\/h4>\n<p>[\/vc_column_text][\/vc_column][vc_column width=&#8220;1\/6&#8243; offset=&#8220;vc_col-xs-6&#8243;][vc_column_text]<img loading=\"lazy\" decoding=\"async\" class=\"alignnone wp-image-8\" role=\"img\" src=\"https:\/\/www.vciactivepack.com\/wp-content\/uploads\/2021\/05\/beneficios_6.svg\" alt=\"\" width=\"80\" height=\"91\" \/><\/p>\n<h4>Benutzerfreundlich<\/h4>\n<p>[\/vc_column_text][\/vc_column][\/vc_row][vc_row css_animation=&#8220;fadeIn&#8220; bg_type=&#8220;bg_color&#8220; bg_override=&#8220;full&#8220; bg_color_value=&#8220;#f0f0f0&#8243;][vc_column][vc_column_text]<a class=\"links\" href=\"https:\/\/www.vciactivepack.com\/vapor-corrosion-inhibitor\/\">Die beste Formel<\/a>[\/vc_column_text][\/vc_column][\/vc_row]<\/p>\n<\/section>","protected":false},"excerpt":{"rendered":"<p>[vc_row css_animation=&#8220;fadeInLeft&#8220; bg_type=&#8220;bg_color&#8220; bg_override=&#8220;full&#8220; bg_color_value=&#8220;#ffffff&#8220; css=&#8220;.vc_custom_1621579230905{padding-top: 35px !important;}&#8220;][vc_column][vc_column_text css=&#8220;.vc_custom_1625473474303{margin-bottom: 0px !important;}&#8220;] Anbieter von Qualit\u00e4tsl\u00f6sungen VCI Active Pack bietet ein schl\u00fcsselfertiges Projekt f\u00fcr Folien- und Beutelhersteller, die Korrosionsschutzverpackungen f\u00fcr die Metallverarbeitungsbranche anbieten. Mit uns sind Ihnen optimale Ergebnisse sicher.[\/vc_column_text][\/vc_column][\/vc_row][vc_row gap=&#8220;15&#8243; equal_height=&#8220;yes&#8220; css_animation=&#8220;fadeInUp&#8220; bg_type=&#8220;bg_color&#8220; bg_override=&#8220;full&#8220; bg_color_value=&#8220;#ffffff&#8220; css=&#8220;.vc_custom_1625473539403{padding-bottom: 40px !important;}&#8220;][vc_column][vc_column_text] L\u00d6SUNGEN VCI-Produkte f\u00fcr das Korrosionsmanagement [\/vc_column_text][\/vc_column][vc_column width=&#8220;1\/4&#8243; css=&#8220;.vc_custom_1620715433151{background-color:&hellip;<\/p>\n","protected":false},"author":1,"featured_media":371,"parent":0,"menu_order":0,"comment_status":"closed","ping_status":"closed","template":"","meta":{"footnotes":""},"class_list":["post-568","page","type-page","status-publish","has-post-thumbnail","hentry","description-off"],"yoast_head":"<!-- This site is optimized with the Yoast SEO plugin v21.3 - https:\/\/yoast.com\/wordpress\/plugins\/seo\/ -->\n<title>VCI-Produkte f\u00fcr das Korrosionsmanagement | VCI Active Pack<\/title>\n<meta name=\"description\" content=\"VCI-Produkte f\u00fcr Folien- und Beutelhersteller, die Korrosionsschutzverpackungen f\u00fcr die Metallverarbeitungsbranche anbieten. Die beste Formel f\u00fcr hochwertige Korrosionsschutzl\u00f6sungen!\" \/>\n<meta name=\"robots\" content=\"index, follow, max-snippet:-1, max-image-preview:large, max-video-preview:-1\" \/>\n<link rel=\"canonical\" href=\"https:\/\/www.vciactivepack.com\/de\/vci-produkte-korrosionsmanagement\/\" \/>\n<meta property=\"og:locale\" content=\"de_DE\" \/>\n<meta property=\"og:type\" content=\"article\" \/>\n<meta property=\"og:title\" content=\"VCI-Produkte f\u00fcr das Korrosionsmanagement | VCI Active Pack\" \/>\n<meta property=\"og:description\" content=\"VCI-Produkte f\u00fcr Folien- und Beutelhersteller, die Korrosionsschutzverpackungen f\u00fcr die Metallverarbeitungsbranche anbieten. Die beste Formel f\u00fcr hochwertige Korrosionsschutzl\u00f6sungen!\" \/>\n<meta property=\"og:url\" content=\"https:\/\/www.vciactivepack.com\/de\/vci-produkte-korrosionsmanagement\/\" \/>\n<meta property=\"og:site_name\" content=\"VCI Active Pack\" \/>\n<meta property=\"article:modified_time\" content=\"2021-07-05T08:25:41+00:00\" \/>\n<meta property=\"og:image\" content=\"https:\/\/www.vciactivepack.com\/wp-content\/uploads\/2021\/06\/vci_active_pack_1.jpg\" \/>\n\t<meta property=\"og:image:width\" content=\"600\" \/>\n\t<meta property=\"og:image:height\" content=\"315\" \/>\n\t<meta property=\"og:image:type\" content=\"image\/jpeg\" \/>\n<meta name=\"twitter:card\" content=\"summary_large_image\" \/>\n<meta name=\"twitter:label1\" content=\"Gesch\u00e4tzte Lesezeit\" \/>\n\t<meta name=\"twitter:data1\" content=\"3\u00a0Minuten\" \/>\n<script type=\"application\/ld+json\" class=\"yoast-schema-graph\">{\"@context\":\"https:\/\/schema.org\",\"@graph\":[{\"@type\":\"WebPage\",\"@id\":\"https:\/\/www.vciactivepack.com\/de\/vci-produkte-korrosionsmanagement\/\",\"url\":\"https:\/\/www.vciactivepack.com\/de\/vci-produkte-korrosionsmanagement\/\",\"name\":\"VCI-Produkte f\u00fcr das Korrosionsmanagement | VCI Active Pack\",\"isPartOf\":{\"@id\":\"https:\/\/www.vciactivepack.com\/#website\"},\"datePublished\":\"2021-05-10T08:13:39+00:00\",\"dateModified\":\"2021-07-05T08:25:41+00:00\",\"description\":\"VCI-Produkte f\u00fcr Folien- und Beutelhersteller, die Korrosionsschutzverpackungen f\u00fcr die Metallverarbeitungsbranche anbieten. Die beste Formel f\u00fcr hochwertige Korrosionsschutzl\u00f6sungen!\",\"breadcrumb\":{\"@id\":\"https:\/\/www.vciactivepack.com\/de\/vci-produkte-korrosionsmanagement\/#breadcrumb\"},\"inLanguage\":\"de\",\"potentialAction\":[{\"@type\":\"ReadAction\",\"target\":[\"https:\/\/www.vciactivepack.com\/de\/vci-produkte-korrosionsmanagement\/\"]}]},{\"@type\":\"BreadcrumbList\",\"@id\":\"https:\/\/www.vciactivepack.com\/de\/vci-produkte-korrosionsmanagement\/#breadcrumb\",\"itemListElement\":[{\"@type\":\"ListItem\",\"position\":1,\"name\":\"Home\",\"item\":\"https:\/\/www.vciactivepack.com\/de\/\"},{\"@type\":\"ListItem\",\"position\":2,\"name\":\"VCI-Produkte\"}]},{\"@type\":\"WebSite\",\"@id\":\"https:\/\/www.vciactivepack.com\/#website\",\"url\":\"https:\/\/www.vciactivepack.com\/\",\"name\":\"VCI Active Pack\",\"description\":\"Leading corrosion protection solutions\",\"potentialAction\":[{\"@type\":\"SearchAction\",\"target\":{\"@type\":\"EntryPoint\",\"urlTemplate\":\"https:\/\/www.vciactivepack.com\/?s={search_term_string}\"},\"query-input\":\"required name=search_term_string\"}],\"inLanguage\":\"de\"}]}<\/script>\n<!-- \/ Yoast SEO plugin. -->","yoast_head_json":{"title":"VCI-Produkte f\u00fcr das Korrosionsmanagement | VCI Active Pack","description":"VCI-Produkte f\u00fcr Folien- und Beutelhersteller, die Korrosionsschutzverpackungen f\u00fcr die Metallverarbeitungsbranche anbieten. Die beste Formel f\u00fcr hochwertige Korrosionsschutzl\u00f6sungen!","robots":{"index":"index","follow":"follow","max-snippet":"max-snippet:-1","max-image-preview":"max-image-preview:large","max-video-preview":"max-video-preview:-1"},"canonical":"https:\/\/www.vciactivepack.com\/de\/vci-produkte-korrosionsmanagement\/","og_locale":"de_DE","og_type":"article","og_title":"VCI-Produkte f\u00fcr das Korrosionsmanagement | VCI Active Pack","og_description":"VCI-Produkte f\u00fcr Folien- und Beutelhersteller, die Korrosionsschutzverpackungen f\u00fcr die Metallverarbeitungsbranche anbieten. Die beste Formel f\u00fcr hochwertige Korrosionsschutzl\u00f6sungen!","og_url":"https:\/\/www.vciactivepack.com\/de\/vci-produkte-korrosionsmanagement\/","og_site_name":"VCI Active Pack","article_modified_time":"2021-07-05T08:25:41+00:00","og_image":[{"width":600,"height":315,"url":"https:\/\/www.vciactivepack.com\/wp-content\/uploads\/2021\/06\/vci_active_pack_1.jpg","type":"image\/jpeg"}],"twitter_card":"summary_large_image","twitter_misc":{"Gesch\u00e4tzte Lesezeit":"3\u00a0Minuten"},"schema":{"@context":"https:\/\/schema.org","@graph":[{"@type":"WebPage","@id":"https:\/\/www.vciactivepack.com\/de\/vci-produkte-korrosionsmanagement\/","url":"https:\/\/www.vciactivepack.com\/de\/vci-produkte-korrosionsmanagement\/","name":"VCI-Produkte f\u00fcr das Korrosionsmanagement | VCI Active Pack","isPartOf":{"@id":"https:\/\/www.vciactivepack.com\/#website"},"datePublished":"2021-05-10T08:13:39+00:00","dateModified":"2021-07-05T08:25:41+00:00","description":"VCI-Produkte f\u00fcr Folien- und Beutelhersteller, die Korrosionsschutzverpackungen f\u00fcr die Metallverarbeitungsbranche anbieten. Die beste Formel f\u00fcr hochwertige Korrosionsschutzl\u00f6sungen!","breadcrumb":{"@id":"https:\/\/www.vciactivepack.com\/de\/vci-produkte-korrosionsmanagement\/#breadcrumb"},"inLanguage":"de","potentialAction":[{"@type":"ReadAction","target":["https:\/\/www.vciactivepack.com\/de\/vci-produkte-korrosionsmanagement\/"]}]},{"@type":"BreadcrumbList","@id":"https:\/\/www.vciactivepack.com\/de\/vci-produkte-korrosionsmanagement\/#breadcrumb","itemListElement":[{"@type":"ListItem","position":1,"name":"Home","item":"https:\/\/www.vciactivepack.com\/de\/"},{"@type":"ListItem","position":2,"name":"VCI-Produkte"}]},{"@type":"WebSite","@id":"https:\/\/www.vciactivepack.com\/#website","url":"https:\/\/www.vciactivepack.com\/","name":"VCI Active Pack","description":"Leading corrosion protection solutions","potentialAction":[{"@type":"SearchAction","target":{"@type":"EntryPoint","urlTemplate":"https:\/\/www.vciactivepack.com\/?s={search_term_string}"},"query-input":"required name=search_term_string"}],"inLanguage":"de"}]}},"_links":{"self":[{"href":"https:\/\/www.vciactivepack.com\/de\/wp-json\/wp\/v2\/pages\/568","targetHints":{"allow":["GET"]}}],"collection":[{"href":"https:\/\/www.vciactivepack.com\/de\/wp-json\/wp\/v2\/pages"}],"about":[{"href":"https:\/\/www.vciactivepack.com\/de\/wp-json\/wp\/v2\/types\/page"}],"author":[{"embeddable":true,"href":"https:\/\/www.vciactivepack.com\/de\/wp-json\/wp\/v2\/users\/1"}],"replies":[{"embeddable":true,"href":"https:\/\/www.vciactivepack.com\/de\/wp-json\/wp\/v2\/comments?post=568"}],"version-history":[{"count":4,"href":"https:\/\/www.vciactivepack.com\/de\/wp-json\/wp\/v2\/pages\/568\/revisions"}],"predecessor-version":[{"id":572,"href":"https:\/\/www.vciactivepack.com\/de\/wp-json\/wp\/v2\/pages\/568\/revisions\/572"}],"wp:featuredmedia":[{"embeddable":true,"href":"https:\/\/www.vciactivepack.com\/de\/wp-json\/wp\/v2\/media\/371"}],"wp:attachment":[{"href":"https:\/\/www.vciactivepack.com\/de\/wp-json\/wp\/v2\/media?parent=568"}],"curies":[{"name":"wp","href":"https:\/\/api.w.org\/{rel}","templated":true}]}}