{"id":580,"date":"2021-05-19T09:11:19","date_gmt":"2021-05-19T08:11:19","guid":{"rendered":"https:\/\/www.vciactivepack.com\/oil-free-temporary-corrosion-protection\/"},"modified":"2021-07-05T10:18:06","modified_gmt":"2021-07-05T09:18:06","slug":"olfreier-temporarer-korrosionsschutz","status":"publish","type":"page","link":"https:\/\/www.vciactivepack.com\/de\/olfreier-temporarer-korrosionsschutz\/","title":{"rendered":"Netnocor 5154 \u00f6lfreier tempor\u00e4rer Korrosionsschutz"},"content":{"rendered":"<section class=\"wpb-content-wrapper\"><p>[vc_row gap=&#8220;35&#8243; css_animation=&#8220;fadeInLeft&#8220; bg_type=&#8220;bg_color&#8220; bg_override=&#8220;full&#8220; bg_color_value=&#8220;#f0f0f0&#8243;][vc_column css=&#8220;.vc_custom_1621502786124{padding-top: 0px !important;}&#8220;][vc_column_text css=&#8220;.vc_custom_1625476362402{margin-bottom: 0px !important;padding-top: 15px !important;padding-bottom: 15px !important;}&#8220;]<strong>Fl\u00fcssigkeiten auf Wasserbasis f\u00fcr tempor\u00e4ren Korrosionsschutz<\/strong>[\/vc_column_text][\/vc_column][\/vc_row][vc_row gap=&#8220;35&#8243; css_animation=&#8220;fadeInUp&#8220; bg_type=&#8220;bg_color&#8220; bg_override=&#8220;full&#8220; css=&#8220;.vc_custom_1621580865567{padding-top: 10px !important;padding-bottom: 10px !important;}&#8220; bg_color_value=&#8220;#ffffff&#8220;][vc_column][vc_column_text el_class=&#8220;inter&#8220;]<strong>VCI Active Pack<\/strong><strong> &#8211;<\/strong> <strong>Netnocor 5154 \u00f6lfreier tempor\u00e4rer Korrosionsschutz<\/strong> bietet sicheren und umweltfreundlichen tempor\u00e4ren Korrosionsschutz auf Wasserbasis.<\/p>\n<p><strong>Netnocor 5154<\/strong> eignet sich auch f\u00fcr Metallverarbeitungsanlagen, die Fl\u00fcssigkeiten auf Wasserbasis verwenden, wie Schneidfl\u00fcssigkeiten, Reinigungs- und Waschanlagen oder Entgratsysteme. Nach Trockenbearbeitungen wie dem Gie\u00dfen, Schmieden oder Zerspanen k\u00f6nnen Stahlteile in die Fl\u00fcssigkeit eingetaucht und anschlie\u00dfend sofort getrocknet werden, um einen rund <strong>zweiw\u00f6chigen Korrosionsschutz<\/strong> zu gew\u00e4hrleisten.[\/vc_column_text][\/vc_column][\/vc_row][vc_row content_placement=&#8220;middle&#8220; bg_type=&#8220;bg_color&#8220; bg_override=&#8220;full&#8220; bg_color_value=&#8220;#f0f0f0&#8243; css=&#8220;.vc_custom_1621580477503{padding-top: 35px !important;padding-bottom: 35px !important;}&#8220;][vc_column css_animation=&#8220;fadeInLeft&#8220; width=&#8220;1\/2&#8243;][vc_column_text]<\/p>\n<h2>Wichtigste Vorteile<\/h2>\n<p>[\/vc_column_text][vc_column_text]<\/p>\n<ul>\n<li><strong><span style=\"color: #4cbc92;\">Sicher f\u00fcr den Anwender<\/span><\/strong><\/li>\n<li><strong><span style=\"color: #4cbc92;\">Umweltfreundlich (biologisch abbaubar)<\/span><\/strong><\/li>\n<li><strong><span style=\"color: #4cbc92;\">Tempor\u00e4rer Korrosionsschutz<\/span><\/strong><\/li>\n<li><strong><span style=\"color: #4cbc92;\">Ergiebig<\/span><\/strong><\/li>\n<li><strong><span style=\"color: #4cbc92;\">Auf Wasserbasis (geringe Viskosit\u00e4t und Oberfl\u00e4chenspannung)<\/span><\/strong><\/li>\n<li><strong><span style=\"color: #4cbc92;\">Die Teile m\u00fcssen zwischen den einzelnen Arbeitsprozessen nicht ge\u00f6lt werden<\/span><\/strong><\/li>\n<li><strong><span style=\"color: #4cbc92;\">Schneidfl\u00fcssigkeiten werden nicht mit \u00d6l kontaminiert<\/span><\/strong><\/li>\n<li><strong><span style=\"color: #4cbc92;\">H\u00e4lt B\u00f6den und Arbeitspl\u00e4tze sauber und \u00f6lfrei<\/span><\/strong><\/li>\n<\/ul>\n<p>[\/vc_column_text][\/vc_column][vc_column css_animation=&#8220;fadeInRight&#8220; width=&#8220;1\/2&#8243;][vc_column_text]<\/p>\n<p style=\"text-align: center;\"><img loading=\"lazy\" decoding=\"async\" src=\"\/wp-content\/uploads\/2021\/05\/marcador_check.svg\" alt=\"\" width=\"67\" height=\"71\" \/><\/p>\n<p>[\/vc_column_text][\/vc_column][\/vc_row][vc_row gap=&#8220;35&#8243; bg_type=&#8220;bg_color&#8220; bg_override=&#8220;full&#8220; css=&#8220;.vc_custom_1621500248554{padding-top: 35px !important;padding-bottom: 35px !important;}&#8220; bg_color_value=&#8220;#ffffff&#8220;][vc_column css_animation=&#8220;fadeInLeft&#8220; width=&#8220;1\/2&#8243;][vc_column_text el_class=&#8220;inter&#8220;]<\/p>\n<h2><strong><img loading=\"lazy\" decoding=\"async\" class=\"alignnone size-full wp-image-161\" role=\"img\" src=\"https:\/\/www.vciactivepack.com\/wp-content\/uploads\/2021\/05\/marcador_how_to_apply.svg\" alt=\"\" width=\"81\" height=\"81\" \/><\/strong><\/h2>\n<h2><strong>Anwendung<\/strong><\/h2>\n<p><strong>Netnocor 5154 \u00f6lfreier tempor\u00e4rer Korrosionsschutz<\/strong> wird als 2-20% ige Wasserl\u00f6sung aufgetragen. Bei schwer zu sch\u00fctzenden Metallen wie Gusseisen oder Schmiedeeisen sollte die Konzentration erh\u00f6ht werden.<\/p>\n<p>Die Temperatur der Stahlteile sollte vor dem Eintauchen <strong>90 \u00b0C nicht \u00fcberschreiten<\/strong> und die Teile sollten nach dem <strong>Tauchverfahren sofort getrocknet werden<\/strong>.<\/p>\n<p>Dabei wird dringend empfohlen, zum Trocknen die Restw\u00e4rme aus dem Verarbeitungsprozess zu nutzen, was zus\u00e4tzliche Kosten f\u00fcr den Trocknungsprozess einspart. Die Teile sollten bei einer Resttemperatur getrocknet werden, die 20-40 \u00b0C \u00fcber der Umgebungstemperatur liegt.<\/p>\n<p><strong>Netnocor 5154<\/strong> ist gebrauchsfertig und kann mit einem Pinsel aufgetragen oder, bei gr\u00f6\u00dferen Fl\u00e4chen, gespr\u00fcht werden.[\/vc_column_text][\/vc_column][vc_column css_animation=&#8220;fadeInRight&#8220; width=&#8220;1\/2&#8243;][vc_column_text]<\/p>\n<h3><img loading=\"lazy\" decoding=\"async\" class=\"alignnone size-full wp-image-177\" role=\"img\" src=\"https:\/\/www.vciactivepack.com\/wp-content\/uploads\/2021\/05\/external_texts.svg\" alt=\"\" width=\"81\" height=\"81\" \/><\/h3>\n<h2>Externe Tests und Zulassungen<\/h2>\n<ul>\n<li><a href=\"https:\/\/www.vciactivepack.com\/wp-content\/uploads\/2021\/05\/PB200-091-18.pdf\" target=\"_blank\" rel=\"noopener\"><u>Testbericht<\/u><\/a><\/li>\n<li><a href=\"https:\/\/www.vciactivepack.com\/wp-content\/uploads\/2021\/05\/UB400-042-17-VCI-active-pack-Europe.pdf\" target=\"_blank\" rel=\"noopener\"><u>Deutsches Gesundheits- und Sicherheitsprotokoll TRGS 615<\/u><\/a><\/li>\n<\/ul>\n<p>[\/vc_column_text][\/vc_column][\/vc_row][vc_row full_width=&#8220;stretch_row_content_no_spaces&#8220; css_animation=&#8220;fadeInUp&#8220;][vc_column css=&#8220;.vc_custom_1621418338913{padding-top: 0px !important;}&#8220;][vc_column_text css=&#8220;.vc_custom_1621502675987{margin-bottom: 0px !important;}&#8220;]<img decoding=\"async\" style=\"display: block; width: 100%;\" src=\"\/wp-content\/uploads\/2021\/05\/img_separador_sustainability.jpg\" \/>[\/vc_column_text][\/vc_column][\/vc_row][vc_row css_animation=&#8220;fadeInUp&#8220; bg_type=&#8220;bg_color&#8220; bg_override=&#8220;full&#8220; bg_color_value=&#8220;#f0f0f0&#8243; el_id=&#8220;benefits&#8220; css=&#8220;.vc_custom_1621580557140{padding-top: 35px !important;padding-bottom: 35px !important;}&#8220;][vc_column][vc_column_text css=&#8220;.vc_custom_1625473701203{margin-bottom: 0px !important;}&#8220;]<\/p>\n<h2>VORTEILE<\/h2>\n<h3>Einfachheit und Effizienz<\/h3>\n<p>[\/vc_column_text][\/vc_column][vc_column width=&#8220;1\/6&#8243; offset=&#8220;vc_col-xs-6&#8243;][vc_column_text css=&#8220;.vc_custom_1625473729883{margin-bottom: 0px !important;}&#8220;]<img loading=\"lazy\" decoding=\"async\" class=\"alignnone wp-image-8\" role=\"img\" src=\"https:\/\/www.vciactivepack.com\/wp-content\/uploads\/2021\/05\/beneficios_1.svg\" alt=\"\" width=\"80\" height=\"91\" \/><\/p>\n<h4>Unbedenkliche<br \/>\nProdukte<\/h4>\n<p>[\/vc_column_text][\/vc_column][vc_column width=&#8220;1\/6&#8243; offset=&#8220;vc_col-xs-6&#8243;][vc_column_text css=&#8220;.vc_custom_1625473753436{margin-bottom: 0px !important;}&#8220;]<img loading=\"lazy\" decoding=\"async\" class=\"alignnone wp-image-8\" role=\"img\" src=\"https:\/\/www.vciactivepack.com\/wp-content\/uploads\/2021\/05\/beneficios_2.svg\" alt=\"\" width=\"80\" height=\"91\" \/><\/p>\n<h4>Umweltschonend<\/h4>\n<p>[\/vc_column_text][\/vc_column][vc_column width=&#8220;1\/6&#8243; offset=&#8220;vc_col-xs-6&#8243;][vc_column_text css=&#8220;.vc_custom_1625473787997{margin-bottom: 0px !important;}&#8220;]<img loading=\"lazy\" decoding=\"async\" class=\"alignnone wp-image-8\" role=\"img\" src=\"https:\/\/www.vciactivepack.com\/wp-content\/uploads\/2021\/05\/beneficios_3.svg\" alt=\"\" width=\"80\" height=\"91\" \/><\/p>\n<h4>Multi-Metall-Schutz<\/h4>\n<p>[\/vc_column_text][\/vc_column][vc_column width=&#8220;1\/6&#8243; offset=&#8220;vc_col-xs-6&#8243;][vc_column_text css=&#8220;.vc_custom_1625473825800{margin-bottom: 0px !important;}&#8220;]<img loading=\"lazy\" decoding=\"async\" class=\"alignnone wp-image-8\" role=\"img\" src=\"https:\/\/www.vciactivepack.com\/wp-content\/uploads\/2021\/05\/beneficios_4.svg\" alt=\"\" width=\"80\" height=\"91\" \/><\/p>\n<h4>Langfristiger<br \/>\nKorrosionsschutz<br \/>\nin geschlossenen<br \/>\nR\u00e4umen<\/h4>\n<p>[\/vc_column_text][\/vc_column][vc_column width=&#8220;1\/6&#8243; offset=&#8220;vc_col-xs-6&#8243;][vc_column_text]<img loading=\"lazy\" decoding=\"async\" class=\"alignnone wp-image-8\" role=\"img\" src=\"https:\/\/www.vciactivepack.com\/wp-content\/uploads\/2021\/05\/beneficios_5.svg\" alt=\"\" width=\"80\" height=\"91\" \/><\/p>\n<h4>Keine oder minimale<br \/>\nInvestition<\/h4>\n<p>[\/vc_column_text][\/vc_column][vc_column width=&#8220;1\/6&#8243; offset=&#8220;vc_col-xs-6&#8243;][vc_column_text]<img loading=\"lazy\" decoding=\"async\" class=\"alignnone wp-image-8\" role=\"img\" src=\"https:\/\/www.vciactivepack.com\/wp-content\/uploads\/2021\/05\/beneficios_6.svg\" alt=\"\" width=\"80\" height=\"91\" \/><\/p>\n<h4>Benutzerfreundlich<\/h4>\n<p>[\/vc_column_text][\/vc_column][vc_column][vc_column_text]<a class=\"links\" href=\"https:\/\/www.vciactivepack.com\/vapor-corrosion-inhibitor\/\">Die beste Formel<\/a>[\/vc_column_text][\/vc_column][\/vc_row][vc_row content_placement=&#8220;middle&#8220; css=&#8220;.vc_custom_1621500412403{padding-top: 35px !important;padding-bottom: 35px !important;}&#8220;][vc_column width=&#8220;2\/3&#8243;][vc_column_text]<\/p>\n<h2>KONTAKTIEREN SIE UNS<\/h2>\n<h3>M\u00f6chten Sie sich bei Ihren Kunden als einer der besten Hersteller von Korrosionsschutzverpackungen profilieren?<\/h3>\n<p>[\/vc_column_text][\/vc_column][vc_column width=&#8220;1\/3&#8243;][vc_column_text]<a href=\"https:\/\/www.vciactivepack.com\/contact-us\/\"><img loading=\"lazy\" decoding=\"async\" class=\"size-full wp-image-153 aligncenter\" role=\"img\" src=\"https:\/\/www.vciactivepack.com\/wp-content\/uploads\/2021\/05\/marcador_contact.svg\" alt=\"\" width=\"67\" height=\"71\" \/><\/a>[\/vc_column_text][\/vc_column][\/vc_row]<\/p>\n<\/section>","protected":false},"excerpt":{"rendered":"<p>[vc_row gap=&#8220;35&#8243; css_animation=&#8220;fadeInLeft&#8220; bg_type=&#8220;bg_color&#8220; bg_override=&#8220;full&#8220; bg_color_value=&#8220;#f0f0f0&#8243;][vc_column css=&#8220;.vc_custom_1621502786124{padding-top: 0px !important;}&#8220;][vc_column_text css=&#8220;.vc_custom_1625476362402{margin-bottom: 0px !important;padding-top: 15px !important;padding-bottom: 15px !important;}&#8220;]Fl\u00fcssigkeiten auf Wasserbasis f\u00fcr tempor\u00e4ren Korrosionsschutz[\/vc_column_text][\/vc_column][\/vc_row][vc_row gap=&#8220;35&#8243; css_animation=&#8220;fadeInUp&#8220; bg_type=&#8220;bg_color&#8220; bg_override=&#8220;full&#8220; css=&#8220;.vc_custom_1621580865567{padding-top: 10px !important;padding-bottom: 10px !important;}&#8220; bg_color_value=&#8220;#ffffff&#8220;][vc_column][vc_column_text el_class=&#8220;inter&#8220;]VCI Active Pack &#8211; Netnocor 5154 \u00f6lfreier tempor\u00e4rer Korrosionsschutz bietet sicheren und umweltfreundlichen tempor\u00e4ren Korrosionsschutz auf Wasserbasis. Netnocor 5154 eignet sich auch f\u00fcr Metallverarbeitungsanlagen,&hellip;<\/p>\n","protected":false},"author":1,"featured_media":379,"parent":0,"menu_order":0,"comment_status":"closed","ping_status":"closed","template":"","meta":{"footnotes":""},"class_list":["post-580","page","type-page","status-publish","has-post-thumbnail","hentry","description-off"],"yoast_head":"<!-- This site is optimized with the Yoast SEO plugin v21.3 - https:\/\/yoast.com\/wordpress\/plugins\/seo\/ -->\n<title>Netnocor 5154 \u00f6lfreier tempor\u00e4rer Korrosionsschutz | VCI Active Pack<\/title>\n<meta name=\"description\" content=\"Sicher und umweltfreundlich. Bis zu zwei Wochen Korrosionsschutz. Erfahren Sie mehr \u00fcber den \u00f6lfreien tempor\u00e4ren Korrosionsschutz Netnocor 5154.\" \/>\n<meta name=\"robots\" content=\"index, follow, max-snippet:-1, max-image-preview:large, max-video-preview:-1\" \/>\n<link rel=\"canonical\" href=\"https:\/\/www.vciactivepack.com\/de\/olfreier-temporarer-korrosionsschutz\/\" \/>\n<meta property=\"og:locale\" content=\"de_DE\" \/>\n<meta property=\"og:type\" content=\"article\" \/>\n<meta property=\"og:title\" content=\"Netnocor 5154 \u00f6lfreier tempor\u00e4rer Korrosionsschutz | VCI Active Pack\" \/>\n<meta property=\"og:description\" content=\"Sicher und umweltfreundlich. Bis zu zwei Wochen Korrosionsschutz. Erfahren Sie mehr \u00fcber den \u00f6lfreien tempor\u00e4ren Korrosionsschutz Netnocor 5154.\" \/>\n<meta property=\"og:url\" content=\"https:\/\/www.vciactivepack.com\/de\/olfreier-temporarer-korrosionsschutz\/\" \/>\n<meta property=\"og:site_name\" content=\"VCI Active Pack\" \/>\n<meta property=\"article:modified_time\" content=\"2021-07-05T09:18:06+00:00\" \/>\n<meta property=\"og:image\" content=\"https:\/\/www.vciactivepack.com\/wp-content\/uploads\/2021\/06\/vci_active_pack_3.jpg\" \/>\n\t<meta property=\"og:image:width\" content=\"600\" \/>\n\t<meta property=\"og:image:height\" content=\"315\" \/>\n\t<meta property=\"og:image:type\" content=\"image\/jpeg\" \/>\n<meta name=\"twitter:card\" content=\"summary_large_image\" \/>\n<meta name=\"twitter:label1\" content=\"Gesch\u00e4tzte Lesezeit\" \/>\n\t<meta name=\"twitter:data1\" content=\"4\u00a0Minuten\" \/>\n<script type=\"application\/ld+json\" class=\"yoast-schema-graph\">{\"@context\":\"https:\/\/schema.org\",\"@graph\":[{\"@type\":\"WebPage\",\"@id\":\"https:\/\/www.vciactivepack.com\/de\/olfreier-temporarer-korrosionsschutz\/\",\"url\":\"https:\/\/www.vciactivepack.com\/de\/olfreier-temporarer-korrosionsschutz\/\",\"name\":\"Netnocor 5154 \u00f6lfreier tempor\u00e4rer Korrosionsschutz | VCI Active Pack\",\"isPartOf\":{\"@id\":\"https:\/\/www.vciactivepack.com\/#website\"},\"datePublished\":\"2021-05-19T08:11:19+00:00\",\"dateModified\":\"2021-07-05T09:18:06+00:00\",\"description\":\"Sicher und umweltfreundlich. Bis zu zwei Wochen Korrosionsschutz. Erfahren Sie mehr \u00fcber den \u00f6lfreien tempor\u00e4ren Korrosionsschutz Netnocor 5154.\",\"breadcrumb\":{\"@id\":\"https:\/\/www.vciactivepack.com\/de\/olfreier-temporarer-korrosionsschutz\/#breadcrumb\"},\"inLanguage\":\"de\",\"potentialAction\":[{\"@type\":\"ReadAction\",\"target\":[\"https:\/\/www.vciactivepack.com\/de\/olfreier-temporarer-korrosionsschutz\/\"]}]},{\"@type\":\"BreadcrumbList\",\"@id\":\"https:\/\/www.vciactivepack.com\/de\/olfreier-temporarer-korrosionsschutz\/#breadcrumb\",\"itemListElement\":[{\"@type\":\"ListItem\",\"position\":1,\"name\":\"Home\",\"item\":\"https:\/\/www.vciactivepack.com\/de\/\"},{\"@type\":\"ListItem\",\"position\":2,\"name\":\"Netnocor 5154 \u00f6lfreier tempor\u00e4rer Korrosionsschutz\"}]},{\"@type\":\"WebSite\",\"@id\":\"https:\/\/www.vciactivepack.com\/#website\",\"url\":\"https:\/\/www.vciactivepack.com\/\",\"name\":\"VCI Active Pack\",\"description\":\"Leading corrosion protection solutions\",\"potentialAction\":[{\"@type\":\"SearchAction\",\"target\":{\"@type\":\"EntryPoint\",\"urlTemplate\":\"https:\/\/www.vciactivepack.com\/?s={search_term_string}\"},\"query-input\":\"required name=search_term_string\"}],\"inLanguage\":\"de\"}]}<\/script>\n<!-- \/ Yoast SEO plugin. -->","yoast_head_json":{"title":"Netnocor 5154 \u00f6lfreier tempor\u00e4rer Korrosionsschutz | VCI Active Pack","description":"Sicher und umweltfreundlich. Bis zu zwei Wochen Korrosionsschutz. Erfahren Sie mehr \u00fcber den \u00f6lfreien tempor\u00e4ren Korrosionsschutz Netnocor 5154.","robots":{"index":"index","follow":"follow","max-snippet":"max-snippet:-1","max-image-preview":"max-image-preview:large","max-video-preview":"max-video-preview:-1"},"canonical":"https:\/\/www.vciactivepack.com\/de\/olfreier-temporarer-korrosionsschutz\/","og_locale":"de_DE","og_type":"article","og_title":"Netnocor 5154 \u00f6lfreier tempor\u00e4rer Korrosionsschutz | VCI Active Pack","og_description":"Sicher und umweltfreundlich. Bis zu zwei Wochen Korrosionsschutz. Erfahren Sie mehr \u00fcber den \u00f6lfreien tempor\u00e4ren Korrosionsschutz Netnocor 5154.","og_url":"https:\/\/www.vciactivepack.com\/de\/olfreier-temporarer-korrosionsschutz\/","og_site_name":"VCI Active Pack","article_modified_time":"2021-07-05T09:18:06+00:00","og_image":[{"width":600,"height":315,"url":"https:\/\/www.vciactivepack.com\/wp-content\/uploads\/2021\/06\/vci_active_pack_3.jpg","type":"image\/jpeg"}],"twitter_card":"summary_large_image","twitter_misc":{"Gesch\u00e4tzte Lesezeit":"4\u00a0Minuten"},"schema":{"@context":"https:\/\/schema.org","@graph":[{"@type":"WebPage","@id":"https:\/\/www.vciactivepack.com\/de\/olfreier-temporarer-korrosionsschutz\/","url":"https:\/\/www.vciactivepack.com\/de\/olfreier-temporarer-korrosionsschutz\/","name":"Netnocor 5154 \u00f6lfreier tempor\u00e4rer Korrosionsschutz | VCI Active Pack","isPartOf":{"@id":"https:\/\/www.vciactivepack.com\/#website"},"datePublished":"2021-05-19T08:11:19+00:00","dateModified":"2021-07-05T09:18:06+00:00","description":"Sicher und umweltfreundlich. Bis zu zwei Wochen Korrosionsschutz. Erfahren Sie mehr \u00fcber den \u00f6lfreien tempor\u00e4ren Korrosionsschutz Netnocor 5154.","breadcrumb":{"@id":"https:\/\/www.vciactivepack.com\/de\/olfreier-temporarer-korrosionsschutz\/#breadcrumb"},"inLanguage":"de","potentialAction":[{"@type":"ReadAction","target":["https:\/\/www.vciactivepack.com\/de\/olfreier-temporarer-korrosionsschutz\/"]}]},{"@type":"BreadcrumbList","@id":"https:\/\/www.vciactivepack.com\/de\/olfreier-temporarer-korrosionsschutz\/#breadcrumb","itemListElement":[{"@type":"ListItem","position":1,"name":"Home","item":"https:\/\/www.vciactivepack.com\/de\/"},{"@type":"ListItem","position":2,"name":"Netnocor 5154 \u00f6lfreier tempor\u00e4rer Korrosionsschutz"}]},{"@type":"WebSite","@id":"https:\/\/www.vciactivepack.com\/#website","url":"https:\/\/www.vciactivepack.com\/","name":"VCI Active Pack","description":"Leading corrosion protection solutions","potentialAction":[{"@type":"SearchAction","target":{"@type":"EntryPoint","urlTemplate":"https:\/\/www.vciactivepack.com\/?s={search_term_string}"},"query-input":"required name=search_term_string"}],"inLanguage":"de"}]}},"_links":{"self":[{"href":"https:\/\/www.vciactivepack.com\/de\/wp-json\/wp\/v2\/pages\/580","targetHints":{"allow":["GET"]}}],"collection":[{"href":"https:\/\/www.vciactivepack.com\/de\/wp-json\/wp\/v2\/pages"}],"about":[{"href":"https:\/\/www.vciactivepack.com\/de\/wp-json\/wp\/v2\/types\/page"}],"author":[{"embeddable":true,"href":"https:\/\/www.vciactivepack.com\/de\/wp-json\/wp\/v2\/users\/1"}],"replies":[{"embeddable":true,"href":"https:\/\/www.vciactivepack.com\/de\/wp-json\/wp\/v2\/comments?post=580"}],"version-history":[{"count":3,"href":"https:\/\/www.vciactivepack.com\/de\/wp-json\/wp\/v2\/pages\/580\/revisions"}],"predecessor-version":[{"id":600,"href":"https:\/\/www.vciactivepack.com\/de\/wp-json\/wp\/v2\/pages\/580\/revisions\/600"}],"wp:featuredmedia":[{"embeddable":true,"href":"https:\/\/www.vciactivepack.com\/de\/wp-json\/wp\/v2\/media\/379"}],"wp:attachment":[{"href":"https:\/\/www.vciactivepack.com\/de\/wp-json\/wp\/v2\/media?parent=580"}],"curies":[{"name":"wp","href":"https:\/\/api.w.org\/{rel}","templated":true}]}}