{"id":603,"date":"2021-05-10T09:13:50","date_gmt":"2021-05-10T08:13:50","guid":{"rendered":"https:\/\/www.vciactivepack.com\/contact-us\/"},"modified":"2021-07-05T10:33:23","modified_gmt":"2021-07-05T09:33:23","slug":"kontaktieren-sie-uns","status":"publish","type":"page","link":"https:\/\/www.vciactivepack.com\/de\/kontaktieren-sie-uns\/","title":{"rendered":"Kontaktieren Sie uns"},"content":{"rendered":"<section class=\"wpb-content-wrapper\"><p>[vc_row full_width=&#8220;stretch_row_content_no_spaces&#8220; css_animation=&#8220;fadeInUp&#8220;][vc_column][vc_column_text]<img decoding=\"async\" style=\"width: 100%; display: block;\" src=\"\/wp-content\/uploads\/2021\/05\/separador_1_vci_active_pack_technology.jpg\" \/>[\/vc_column_text][\/vc_column][\/vc_row][vc_row css_animation=&#8220;fadeIn&#8220;][vc_column][vc_column_text]<\/p>\n<h2>Kontaktieren Sie uns<\/h2>\n<h3>Bitte f\u00fcllen Sie dieses Formular aus, um weitere Informationen \u00fcber unsere Produkte anzufordern.<\/h3>\n<p>[\/vc_column_text][\/vc_column][\/vc_row][vc_row][vc_column css_animation=&#8220;fadeInLeft&#8220; width=&#8220;1\/2&#8243;][vc_column_text el_id=&#8220;formulari&#8220; css=&#8220;.vc_custom_1625477582744{margin-bottom: 0px !important;}&#8220;]\n<div class=\"wpcf7 no-js\" id=\"wpcf7-f605-o1\" lang=\"en-US\" dir=\"ltr\">\n<div class=\"screen-reader-response\"><p role=\"status\" aria-live=\"polite\" aria-atomic=\"true\"><\/p> <ul><\/ul><\/div>\n<form action=\"\/de\/wp-json\/wp\/v2\/pages\/603#wpcf7-f605-o1\" method=\"post\" class=\"wpcf7-form init\" aria-label=\"Contact form\" novalidate=\"novalidate\" data-status=\"init\">\n<div style=\"display: none;\">\n<input type=\"hidden\" name=\"_wpcf7\" value=\"605\" \/>\n<input type=\"hidden\" name=\"_wpcf7_version\" value=\"5.8.1\" \/>\n<input type=\"hidden\" name=\"_wpcf7_locale\" value=\"en_US\" \/>\n<input type=\"hidden\" name=\"_wpcf7_unit_tag\" value=\"wpcf7-f605-o1\" \/>\n<input type=\"hidden\" name=\"_wpcf7_container_post\" value=\"0\" \/>\n<input type=\"hidden\" name=\"_wpcf7_posted_data_hash\" value=\"\" \/>\n<input type=\"hidden\" name=\"_wpcf7_recaptcha_response\" value=\"\" \/>\n<\/div>\n<p><span class=\"wpcf7-form-control-wrap\" data-name=\"your-name\"><input size=\"40\" class=\"wpcf7-form-control wpcf7-text wpcf7-validates-as-required\" aria-required=\"true\" aria-invalid=\"false\" placeholder=\"Name*\" value=\"\" type=\"text\" name=\"your-name\" \/><\/span><br \/>\n<span class=\"wpcf7-form-control-wrap\" data-name=\"your-email\"><input size=\"40\" class=\"wpcf7-form-control wpcf7-email wpcf7-validates-as-required wpcf7-text wpcf7-validates-as-email\" aria-required=\"true\" aria-invalid=\"false\" placeholder=\"E-Mail-Adresse*\" value=\"\" type=\"email\" name=\"your-email\" \/><\/span><span id=\"wpcf7-69f423932e55b-wrapper\" class=\"wpcf7-form-control-wrap no-brossa-wrap\" ><label for=\"wpcf7-69f423932e55b-field\" class=\"hp-message\">Please leave this field empty.<\/label><input id=\"wpcf7-69f423932e55b-field\"  class=\"wpcf7-form-control wpcf7-text\" type=\"text\" name=\"no-brossa\" value=\"\" size=\"40\" tabindex=\"-1\" autocomplete=\"new-password\" \/><\/span><br \/>\n<span class=\"wpcf7-form-control-wrap\" data-name=\"phone\"><input size=\"40\" class=\"wpcf7-form-control wpcf7-tel wpcf7-text wpcf7-validates-as-tel\" aria-invalid=\"false\" placeholder=\"Telefon\" value=\"\" type=\"tel\" name=\"phone\" \/><\/span><br \/>\n<span class=\"wpcf7-form-control-wrap\" data-name=\"your-subject\"><input size=\"40\" class=\"wpcf7-form-control wpcf7-text wpcf7-validates-as-required\" aria-required=\"true\" aria-invalid=\"false\" placeholder=\"Betreff*\" value=\"\" type=\"text\" name=\"your-subject\" \/><\/span><br \/>\n<span class=\"wpcf7-form-control-wrap\" data-name=\"your-message\"><textarea cols=\"40\" rows=\"10\" class=\"wpcf7-form-control wpcf7-textarea\" aria-invalid=\"false\" placeholder=\"Nachricht*\" name=\"your-message\"><\/textarea><\/span>\n<\/p>\n<p>*Erforderliche Informationen\n<\/p>\n<p><span class=\"wpcf7-form-control-wrap\" data-name=\"legal\"><span class=\"wpcf7-form-control wpcf7-acceptance\"><span class=\"wpcf7-list-item\"><input type=\"checkbox\" name=\"legal\" value=\"1\" aria-invalid=\"false\" \/><\/span><\/span><\/span> Ich habe die <a href=\"\/personal-data\" target=\"_blank\"><u>rechtlichen Hinweise und die<\/u><\/a> Datenschutzerkl\u00e4rung gelesen und erkl\u00e4re mich damit einverstanden.\n<\/p>\n<p><input class=\"wpcf7-form-control wpcf7-submit has-spinner\" type=\"submit\" value=\"Senden\" \/>\n<\/p><div class=\"wpcf7-response-output\" aria-hidden=\"true\"><\/div>\n<\/form>\n<\/div>\n[\/vc_column_text][vc_column_text]<a style=\"display: flex; align-items: center; margin: 0 auto; text-decoration: none;\" href=\"tel:34647466251\"><img loading=\"lazy\" decoding=\"async\" class=\"alignnone size-full wp-image-265\" style=\"margin: 0;\" role=\"img\" src=\"https:\/\/www.vciactivepack.com\/wp-content\/uploads\/2021\/05\/icona_telefon.svg\" alt=\"\" width=\"59\" height=\"59\" \/>\u00a0<strong>+34 647 466 251<\/strong><\/a>[\/vc_column_text][\/vc_column][vc_column css_animation=&#8220;fadeInRight&#8220; width=&#8220;1\/2&#8243;][vc_column_text]<img decoding=\"async\" style=\"width: 100%; display: block;\" src=\"\/wp-content\/uploads\/2021\/05\/img_contact.jpg\" \/>[\/vc_column_text][\/vc_column][\/vc_row]<\/p>\n<\/section>","protected":false},"excerpt":{"rendered":"<p>[vc_row full_width=&#8220;stretch_row_content_no_spaces&#8220; css_animation=&#8220;fadeInUp&#8220;][vc_column][vc_column_text][\/vc_column_text][\/vc_column][\/vc_row][vc_row css_animation=&#8220;fadeIn&#8220;][vc_column][vc_column_text] Kontaktieren Sie uns Bitte f\u00fcllen Sie dieses Formular aus, um weitere Informationen \u00fcber unsere Produkte anzufordern. [\/vc_column_text][\/vc_column][\/vc_row][vc_row][vc_column css_animation=&#8220;fadeInLeft&#8220; width=&#8220;1\/2&#8243;][vc_column_text el_id=&#8220;formulari&#8220; css=&#8220;.vc_custom_1625477582744{margin-bottom: 0px !important;}&#8220;][\/vc_column_text][vc_column_text]\u00a0+34 647 466 251[\/vc_column_text][\/vc_column][vc_column css_animation=&#8220;fadeInRight&#8220; width=&#8220;1\/2&#8243;][vc_column_text][\/vc_column_text][\/vc_column][\/vc_row]<\/p>\n","protected":false},"author":1,"featured_media":391,"parent":0,"menu_order":0,"comment_status":"closed","ping_status":"closed","template":"","meta":{"footnotes":""},"class_list":["post-603","page","type-page","status-publish","has-post-thumbnail","hentry","description-off"],"yoast_head":"<!-- This site is optimized with the Yoast SEO plugin v21.3 - https:\/\/yoast.com\/wordpress\/plugins\/seo\/ -->\n<title>Kontaktieren Sie uns | VCI Active Pack<\/title>\n<meta name=\"description\" content=\"VCI-Produkte f\u00fcr Folien- und Beutelhersteller, die Korrosionsschutzverpackungen f\u00fcr die Metallverarbeitungsbranche anbieten. Kontaktieren Sie uns, um weitere Informationen \u00fcber unsere Produkte zu erhalten.\" \/>\n<meta name=\"robots\" content=\"index, follow, max-snippet:-1, max-image-preview:large, max-video-preview:-1\" \/>\n<link rel=\"canonical\" href=\"https:\/\/www.vciactivepack.com\/de\/kontaktieren-sie-uns\/\" \/>\n<meta property=\"og:locale\" content=\"de_DE\" \/>\n<meta property=\"og:type\" content=\"article\" \/>\n<meta property=\"og:title\" content=\"Kontaktieren Sie uns | VCI Active Pack\" \/>\n<meta property=\"og:description\" content=\"VCI-Produkte f\u00fcr Folien- und Beutelhersteller, die Korrosionsschutzverpackungen f\u00fcr die Metallverarbeitungsbranche anbieten. Kontaktieren Sie uns, um weitere Informationen \u00fcber unsere Produkte zu erhalten.\" \/>\n<meta property=\"og:url\" content=\"https:\/\/www.vciactivepack.com\/de\/kontaktieren-sie-uns\/\" \/>\n<meta property=\"og:site_name\" content=\"VCI Active Pack\" \/>\n<meta property=\"article:modified_time\" content=\"2021-07-05T09:33:23+00:00\" \/>\n<meta property=\"og:image\" content=\"https:\/\/www.vciactivepack.com\/wp-content\/uploads\/2021\/06\/vci_active_pack_6.jpg\" \/>\n\t<meta property=\"og:image:width\" content=\"600\" \/>\n\t<meta property=\"og:image:height\" content=\"315\" \/>\n\t<meta property=\"og:image:type\" content=\"image\/jpeg\" \/>\n<meta name=\"twitter:card\" content=\"summary_large_image\" \/>\n<meta name=\"twitter:label1\" content=\"Gesch\u00e4tzte Lesezeit\" \/>\n\t<meta name=\"twitter:data1\" content=\"1\u00a0Minute\" \/>\n<script type=\"application\/ld+json\" class=\"yoast-schema-graph\">{\"@context\":\"https:\/\/schema.org\",\"@graph\":[{\"@type\":\"WebPage\",\"@id\":\"https:\/\/www.vciactivepack.com\/de\/kontaktieren-sie-uns\/\",\"url\":\"https:\/\/www.vciactivepack.com\/de\/kontaktieren-sie-uns\/\",\"name\":\"Kontaktieren Sie uns | VCI Active Pack\",\"isPartOf\":{\"@id\":\"https:\/\/www.vciactivepack.com\/#website\"},\"datePublished\":\"2021-05-10T08:13:50+00:00\",\"dateModified\":\"2021-07-05T09:33:23+00:00\",\"description\":\"VCI-Produkte f\u00fcr Folien- und Beutelhersteller, die Korrosionsschutzverpackungen f\u00fcr die Metallverarbeitungsbranche anbieten. Kontaktieren Sie uns, um weitere Informationen \u00fcber unsere Produkte zu erhalten.\",\"breadcrumb\":{\"@id\":\"https:\/\/www.vciactivepack.com\/de\/kontaktieren-sie-uns\/#breadcrumb\"},\"inLanguage\":\"de\",\"potentialAction\":[{\"@type\":\"ReadAction\",\"target\":[\"https:\/\/www.vciactivepack.com\/de\/kontaktieren-sie-uns\/\"]}]},{\"@type\":\"BreadcrumbList\",\"@id\":\"https:\/\/www.vciactivepack.com\/de\/kontaktieren-sie-uns\/#breadcrumb\",\"itemListElement\":[{\"@type\":\"ListItem\",\"position\":1,\"name\":\"Home\",\"item\":\"https:\/\/www.vciactivepack.com\/de\/\"},{\"@type\":\"ListItem\",\"position\":2,\"name\":\"Kontaktieren Sie uns\"}]},{\"@type\":\"WebSite\",\"@id\":\"https:\/\/www.vciactivepack.com\/#website\",\"url\":\"https:\/\/www.vciactivepack.com\/\",\"name\":\"VCI Active Pack\",\"description\":\"Leading corrosion protection solutions\",\"potentialAction\":[{\"@type\":\"SearchAction\",\"target\":{\"@type\":\"EntryPoint\",\"urlTemplate\":\"https:\/\/www.vciactivepack.com\/?s={search_term_string}\"},\"query-input\":\"required name=search_term_string\"}],\"inLanguage\":\"de\"}]}<\/script>\n<!-- \/ Yoast SEO plugin. -->","yoast_head_json":{"title":"Kontaktieren Sie uns | VCI Active Pack","description":"VCI-Produkte f\u00fcr Folien- und Beutelhersteller, die Korrosionsschutzverpackungen f\u00fcr die Metallverarbeitungsbranche anbieten. Kontaktieren Sie uns, um weitere Informationen \u00fcber unsere Produkte zu erhalten.","robots":{"index":"index","follow":"follow","max-snippet":"max-snippet:-1","max-image-preview":"max-image-preview:large","max-video-preview":"max-video-preview:-1"},"canonical":"https:\/\/www.vciactivepack.com\/de\/kontaktieren-sie-uns\/","og_locale":"de_DE","og_type":"article","og_title":"Kontaktieren Sie uns | VCI Active Pack","og_description":"VCI-Produkte f\u00fcr Folien- und Beutelhersteller, die Korrosionsschutzverpackungen f\u00fcr die Metallverarbeitungsbranche anbieten. Kontaktieren Sie uns, um weitere Informationen \u00fcber unsere Produkte zu erhalten.","og_url":"https:\/\/www.vciactivepack.com\/de\/kontaktieren-sie-uns\/","og_site_name":"VCI Active Pack","article_modified_time":"2021-07-05T09:33:23+00:00","og_image":[{"width":600,"height":315,"url":"https:\/\/www.vciactivepack.com\/wp-content\/uploads\/2021\/06\/vci_active_pack_6.jpg","type":"image\/jpeg"}],"twitter_card":"summary_large_image","twitter_misc":{"Gesch\u00e4tzte Lesezeit":"1\u00a0Minute"},"schema":{"@context":"https:\/\/schema.org","@graph":[{"@type":"WebPage","@id":"https:\/\/www.vciactivepack.com\/de\/kontaktieren-sie-uns\/","url":"https:\/\/www.vciactivepack.com\/de\/kontaktieren-sie-uns\/","name":"Kontaktieren Sie uns | VCI Active Pack","isPartOf":{"@id":"https:\/\/www.vciactivepack.com\/#website"},"datePublished":"2021-05-10T08:13:50+00:00","dateModified":"2021-07-05T09:33:23+00:00","description":"VCI-Produkte f\u00fcr Folien- und Beutelhersteller, die Korrosionsschutzverpackungen f\u00fcr die Metallverarbeitungsbranche anbieten. Kontaktieren Sie uns, um weitere Informationen \u00fcber unsere Produkte zu erhalten.","breadcrumb":{"@id":"https:\/\/www.vciactivepack.com\/de\/kontaktieren-sie-uns\/#breadcrumb"},"inLanguage":"de","potentialAction":[{"@type":"ReadAction","target":["https:\/\/www.vciactivepack.com\/de\/kontaktieren-sie-uns\/"]}]},{"@type":"BreadcrumbList","@id":"https:\/\/www.vciactivepack.com\/de\/kontaktieren-sie-uns\/#breadcrumb","itemListElement":[{"@type":"ListItem","position":1,"name":"Home","item":"https:\/\/www.vciactivepack.com\/de\/"},{"@type":"ListItem","position":2,"name":"Kontaktieren Sie uns"}]},{"@type":"WebSite","@id":"https:\/\/www.vciactivepack.com\/#website","url":"https:\/\/www.vciactivepack.com\/","name":"VCI Active Pack","description":"Leading corrosion protection solutions","potentialAction":[{"@type":"SearchAction","target":{"@type":"EntryPoint","urlTemplate":"https:\/\/www.vciactivepack.com\/?s={search_term_string}"},"query-input":"required name=search_term_string"}],"inLanguage":"de"}]}},"_links":{"self":[{"href":"https:\/\/www.vciactivepack.com\/de\/wp-json\/wp\/v2\/pages\/603","targetHints":{"allow":["GET"]}}],"collection":[{"href":"https:\/\/www.vciactivepack.com\/de\/wp-json\/wp\/v2\/pages"}],"about":[{"href":"https:\/\/www.vciactivepack.com\/de\/wp-json\/wp\/v2\/types\/page"}],"author":[{"embeddable":true,"href":"https:\/\/www.vciactivepack.com\/de\/wp-json\/wp\/v2\/users\/1"}],"replies":[{"embeddable":true,"href":"https:\/\/www.vciactivepack.com\/de\/wp-json\/wp\/v2\/comments?post=603"}],"version-history":[{"count":2,"href":"https:\/\/www.vciactivepack.com\/de\/wp-json\/wp\/v2\/pages\/603\/revisions"}],"predecessor-version":[{"id":606,"href":"https:\/\/www.vciactivepack.com\/de\/wp-json\/wp\/v2\/pages\/603\/revisions\/606"}],"wp:featuredmedia":[{"embeddable":true,"href":"https:\/\/www.vciactivepack.com\/de\/wp-json\/wp\/v2\/media\/391"}],"wp:attachment":[{"href":"https:\/\/www.vciactivepack.com\/de\/wp-json\/wp\/v2\/media?parent=603"}],"curies":[{"name":"wp","href":"https:\/\/api.w.org\/{rel}","templated":true}]}}