{"id":413,"date":"2021-05-06T08:08:06","date_gmt":"2021-05-06T08:08:06","guid":{"rendered":"https:\/\/www.vciactivepack.com\/pagina-ejemplo\/"},"modified":"2021-06-25T12:18:58","modified_gmt":"2021-06-25T11:18:58","slug":"pagina-ejemplo","status":"publish","type":"page","link":"https:\/\/www.vciactivepack.com\/fr\/","title":{"rendered":"Accueil"},"content":{"rendered":"<section class=\"wpb-content-wrapper\"><p>[vc_row gap=\u00a0\u00bb35&Prime; bg_type=\u00a0\u00bbbg_color\u00a0\u00bb bg_override=\u00a0\u00bbfull\u00a0\u00bb bg_color_value=\u00a0\u00bb#ffffff\u00a0\u00bb el_id=\u00a0\u00bbsolutions\u00a0\u00bb][vc_column css_animation=\u00a0\u00bbfadeInLeft\u00a0\u00bb width=\u00a0\u00bb1\/2&Prime;][vc_column_text]<\/p>\n<h2>Une volont\u00e9 de fournir des solutions de qualit\u00e9<\/h2>\n<p>Avec plus de 30 ans d&rsquo;exp\u00e9rience dans le d\u00e9veloppement, la production, les essais et la vente de solutions de protection anticorrosion VCI, <strong>VCI Active Pack<\/strong> vous propose un projet cl\u00e9 en main pour les fabricants de films et de sachets, qui vendent des emballages anticorrosion au secteur de la m\u00e9tallurgie.<\/p>\n<p><strong>Nous veillerons \u00e0 ce que vous obteniez toujours les meilleurs r\u00e9sultats.<\/strong>[\/vc_column_text][\/vc_column][vc_column css_animation=\u00a0\u00bbfadeInRight\u00a0\u00bb width=\u00a0\u00bb1\/2&Prime;][vc_column_text]<\/p>\n<div style=\"display: grid; grid-template-columns: 47% 47%; column-gap: 5%;\"><a class=\"projectThumb\" href=\"\/wp-content\/uploads\/2021\/06\/hover_2.jpg\"><br \/>\n<img decoding=\"async\" style=\"width: 100%;\" src=\"\/wp-content\/uploads\/2021\/05\/img_home_1.png\" height=\"250\" \/><br \/>\n<\/a><a class=\"projectThumb\" href=\"\/wp-content\/uploads\/2021\/06\/hover_1.jpg\"><br \/>\n<img decoding=\"async\" style=\"width: 100%;\" src=\"\/wp-content\/uploads\/2021\/05\/img_home_2.png\" height=\"249\" \/><br \/>\n<\/a><\/div>\n<p>[\/vc_column_text][\/vc_column][\/vc_row][vc_row css_animation=\u00a0\u00bbfadeInUp\u00a0\u00bb bg_type=\u00a0\u00bbbg_color\u00a0\u00bb bg_override=\u00a0\u00bbfull\u00a0\u00bb bg_color_value=\u00a0\u00bb#f0f0f0&Prime; el_id=\u00a0\u00bbbenefits\u00a0\u00bb][vc_column][vc_column_text css=\u00a0\u00bb.vc_custom_1624614927624{margin-bottom: 0px !important;}\u00a0\u00bb]<\/p>\n<h2>AVANTAGES<\/h2>\n<h3>Simplicit\u00e9 et efficacit\u00e9<\/h3>\n<p>[\/vc_column_text][\/vc_column][vc_column width=\u00a0\u00bb1\/6&Prime; offset=\u00a0\u00bbvc_col-xs-6&Prime;][vc_column_text css=\u00a0\u00bb.vc_custom_1624614939136{margin-bottom: 0px !important;}\u00a0\u00bb]<img loading=\"lazy\" decoding=\"async\" class=\"alignnone wp-image-8\" role=\"img\" src=\"https:\/\/www.vciactivepack.com\/wp-content\/uploads\/2021\/05\/beneficios_1.svg\" alt=\"\" width=\"80\" height=\"91\" \/><\/p>\n<h4>Produits<br \/>\ninoffensifs<\/h4>\n<p>[\/vc_column_text][\/vc_column][vc_column width=\u00a0\u00bb1\/6&Prime; offset=\u00a0\u00bbvc_col-xs-6&Prime;][vc_column_text css=\u00a0\u00bb.vc_custom_1624614950670{margin-bottom: 0px !important;}\u00a0\u00bb]<img loading=\"lazy\" decoding=\"async\" class=\"alignnone wp-image-8\" role=\"img\" src=\"https:\/\/www.vciactivepack.com\/wp-content\/uploads\/2021\/05\/beneficios_2.svg\" alt=\"\" width=\"80\" height=\"91\" \/><\/p>\n<h4>Respect de<br \/>\nl&rsquo;environnement<\/h4>\n<p>[\/vc_column_text][\/vc_column][vc_column width=\u00a0\u00bb1\/6&Prime; offset=\u00a0\u00bbvc_col-xs-6&Prime;][vc_column_text css=\u00a0\u00bb.vc_custom_1624614961121{margin-bottom: 0px !important;}\u00a0\u00bb]<img loading=\"lazy\" decoding=\"async\" class=\"alignnone wp-image-8\" role=\"img\" src=\"https:\/\/www.vciactivepack.com\/wp-content\/uploads\/2021\/05\/beneficios_3.svg\" alt=\"\" width=\"80\" height=\"91\" \/><\/p>\n<h4>Protection<br \/>\npoly-m\u00e9tallique<\/h4>\n<p>[\/vc_column_text][\/vc_column][vc_column width=\u00a0\u00bb1\/6&Prime; offset=\u00a0\u00bbvc_col-xs-6&Prime;][vc_column_text css=\u00a0\u00bb.vc_custom_1624614975390{margin-bottom: 0px !important;}\u00a0\u00bb]<img loading=\"lazy\" decoding=\"async\" class=\"alignnone wp-image-8\" role=\"img\" src=\"https:\/\/www.vciactivepack.com\/wp-content\/uploads\/2021\/05\/beneficios_4.svg\" alt=\"\" width=\"80\" height=\"91\" \/><\/p>\n<h4>Protection \u00e0 long<br \/>\nterme contre la<br \/>\ncorrosion dans les<br \/>\nespaces clos<\/h4>\n<p>[\/vc_column_text][\/vc_column][vc_column width=\u00a0\u00bb1\/6&Prime; offset=\u00a0\u00bbvc_col-xs-6&Prime;][vc_column_text]<img loading=\"lazy\" decoding=\"async\" class=\"alignnone wp-image-8\" role=\"img\" src=\"https:\/\/www.vciactivepack.com\/wp-content\/uploads\/2021\/05\/beneficios_5.svg\" alt=\"\" width=\"80\" height=\"91\" \/><\/p>\n<h4>Investissement nul ou<br \/>\nminimal<\/h4>\n<p>[\/vc_column_text][\/vc_column][vc_column width=\u00a0\u00bb1\/6&Prime; offset=\u00a0\u00bbvc_col-xs-6&Prime;][vc_column_text]<img loading=\"lazy\" decoding=\"async\" class=\"alignnone wp-image-8\" role=\"img\" src=\"https:\/\/www.vciactivepack.com\/wp-content\/uploads\/2021\/05\/beneficios_6.svg\" alt=\"\" width=\"80\" height=\"91\" \/><\/p>\n<h4>Facilit\u00e9 d&rsquo;utilisation<\/h4>\n<p>[\/vc_column_text][\/vc_column][\/vc_row][vc_row css_animation=\u00a0\u00bbfadeIn\u00a0\u00bb bg_type=\u00a0\u00bbbg_color\u00a0\u00bb bg_override=\u00a0\u00bbfull\u00a0\u00bb bg_color_value=\u00a0\u00bb#f0f0f0&Prime;][vc_column][vc_column_text]<a class=\"links\" href=\"https:\/\/www.vciactivepack.com\/vapor-corrosion-inhibitor\/\">La meilleure formule <\/a>[\/vc_column_text][\/vc_column][\/vc_row][vc_row gap=\u00a0\u00bb15&Prime; equal_height=\u00a0\u00bbyes\u00a0\u00bb css_animation=\u00a0\u00bbfadeInUp\u00a0\u00bb bg_type=\u00a0\u00bbbg_color\u00a0\u00bb bg_override=\u00a0\u00bbfull\u00a0\u00bb bg_color_value=\u00a0\u00bb#ffffff\u00a0\u00bb][vc_column][vc_column_text]<\/p>\n<h2>PRODUITS<\/h2>\n<h3>Solutions de protection contre la corrosion<\/h3>\n<p>[\/vc_column_text][\/vc_column][vc_column width=\u00a0\u00bb1\/4&Prime; css=\u00a0\u00bb.vc_custom_1620715433151{background-color: #4cbc92 !important;}\u00a0\u00bb el_class=\u00a0\u00bbproducts\u00a0\u00bb][vc_column_text]<\/p>\n<h4>VCI\u00a09004 &#8211; M\u00e9lange ma\u00eetre poly-m\u00e9tallique LDPE\/LLDPE<\/h4>\n<p>&nbsp;<\/p>\n<p>Additif VCI pour les films, sachets et plastiques.[\/vc_column_text][vc_column_text]<a class=\"whitelinks\" href=\"https:\/\/www.vciactivepack.com\/vci-9004-multi-metal-ldpe-lldpe-masterbatch\/\">Lire la suite<\/a>[\/vc_column_text][\/vc_column][vc_column width=\u00a0\u00bb1\/4&Prime; css=\u00a0\u00bb.vc_custom_1620715436215{background-color: #4cbc92 !important;}\u00a0\u00bb el_class=\u00a0\u00bbproducts\u00a0\u00bb][vc_column_text]<\/p>\n<h4>VCI\u00a08003 &#8211; Additif pour film de polyol\u00e9fine poly-m\u00e9tallique<\/h4>\n<p>&nbsp;<\/p>\n<p>Additif VCI pour les films, sachets et plastiques.[\/vc_column_text][vc_column_text]<a class=\"whitelinks\" href=\"https:\/\/www.vciactivepack.com\/vci-8003-multi-metal-polyolefin-film-additive\/\">Lire la suite<\/a>[\/vc_column_text][\/vc_column][vc_column width=\u00a0\u00bb1\/4&Prime; css=\u00a0\u00bb.vc_custom_1620715438706{background-color: #4cbc92 !important;}\u00a0\u00bb el_class=\u00a0\u00bbproducts\u00a0\u00bb][vc_column_text]<\/p>\n<h4>VCI\u00a05150 &#8211; Impr\u00e9gnation de papier et de carton<\/h4>\n<p>&nbsp;<\/p>\n<p>Liquide VCI pour l\u2019impr\u00e9gnation de papier et de carton.[\/vc_column_text][vc_column_text]<a class=\"whitelinks\" href=\"https:\/\/www.vciactivepack.com\/vci-5150-liquid-paper-cardboard-impregnation\/\">Lire la suite<\/a>[\/vc_column_text][\/vc_column][vc_column width=\u00a0\u00bb1\/4&Prime; css=\u00a0\u00bb.vc_custom_1620715442617{background-color: #4cbc92 !important;}\u00a0\u00bb el_class=\u00a0\u00bbproducts\u00a0\u00bb][vc_column_text]<\/p>\n<h4>Netnocor\u00a02120 &#8211; Liquide \u00e0 base d&rsquo;eau pour la protection contre la corrosion<\/h4>\n<p>&nbsp;<\/p>\n<p>Liquide \u00e0 base d&rsquo;eau pour la protection temporaire contre la corrosion.[\/vc_column_text][vc_column_text]<a class=\"whitelinks\" href=\"https:\/\/www.vciactivepack.com\/water-based-liquid-corrosion-protection\/\">Lire la suite<\/a>[\/vc_column_text][\/vc_column][vc_column width=\u00a0\u00bb1\/4&Prime; css=\u00a0\u00bb.vc_custom_1620715445276{background-color: #4cbc92 !important;}\u00a0\u00bb el_class=\u00a0\u00bbproducts\u00a0\u00bb][vc_column_text]<\/p>\n<h4>Netnocor\u00a05154 &#8211; Protection temporaire contre la corrosion, sans huile<\/h4>\n<p>&nbsp;<\/p>\n<p>Liquide \u00e0 base d&rsquo;eau pour la protection temporaire contre la corrosion.[\/vc_column_text][vc_column_text]<a class=\"whitelinks\" href=\"https:\/\/www.vciactivepack.com\/oil-free-temporary-corrosion-protection\/\">Lire la suite<\/a>[\/vc_column_text][\/vc_column][vc_column width=\u00a0\u00bb1\/4&Prime; css=\u00a0\u00bb.vc_custom_1620715448096{background-color: #4cbc92 !important;}\u00a0\u00bb el_class=\u00a0\u00bbproducts\u00a0\u00bb][vc_column_text]<\/p>\n<h4>Netnocor 5156 MR &#8211; Essais hydrauliques<\/h4>\n<p>&nbsp;<\/p>\n<p>Solution anticorrosion pour essais hydrauliques.[\/vc_column_text][vc_column_text]<a class=\"whitelinks\" href=\"https:\/\/www.vciactivepack.com\/corrosion-solution-hydraulic-testing\/\">Lire la suite<\/a>[\/vc_column_text][\/vc_column][vc_column width=\u00a0\u00bb1\/4&Prime; css=\u00a0\u00bb.vc_custom_1620715451472{background-color: #4cbc92 !important;}\u00a0\u00bb el_class=\u00a0\u00bbproducts\u00a0\u00bb][vc_column_text]<\/p>\n<h4>Produits d\u2019emballage VCI<\/h4>\n<p>&nbsp;<\/p>\n<p>Large gamme de produits d&#8217;emballage VCI ultra-modernes.[\/vc_column_text][vc_column_text]<a class=\"whitelinks\" href=\"https:\/\/www.vciactivepack.com\/vci-packaging-products\/\">Lire la suite<\/a>[\/vc_column_text][\/vc_column][\/vc_row][vc_row][vc_column][vc_column_text]<\/p>\n<h3><img loading=\"lazy\" decoding=\"async\" class=\"alignnone size-full wp-image-175\" role=\"img\" src=\"https:\/\/www.vciactivepack.com\/wp-content\/uploads\/2021\/05\/external_texts.svg\" alt=\"\" width=\"81\" height=\"81\" \/><\/h3>\n<h2>Essais et approbations externes<\/h2>\n<ul>\n<li><a href=\"https:\/\/www.vciactivepack.com\/wp-content\/uploads\/2021\/05\/PB200-091-18.pdf\" target=\"_blank\" rel=\"noopener\"><u>Rapport d&rsquo;essai<\/u><\/a><\/li>\n<li><a href=\"https:\/\/www.vciactivepack.com\/wp-content\/uploads\/2021\/05\/UB400-042-17-VCI-active-pack-Europe.pdf\" target=\"_blank\" rel=\"noopener\"><u>Protocole allemand de sant\u00e9 et de s\u00e9curit\u00e9 TRGS 615<\/u><\/a><\/li>\n<\/ul>\n<p>[\/vc_column_text][\/vc_column][\/vc_row]<\/p>\n<\/section>","protected":false},"excerpt":{"rendered":"<p>[vc_row gap=\u00a0\u00bb35&Prime; bg_type=\u00a0\u00bbbg_color\u00a0\u00bb bg_override=\u00a0\u00bbfull\u00a0\u00bb bg_color_value=\u00a0\u00bb#ffffff\u00a0\u00bb el_id=\u00a0\u00bbsolutions\u00a0\u00bb][vc_column css_animation=\u00a0\u00bbfadeInLeft\u00a0\u00bb width=\u00a0\u00bb1\/2&Prime;][vc_column_text] Une volont\u00e9 de fournir des solutions de qualit\u00e9 Avec plus de 30 ans d&rsquo;exp\u00e9rience dans le d\u00e9veloppement, la production, les essais et la vente de solutions de protection anticorrosion VCI, VCI Active Pack vous propose un projet cl\u00e9 en main pour les fabricants de films et de&hellip;<\/p>\n","protected":false},"author":1,"featured_media":386,"parent":0,"menu_order":0,"comment_status":"closed","ping_status":"open","template":"","meta":{"footnotes":""},"class_list":["post-413","page","type-page","status-publish","has-post-thumbnail","hentry","description-off"],"yoast_head":"<!-- This site is optimized with the Yoast SEO plugin v21.3 - https:\/\/yoast.com\/wordpress\/plugins\/seo\/ -->\n<title>VCI Active Pack | Des solutions de pointe en mati\u00e8re de protection contre la corrosion<\/title>\n<meta name=\"description\" content=\"Une technologie anticorrosion VCI innovante qui pr\u00e9serve la s\u00e9curit\u00e9 des personnes et de l&#039;environnement. La meilleure formule pour des solutions de qualit\u00e9 pour la protection contre la corrosion !\" \/>\n<meta name=\"robots\" content=\"index, follow, max-snippet:-1, max-image-preview:large, max-video-preview:-1\" \/>\n<link rel=\"canonical\" href=\"https:\/\/www.vciactivepack.com\/fr\/\" \/>\n<meta property=\"og:locale\" content=\"fr_FR\" \/>\n<meta property=\"og:type\" content=\"article\" \/>\n<meta property=\"og:title\" content=\"VCI Active Pack | Des solutions de pointe en mati\u00e8re de protection contre la corrosion\" \/>\n<meta property=\"og:description\" content=\"Une technologie anticorrosion VCI innovante qui pr\u00e9serve la s\u00e9curit\u00e9 des personnes et de l&#039;environnement. La meilleure formule pour des solutions de qualit\u00e9 pour la protection contre la corrosion !\" \/>\n<meta property=\"og:url\" content=\"https:\/\/www.vciactivepack.com\/fr\/\" \/>\n<meta property=\"og:site_name\" content=\"VCI Active Pack\" \/>\n<meta property=\"article:modified_time\" content=\"2021-06-25T11:18:58+00:00\" \/>\n<meta property=\"og:image\" content=\"https:\/\/www.vciactivepack.com\/wp-content\/uploads\/2021\/06\/vci_active_pack_5.jpg\" \/>\n\t<meta property=\"og:image:width\" content=\"600\" \/>\n\t<meta property=\"og:image:height\" content=\"315\" \/>\n\t<meta property=\"og:image:type\" content=\"image\/jpeg\" \/>\n<meta name=\"twitter:card\" content=\"summary_large_image\" \/>\n<meta name=\"twitter:label1\" content=\"Dur\u00e9e de lecture estim\u00e9e\" \/>\n\t<meta name=\"twitter:data1\" content=\"4 minutes\" \/>\n<script type=\"application\/ld+json\" class=\"yoast-schema-graph\">{\"@context\":\"https:\/\/schema.org\",\"@graph\":[{\"@type\":\"WebPage\",\"@id\":\"https:\/\/www.vciactivepack.com\/fr\/\",\"url\":\"https:\/\/www.vciactivepack.com\/fr\/\",\"name\":\"VCI Active Pack | Des solutions de pointe en mati\u00e8re de protection contre la corrosion\",\"isPartOf\":{\"@id\":\"https:\/\/www.vciactivepack.com\/#website\"},\"datePublished\":\"2021-05-06T08:08:06+00:00\",\"dateModified\":\"2021-06-25T11:18:58+00:00\",\"description\":\"Une technologie anticorrosion VCI innovante qui pr\u00e9serve la s\u00e9curit\u00e9 des personnes et de l'environnement. La meilleure formule pour des solutions de qualit\u00e9 pour la protection contre la corrosion !\",\"breadcrumb\":{\"@id\":\"https:\/\/www.vciactivepack.com\/fr\/#breadcrumb\"},\"inLanguage\":\"fr-FR\",\"potentialAction\":[{\"@type\":\"ReadAction\",\"target\":[\"https:\/\/www.vciactivepack.com\/fr\/\"]}]},{\"@type\":\"BreadcrumbList\",\"@id\":\"https:\/\/www.vciactivepack.com\/fr\/#breadcrumb\",\"itemListElement\":[{\"@type\":\"ListItem\",\"position\":1,\"name\":\"Home\",\"item\":\"https:\/\/www.vciactivepack.com\/fr\/\"},{\"@type\":\"ListItem\",\"position\":2,\"name\":\"Accueil\"}]},{\"@type\":\"WebSite\",\"@id\":\"https:\/\/www.vciactivepack.com\/#website\",\"url\":\"https:\/\/www.vciactivepack.com\/\",\"name\":\"VCI Active Pack\",\"description\":\"Leading corrosion protection solutions\",\"potentialAction\":[{\"@type\":\"SearchAction\",\"target\":{\"@type\":\"EntryPoint\",\"urlTemplate\":\"https:\/\/www.vciactivepack.com\/?s={search_term_string}\"},\"query-input\":\"required name=search_term_string\"}],\"inLanguage\":\"fr-FR\"}]}<\/script>\n<!-- \/ Yoast SEO plugin. -->","yoast_head_json":{"title":"VCI Active Pack | Des solutions de pointe en mati\u00e8re de protection contre la corrosion","description":"Une technologie anticorrosion VCI innovante qui pr\u00e9serve la s\u00e9curit\u00e9 des personnes et de l'environnement. La meilleure formule pour des solutions de qualit\u00e9 pour la protection contre la corrosion !","robots":{"index":"index","follow":"follow","max-snippet":"max-snippet:-1","max-image-preview":"max-image-preview:large","max-video-preview":"max-video-preview:-1"},"canonical":"https:\/\/www.vciactivepack.com\/fr\/","og_locale":"fr_FR","og_type":"article","og_title":"VCI Active Pack | Des solutions de pointe en mati\u00e8re de protection contre la corrosion","og_description":"Une technologie anticorrosion VCI innovante qui pr\u00e9serve la s\u00e9curit\u00e9 des personnes et de l'environnement. La meilleure formule pour des solutions de qualit\u00e9 pour la protection contre la corrosion !","og_url":"https:\/\/www.vciactivepack.com\/fr\/","og_site_name":"VCI Active Pack","article_modified_time":"2021-06-25T11:18:58+00:00","og_image":[{"width":600,"height":315,"url":"https:\/\/www.vciactivepack.com\/wp-content\/uploads\/2021\/06\/vci_active_pack_5.jpg","type":"image\/jpeg"}],"twitter_card":"summary_large_image","twitter_misc":{"Dur\u00e9e de lecture estim\u00e9e":"4 minutes"},"schema":{"@context":"https:\/\/schema.org","@graph":[{"@type":"WebPage","@id":"https:\/\/www.vciactivepack.com\/fr\/","url":"https:\/\/www.vciactivepack.com\/fr\/","name":"VCI Active Pack | Des solutions de pointe en mati\u00e8re de protection contre la corrosion","isPartOf":{"@id":"https:\/\/www.vciactivepack.com\/#website"},"datePublished":"2021-05-06T08:08:06+00:00","dateModified":"2021-06-25T11:18:58+00:00","description":"Une technologie anticorrosion VCI innovante qui pr\u00e9serve la s\u00e9curit\u00e9 des personnes et de l'environnement. La meilleure formule pour des solutions de qualit\u00e9 pour la protection contre la corrosion !","breadcrumb":{"@id":"https:\/\/www.vciactivepack.com\/fr\/#breadcrumb"},"inLanguage":"fr-FR","potentialAction":[{"@type":"ReadAction","target":["https:\/\/www.vciactivepack.com\/fr\/"]}]},{"@type":"BreadcrumbList","@id":"https:\/\/www.vciactivepack.com\/fr\/#breadcrumb","itemListElement":[{"@type":"ListItem","position":1,"name":"Home","item":"https:\/\/www.vciactivepack.com\/fr\/"},{"@type":"ListItem","position":2,"name":"Accueil"}]},{"@type":"WebSite","@id":"https:\/\/www.vciactivepack.com\/#website","url":"https:\/\/www.vciactivepack.com\/","name":"VCI Active Pack","description":"Leading corrosion protection solutions","potentialAction":[{"@type":"SearchAction","target":{"@type":"EntryPoint","urlTemplate":"https:\/\/www.vciactivepack.com\/?s={search_term_string}"},"query-input":"required name=search_term_string"}],"inLanguage":"fr-FR"}]}},"_links":{"self":[{"href":"https:\/\/www.vciactivepack.com\/fr\/wp-json\/wp\/v2\/pages\/413","targetHints":{"allow":["GET"]}}],"collection":[{"href":"https:\/\/www.vciactivepack.com\/fr\/wp-json\/wp\/v2\/pages"}],"about":[{"href":"https:\/\/www.vciactivepack.com\/fr\/wp-json\/wp\/v2\/types\/page"}],"author":[{"embeddable":true,"href":"https:\/\/www.vciactivepack.com\/fr\/wp-json\/wp\/v2\/users\/1"}],"replies":[{"embeddable":true,"href":"https:\/\/www.vciactivepack.com\/fr\/wp-json\/wp\/v2\/comments?post=413"}],"version-history":[{"count":3,"href":"https:\/\/www.vciactivepack.com\/fr\/wp-json\/wp\/v2\/pages\/413\/revisions"}],"predecessor-version":[{"id":416,"href":"https:\/\/www.vciactivepack.com\/fr\/wp-json\/wp\/v2\/pages\/413\/revisions\/416"}],"wp:featuredmedia":[{"embeddable":true,"href":"https:\/\/www.vciactivepack.com\/fr\/wp-json\/wp\/v2\/media\/386"}],"wp:attachment":[{"href":"https:\/\/www.vciactivepack.com\/fr\/wp-json\/wp\/v2\/media?parent=413"}],"curies":[{"name":"wp","href":"https:\/\/api.w.org\/{rel}","templated":true}]}}