{"id":418,"date":"2021-05-10T09:13:29","date_gmt":"2021-05-10T08:13:29","guid":{"rendered":"https:\/\/www.vciactivepack.com\/vapor-corrosion-inhibitor\/"},"modified":"2021-06-28T07:05:36","modified_gmt":"2021-06-28T06:05:36","slug":"inhibiteur-corrosion-vapeur","status":"publish","type":"page","link":"https:\/\/www.vciactivepack.com\/fr\/inhibiteur-corrosion-vapeur\/","title":{"rendered":"Technologie VCI Active Pack"},"content":{"rendered":"<section class=\"wpb-content-wrapper\"><p>[vc_row gap=\u00a0\u00bb35&Prime; css_animation=\u00a0\u00bbfadeInLeft\u00a0\u00bb bg_type=\u00a0\u00bbbg_color\u00a0\u00bb bg_override=\u00a0\u00bbfull\u00a0\u00bb bg_color_value=\u00a0\u00bb#ffffff\u00a0\u00bb el_id=\u00a0\u00bbsolutions\u00a0\u00bb][vc_column][vc_column_text]<\/p>\n<h2>Technologie VCI Active Pack<\/h2>\n<p>Avec plus de 30 ans d&rsquo;exp\u00e9rience dans le d\u00e9veloppement, la production, les essais et la vente de solutions de protection anticorrosion VCI, <strong>VCI Active Pack<\/strong> vous propose un projet cl\u00e9 en main pour les fabricants de films et de sachets, qui vendent des emballages anticorrosion au secteur de la m\u00e9tallurgie.<\/p>\n<p>Notre technologie VCI (Inhibiteur de corrosion \u00e0 la vapeur) contient des inhibiteurs de corrosion volatils (\u00e9galement connus sous le nom d&rsquo;inhibiteurs de corrosion en phase vapeur) pr\u00e9sentant d&rsquo;excellentes propri\u00e9t\u00e9s en phase vapeur et une inhibition de la corrosion par contact.[\/vc_column_text][\/vc_column][\/vc_row][vc_row gap=\u00a0\u00bb35&Prime; css_animation=\u00a0\u00bbfadeInRight\u00a0\u00bb bg_type=\u00a0\u00bbbg_color\u00a0\u00bb bg_override=\u00a0\u00bbfull\u00a0\u00bb bg_color_value=\u00a0\u00bb#f0f0f0&Prime; el_id=\u00a0\u00bbbenefits\u00a0\u00bb][vc_column][vc_column_text]<\/p>\n<h2>Comment fonctionnent les inhibiteurs de corrosion \u00e0 la vapeur ?<\/h2>\n<p>Le film, le sachet, le papier ou le carton est impr\u00e9gn\u00e9 de l&rsquo;inhibiteur de corrosion \u00e0 la vapeur lors de sa production. Une partie du VCI migre vers la surface du film lorsque le composant m\u00e9tallique est plac\u00e9 \u00e0 l&rsquo;int\u00e9rieur du sac. Lorsque le sachet est ferm\u00e9, l&rsquo;int\u00e9rieur se remplit de vapeurs du VCI et les mol\u00e9cules du VCI se fixent \u00e0 la surface du m\u00e9tal, cr\u00e9ant une couche passive qui emp\u00eache l&rsquo;oxydation.<\/p>\n<p>Le mat\u00e9riau d&#8217;emballage contient suffisamment de VCI pour re-saturer l&#8217;emballage s&rsquo;il est perfor\u00e9 ou si le sachet est ouvert. Une fois le composant sorti du sachet, cette couche passive s&rsquo;\u00e9vapore et laisse la surface aussi s\u00e8che et propre qu&rsquo;avant son emballage.[\/vc_column_text][\/vc_column][\/vc_row][vc_row equal_height=\u00a0\u00bbyes\u00a0\u00bb css_animation=\u00a0\u00bbfadeIn\u00a0\u00bb bg_type=\u00a0\u00bbbg_color\u00a0\u00bb bg_override=\u00a0\u00bbfull\u00a0\u00bb bg_color_value=\u00a0\u00bb#ffffff\u00a0\u00bb css=\u00a0\u00bb.vc_custom_1621578830061{padding-top: 35px !important;}\u00a0\u00bb][vc_column][vc_column_text]<\/p>\n<h2>Capacit\u00e9 d&rsquo;inhibition de la vapeur (VIA)<\/h2>\n<p>[\/vc_column_text][\/vc_column][\/vc_row][vc_row equal_height=\u00a0\u00bbyes\u00a0\u00bb css_animation=\u00a0\u00bbfadeInUp\u00a0\u00bb bg_type=\u00a0\u00bbbg_color\u00a0\u00bb bg_override=\u00a0\u00bbfull\u00a0\u00bb bg_color_value=\u00a0\u00bb#ffffff\u00a0\u00bb][vc_column][vc_raw_html el_id=\u00a0\u00bbtable\u00a0\u00bb]JTNDdGFibGUlMjBpZCUzRCUyMmV2YWx1YXRpb24lMjIlM0UlMEElM0N0ciUzRSUwQSUzQ3RoJTNFJTNDJTJGdGglM0UlMEElM0N0aCUzRSUzQ2gzJTNFUExBUVVFUyUyMEVOJTIwQUNJRVIlM0MlMkZoMyUzRSUzQyUyRnRoJTNFJTBBJTNDJTJGdHIlM0UlMEElMjAlMjAlM0N0ciUzRSUwQSUyMCUyMCUyMCUyMCUzQ3RoJTNFJTNDaDMlM0UlQzMlODlWQUxVQVRJT04lM0MlMkZoMyUzRSUzQyUyRnRoJTNFJTBBJTIwJTIwJTIwJTIwJTNDdGQlM0VQbGFxdWUlMjBkZSUyMGNvbnRyJUMzJUI0bGUlMjBzYW5zJTIwVkNJJTNDJTJGdGQlM0UlMEElMjAlMjAlMjAlMjAlMjAlMjAlMjAlMjAlM0N0ZCUzRVBsYXF1ZXMlMjBwcm90JUMzJUE5ZyVDMyVBOWVzJTIwcGFyJTIwdW4lMjBmaWxtJTIwY29tcG9zJUMzJUE5JTIwZGUlMjBWQ0klMjBBY3RpdmUlMjBQYWNrJTNDJTJGdGQlM0UlMEElMEElMjAlMjAlM0MlMkZ0ciUzRSUwQSUyMCUyMCUzQ3RyJTNFJTBBJTIwJTIwJTIwJTIwJTNDdGglM0UlM0NoMyUyMHN0eWxlJTNEJTIybWF4LXdpZHRoJTNBJTIwMjAwcHglM0IlMjIlM0VSJUMzJTg5U1VMVEFUUyUyMERFJTIwQ09SUk9TSU9OJTNDJTJGaDMlM0UlMjAlM0MlMkZ0aCUzRSUwQSUyMCUyMCUyMCUyMCUzQ3RoJTNFJTNDaW1nJTIwc3JjJTNEJTIyJTJGd3AtY29udGVudCUyRnVwbG9hZHMlMkYyMDIxJTJGMDUlMkZpbWdfMS5qcGclMjIlM0UlM0MlMkZ0aCUzRSUwQSUyMCUyMCUyMCUyMCUzQ3RkJTNFJTNDaW1nJTIwc3JjJTNEJTIyJTJGd3AtY29udGVudCUyRnVwbG9hZHMlMkYyMDIxJTJGMDUlMkZpbWdfMi5qcGclMjIlM0UlMjAlM0NpbWclMjBzcmMlM0QlMjIlMkZ3cC1jb250ZW50JTJGdXBsb2FkcyUyRjIwMjElMkYwNSUyRmltZ18zLmpwZyUyMiUzRSUyMCUzQ2ltZyUyMHNyYyUzRCUyMiUyRndwLWNvbnRlbnQlMkZ1cGxvYWRzJTJGMjAyMSUyRjA1JTJGaW1nXzQuanBnJTIyJTNFJTIwJTNDJTJGdGQlM0UlMEElMjAlMjAlM0MlMkZ0ciUzRSUwQSUzQyUyRnRhYmxlJTNFJTBB[\/vc_raw_html][\/vc_column][\/vc_row][vc_row full_width=\u00a0\u00bbstretch_row_content_no_spaces\u00a0\u00bb css_animation=\u00a0\u00bbfadeInUp\u00a0\u00bb][vc_column css=\u00a0\u00bb.vc_custom_1621494015544{padding-top: 0px !important;}\u00a0\u00bb][vc_column_text css=\u00a0\u00bb.vc_custom_1621494011418{margin-bottom: 0px !important;}\u00a0\u00bb]<img decoding=\"async\" style=\"width: 100%; display: block;\" src=\"\/wp-content\/uploads\/2021\/05\/separador_1_vci_active_pack_technology.jpg\" \/>[\/vc_column_text][\/vc_column][\/vc_row][vc_row gap=\u00a0\u00bb15&Prime; equal_height=\u00a0\u00bbyes\u00a0\u00bb css_animation=\u00a0\u00bbfadeInUp\u00a0\u00bb bg_type=\u00a0\u00bbbg_color\u00a0\u00bb bg_override=\u00a0\u00bbfull\u00a0\u00bb bg_color_value=\u00a0\u00bb#f0f0f0&Prime; css=\u00a0\u00bb.vc_custom_1621581421827{padding-top: 35px !important;padding-bottom: 35px !important;}\u00a0\u00bb][vc_column][vc_column_text]<\/p>\n<h2>FORMULE VCI ACTIVE PACK<\/h2>\n<h3>La meilleure technologie<\/h3>\n<p>[\/vc_column_text][\/vc_column][vc_column width=\u00a0\u00bb1\/3&Prime; el_class=\u00a0\u00bbproducts\u00a0\u00bb][vc_column_text]<img decoding=\"async\" style=\"width: auto; height: 85px;\" src=\"\/wp-content\/uploads\/2021\/05\/beneficios_1.svg\" \/><\/p>\n<h4>Produits inoffensifs<\/h4>\n<p>Notre VCI nouvelle g\u00e9n\u00e9ration donne la priorit\u00e9 \u00e0 la sant\u00e9 et \u00e0 la s\u00e9curit\u00e9 de nos utilisateurs. Nos produits sont exempts de nitrites pour garantir la s\u00e9curit\u00e9 des personnes et de l&rsquo;environnement. Le produit pr\u00e9sente \u00e9galement une faible odeur agr\u00e9able.[\/vc_column_text][\/vc_column][vc_column width=\u00a0\u00bb1\/3&Prime; el_class=\u00a0\u00bbproducts\u00a0\u00bb][vc_column_text]<img decoding=\"async\" style=\"width: auto; height: 85px;\" src=\"\/wp-content\/uploads\/2021\/05\/beneficios_2.svg\" \/><\/p>\n<h4>Respect de l&rsquo;environnement<\/h4>\n<p>Tous nos produits sont fabriqu\u00e9s \u00e0 partir de substances naturelles qui sont class\u00e9es dans le <a href=\"https:\/\/eur-lex.europa.eu\/eli\/reg\/2011\/10\/oj?locale=fr#\" target=\"_blank\" rel=\"noopener\"><u>R\u00e8glement de la Commission (UE) n\u00b010\/2011 pour le contact alimentaire<\/u><\/a>. Nos produits sont \u00e9galement sp\u00e9cifi\u00e9s dans la <a href=\"https:\/\/www.fda.gov\/food\/food-additives-petitions\/food-additive-status-list\" target=\"_blank\" rel=\"noopener\"><u>FDA CFR 21 (Food Additives Status List)<\/u><\/a> et ils sont \u00e9galement conformes au <a href=\"https:\/\/www.vciactivepack.com\/wp-content\/uploads\/2021\/05\/UB400-042-17-VCI-active-pack-Europe.pdf\" target=\"_blank\" rel=\"noopener\"><u>protocole allemand de sant\u00e9 et de s\u00e9curit\u00e9 TRGS 615<\/u><\/a>. Ces substances naturelles sont largement utilis\u00e9es dans les produits de soins pour le corps.[\/vc_column_text][\/vc_column][vc_column width=\u00a0\u00bb1\/3&Prime; el_class=\u00a0\u00bbproducts\u00a0\u00bb][vc_column_text]<img decoding=\"async\" style=\"width: auto; height: 85px;\" src=\"\/wp-content\/uploads\/2021\/05\/beneficios_3.svg\" \/><\/p>\n<h4>Protection poly-m\u00e9tallique<\/h4>\n<p>La technologie d&rsquo;inhibiteur de corrosion \u00e0 la vapeur <strong>VCI Active Pack<\/strong> assure une protection poly-m\u00e9tallique. Cette technologie prot\u00e8ge les m\u00e9taux, qu\u2019il s\u2019agisse du fer, de l\u2019acier et de ses alliages, de l\u2019acier galvanis\u00e9, du cuivre et de ses alliages, de l\u2019aluminium et du magn\u00e9sium. Nos solutions anticorrosion donnent d\u2019excellents r\u00e9sultats m\u00eame \u00e0 de faibles pourcentages.[\/vc_column_text][\/vc_column][vc_column width=\u00a0\u00bb1\/3&Prime; el_class=\u00a0\u00bbproducts\u00a0\u00bb][vc_column_text]<img decoding=\"async\" style=\"width: auto; height: 85px;\" src=\"\/wp-content\/uploads\/2021\/05\/beneficios_4.svg\" \/><\/p>\n<h4>Protection \u00e0 long terme contre la corrosion dans les espaces clos<\/h4>\n<p>Notre technologie VCI offre une excellente protection contre la corrosion dans les espaces clos sur des p\u00e9riodes prolong\u00e9es, ce qui se traduit \u00e9galement par d&rsquo;excellents rapports co\u00fbt\/performance. Ainsi, les principaux constructeurs automobiles et OEM ont approuv\u00e9 notre technologie d&rsquo;inhibiteur de corrosion \u00e0 la vapeur car elle r\u00e9pond aux param\u00e8tres de performance les plus stricts.[\/vc_column_text][\/vc_column][vc_column width=\u00a0\u00bb1\/3&Prime; el_class=\u00a0\u00bbproducts\u00a0\u00bb][vc_column_text]<img decoding=\"async\" style=\"width: auto; height: 85px;\" src=\"\/wp-content\/uploads\/2021\/05\/beneficios_5.svg\" \/><\/p>\n<h4>Investissement nul ou minimal<\/h4>\n<p>Nous vous proposons un projet cl\u00e9 en main pratique qui ne n\u00e9cessite aucun investissement ou un investissement minime, car notre m\u00e9thode implique le co\u00fbt minimal du processus de production et le moindre effort.[\/vc_column_text][\/vc_column][vc_column width=\u00a0\u00bb1\/3&Prime; el_class=\u00a0\u00bbproducts\u00a0\u00bb][vc_column_text]<img decoding=\"async\" style=\"width: auto; height: 85px;\" src=\"\/wp-content\/uploads\/2021\/05\/beneficios_6.svg\" \/><\/p>\n<h4>Facilit\u00e9 d&rsquo;utilisation<\/h4>\n<p>Le processus d&rsquo;ajout de notre m\u00e9lange-ma\u00eetre ou d&rsquo;utilisation de nos liquides \u00e0 base d&rsquo;eau est le moins complexe par rapport aux autres m\u00e9thodes.[\/vc_column_text][\/vc_column][\/vc_row][vc_row bg_type=\u00a0\u00bbimage\u00a0\u00bb parallax_style=\u00a0\u00bbvcpb-default\u00a0\u00bb bg_image_new=\u00a0\u00bbid^225|url^https:\/\/www.vciactivepack.com\/wp-content\/uploads\/2021\/05\/cta_1_vci_active_pack_technology.jpg|caption^null|alt^null|title^cta_1_vci_active_pack_technology|description^null\u00a0\u00bb bg_image_repeat=\u00a0\u00bbno-repeat\u00a0\u00bb bg_override=\u00a0\u00bbfull\u00a0\u00bb css=\u00a0\u00bb.vc_custom_1621494042326{padding-top: 65px !important;padding-bottom: 65px !important;}\u00a0\u00bb][vc_column][vc_column_text]<\/p>\n<h2>PRODUITS<\/h2>\n<h3>D\u00e9couvrez nos solutions de protection contre la corrosion<\/h3>\n<p>[\/vc_column_text][vc_column_text]<a class=\"links\" href=\"https:\/\/www.vciactivepack.com\/vci-products-corrosion-management\/\">Produits<\/a>[\/vc_column_text][\/vc_column][\/vc_row]<\/p>\n<\/section>","protected":false},"excerpt":{"rendered":"<p>[vc_row gap=\u00a0\u00bb35&Prime; css_animation=\u00a0\u00bbfadeInLeft\u00a0\u00bb bg_type=\u00a0\u00bbbg_color\u00a0\u00bb bg_override=\u00a0\u00bbfull\u00a0\u00bb bg_color_value=\u00a0\u00bb#ffffff\u00a0\u00bb el_id=\u00a0\u00bbsolutions\u00a0\u00bb][vc_column][vc_column_text] Technologie VCI Active Pack Avec plus de 30 ans d&rsquo;exp\u00e9rience dans le d\u00e9veloppement, la production, les essais et la vente de solutions de protection anticorrosion VCI, VCI Active Pack vous propose un projet cl\u00e9 en main pour les fabricants de films et de sachets, qui vendent des emballages&hellip;<\/p>\n","protected":false},"author":1,"featured_media":378,"parent":0,"menu_order":0,"comment_status":"closed","ping_status":"closed","template":"","meta":{"footnotes":""},"class_list":["post-418","page","type-page","status-publish","has-post-thumbnail","hentry","description-off"],"yoast_head":"<!-- This site is optimized with the Yoast SEO plugin v21.3 - https:\/\/yoast.com\/wordpress\/plugins\/seo\/ -->\n<title>Technologie d&#039;inhibiteur de corrosion \u00e0 la vapeur | VCI Active Pack<\/title>\n<meta name=\"description\" content=\"Notre technologie d&#039;inhibiteur de corrosion \u00e0 la vapeur (VCI) est inoffensive, respectueuse de l&#039;environnement, offre une protection poly-m\u00e9tallique \u00e0 long terme, n\u00e9cessite un investissement nul ou minimal, et est facile \u00e0 utiliser.\" \/>\n<meta name=\"robots\" content=\"index, follow, max-snippet:-1, max-image-preview:large, max-video-preview:-1\" \/>\n<link rel=\"canonical\" href=\"https:\/\/www.vciactivepack.com\/fr\/inhibiteur-corrosion-vapeur\/\" \/>\n<meta property=\"og:locale\" content=\"fr_FR\" \/>\n<meta property=\"og:type\" content=\"article\" \/>\n<meta property=\"og:title\" content=\"Technologie d&#039;inhibiteur de corrosion \u00e0 la vapeur | VCI Active Pack\" \/>\n<meta property=\"og:description\" content=\"Notre technologie d&#039;inhibiteur de corrosion \u00e0 la vapeur (VCI) est inoffensive, respectueuse de l&#039;environnement, offre une protection poly-m\u00e9tallique \u00e0 long terme, n\u00e9cessite un investissement nul ou minimal, et est facile \u00e0 utiliser.\" \/>\n<meta property=\"og:url\" content=\"https:\/\/www.vciactivepack.com\/fr\/inhibiteur-corrosion-vapeur\/\" \/>\n<meta property=\"og:site_name\" content=\"VCI Active Pack\" \/>\n<meta property=\"article:modified_time\" content=\"2021-06-28T06:05:36+00:00\" \/>\n<meta property=\"og:image\" content=\"https:\/\/www.vciactivepack.com\/wp-content\/uploads\/2021\/06\/vci_active_pack_3.jpg\" \/>\n\t<meta property=\"og:image:width\" content=\"600\" \/>\n\t<meta property=\"og:image:height\" content=\"315\" \/>\n\t<meta property=\"og:image:type\" content=\"image\/jpeg\" \/>\n<meta name=\"twitter:card\" content=\"summary_large_image\" \/>\n<meta name=\"twitter:label1\" content=\"Dur\u00e9e de lecture estim\u00e9e\" \/>\n\t<meta name=\"twitter:data1\" content=\"5 minutes\" \/>\n<script type=\"application\/ld+json\" class=\"yoast-schema-graph\">{\"@context\":\"https:\/\/schema.org\",\"@graph\":[{\"@type\":\"WebPage\",\"@id\":\"https:\/\/www.vciactivepack.com\/fr\/inhibiteur-corrosion-vapeur\/\",\"url\":\"https:\/\/www.vciactivepack.com\/fr\/inhibiteur-corrosion-vapeur\/\",\"name\":\"Technologie d'inhibiteur de corrosion \u00e0 la vapeur | VCI Active Pack\",\"isPartOf\":{\"@id\":\"https:\/\/www.vciactivepack.com\/#website\"},\"datePublished\":\"2021-05-10T08:13:29+00:00\",\"dateModified\":\"2021-06-28T06:05:36+00:00\",\"description\":\"Notre technologie d'inhibiteur de corrosion \u00e0 la vapeur (VCI) est inoffensive, respectueuse de l'environnement, offre une protection poly-m\u00e9tallique \u00e0 long terme, n\u00e9cessite un investissement nul ou minimal, et est facile \u00e0 utiliser.\",\"breadcrumb\":{\"@id\":\"https:\/\/www.vciactivepack.com\/fr\/inhibiteur-corrosion-vapeur\/#breadcrumb\"},\"inLanguage\":\"fr-FR\",\"potentialAction\":[{\"@type\":\"ReadAction\",\"target\":[\"https:\/\/www.vciactivepack.com\/fr\/inhibiteur-corrosion-vapeur\/\"]}]},{\"@type\":\"BreadcrumbList\",\"@id\":\"https:\/\/www.vciactivepack.com\/fr\/inhibiteur-corrosion-vapeur\/#breadcrumb\",\"itemListElement\":[{\"@type\":\"ListItem\",\"position\":1,\"name\":\"Home\",\"item\":\"https:\/\/www.vciactivepack.com\/fr\/\"},{\"@type\":\"ListItem\",\"position\":2,\"name\":\"Technologie VCI Active Pack\"}]},{\"@type\":\"WebSite\",\"@id\":\"https:\/\/www.vciactivepack.com\/#website\",\"url\":\"https:\/\/www.vciactivepack.com\/\",\"name\":\"VCI Active Pack\",\"description\":\"Leading corrosion protection solutions\",\"potentialAction\":[{\"@type\":\"SearchAction\",\"target\":{\"@type\":\"EntryPoint\",\"urlTemplate\":\"https:\/\/www.vciactivepack.com\/?s={search_term_string}\"},\"query-input\":\"required name=search_term_string\"}],\"inLanguage\":\"fr-FR\"}]}<\/script>\n<!-- \/ Yoast SEO plugin. -->","yoast_head_json":{"title":"Technologie d'inhibiteur de corrosion \u00e0 la vapeur | VCI Active Pack","description":"Notre technologie d'inhibiteur de corrosion \u00e0 la vapeur (VCI) est inoffensive, respectueuse de l'environnement, offre une protection poly-m\u00e9tallique \u00e0 long terme, n\u00e9cessite un investissement nul ou minimal, et est facile \u00e0 utiliser.","robots":{"index":"index","follow":"follow","max-snippet":"max-snippet:-1","max-image-preview":"max-image-preview:large","max-video-preview":"max-video-preview:-1"},"canonical":"https:\/\/www.vciactivepack.com\/fr\/inhibiteur-corrosion-vapeur\/","og_locale":"fr_FR","og_type":"article","og_title":"Technologie d'inhibiteur de corrosion \u00e0 la vapeur | VCI Active Pack","og_description":"Notre technologie d'inhibiteur de corrosion \u00e0 la vapeur (VCI) est inoffensive, respectueuse de l'environnement, offre une protection poly-m\u00e9tallique \u00e0 long terme, n\u00e9cessite un investissement nul ou minimal, et est facile \u00e0 utiliser.","og_url":"https:\/\/www.vciactivepack.com\/fr\/inhibiteur-corrosion-vapeur\/","og_site_name":"VCI Active Pack","article_modified_time":"2021-06-28T06:05:36+00:00","og_image":[{"width":600,"height":315,"url":"https:\/\/www.vciactivepack.com\/wp-content\/uploads\/2021\/06\/vci_active_pack_3.jpg","type":"image\/jpeg"}],"twitter_card":"summary_large_image","twitter_misc":{"Dur\u00e9e de lecture estim\u00e9e":"5 minutes"},"schema":{"@context":"https:\/\/schema.org","@graph":[{"@type":"WebPage","@id":"https:\/\/www.vciactivepack.com\/fr\/inhibiteur-corrosion-vapeur\/","url":"https:\/\/www.vciactivepack.com\/fr\/inhibiteur-corrosion-vapeur\/","name":"Technologie d'inhibiteur de corrosion \u00e0 la vapeur | VCI Active Pack","isPartOf":{"@id":"https:\/\/www.vciactivepack.com\/#website"},"datePublished":"2021-05-10T08:13:29+00:00","dateModified":"2021-06-28T06:05:36+00:00","description":"Notre technologie d'inhibiteur de corrosion \u00e0 la vapeur (VCI) est inoffensive, respectueuse de l'environnement, offre une protection poly-m\u00e9tallique \u00e0 long terme, n\u00e9cessite un investissement nul ou minimal, et est facile \u00e0 utiliser.","breadcrumb":{"@id":"https:\/\/www.vciactivepack.com\/fr\/inhibiteur-corrosion-vapeur\/#breadcrumb"},"inLanguage":"fr-FR","potentialAction":[{"@type":"ReadAction","target":["https:\/\/www.vciactivepack.com\/fr\/inhibiteur-corrosion-vapeur\/"]}]},{"@type":"BreadcrumbList","@id":"https:\/\/www.vciactivepack.com\/fr\/inhibiteur-corrosion-vapeur\/#breadcrumb","itemListElement":[{"@type":"ListItem","position":1,"name":"Home","item":"https:\/\/www.vciactivepack.com\/fr\/"},{"@type":"ListItem","position":2,"name":"Technologie VCI Active Pack"}]},{"@type":"WebSite","@id":"https:\/\/www.vciactivepack.com\/#website","url":"https:\/\/www.vciactivepack.com\/","name":"VCI Active Pack","description":"Leading corrosion protection solutions","potentialAction":[{"@type":"SearchAction","target":{"@type":"EntryPoint","urlTemplate":"https:\/\/www.vciactivepack.com\/?s={search_term_string}"},"query-input":"required name=search_term_string"}],"inLanguage":"fr-FR"}]}},"_links":{"self":[{"href":"https:\/\/www.vciactivepack.com\/fr\/wp-json\/wp\/v2\/pages\/418","targetHints":{"allow":["GET"]}}],"collection":[{"href":"https:\/\/www.vciactivepack.com\/fr\/wp-json\/wp\/v2\/pages"}],"about":[{"href":"https:\/\/www.vciactivepack.com\/fr\/wp-json\/wp\/v2\/types\/page"}],"author":[{"embeddable":true,"href":"https:\/\/www.vciactivepack.com\/fr\/wp-json\/wp\/v2\/users\/1"}],"replies":[{"embeddable":true,"href":"https:\/\/www.vciactivepack.com\/fr\/wp-json\/wp\/v2\/comments?post=418"}],"version-history":[{"count":4,"href":"https:\/\/www.vciactivepack.com\/fr\/wp-json\/wp\/v2\/pages\/418\/revisions"}],"predecessor-version":[{"id":547,"href":"https:\/\/www.vciactivepack.com\/fr\/wp-json\/wp\/v2\/pages\/418\/revisions\/547"}],"wp:featuredmedia":[{"embeddable":true,"href":"https:\/\/www.vciactivepack.com\/fr\/wp-json\/wp\/v2\/media\/378"}],"wp:attachment":[{"href":"https:\/\/www.vciactivepack.com\/fr\/wp-json\/wp\/v2\/media?parent=418"}],"curies":[{"name":"wp","href":"https:\/\/api.w.org\/{rel}","templated":true}]}}