{"id":424,"date":"2021-05-10T09:13:39","date_gmt":"2021-05-10T08:13:39","guid":{"rendered":"https:\/\/www.vciactivepack.com\/produits-vci-gestion-de-la-corrosion\/"},"modified":"2021-06-25T11:21:54","modified_gmt":"2021-06-25T10:21:54","slug":"produits-vci-gestion-de-la-corrosion","status":"publish","type":"page","link":"https:\/\/www.vciactivepack.com\/fr\/produits-vci-gestion-de-la-corrosion\/","title":{"rendered":"Produits VCI"},"content":{"rendered":"<section class=\"wpb-content-wrapper\"><p>[vc_row css_animation=\u00a0\u00bbfadeInLeft\u00a0\u00bb bg_type=\u00a0\u00bbbg_color\u00a0\u00bb bg_override=\u00a0\u00bbfull\u00a0\u00bb bg_color_value=\u00a0\u00bb#ffffff\u00a0\u00bb css=\u00a0\u00bb.vc_custom_1621579230905{padding-top: 35px !important;}\u00a0\u00bb][vc_column][vc_column_text css=\u00a0\u00bb.vc_custom_1624616305201{margin-bottom: 0px !important;}\u00a0\u00bb]<\/p>\n<h2>Une volont\u00e9 de fournir des solutions de qualit\u00e9<\/h2>\n<p><strong>VCI Active Pack<\/strong> vous propose un projet cl\u00e9 en main pour les fabricants de films et de sachets qui vendent des emballages anticorrosion au secteur de la m\u00e9tallurgie. <strong>Nous veillerons \u00e0 ce que vous obteniez toujours les meilleurs r\u00e9sultats.<\/strong>[\/vc_column_text][\/vc_column][\/vc_row][vc_row gap=\u00a0\u00bb15&Prime; equal_height=\u00a0\u00bbyes\u00a0\u00bb css_animation=\u00a0\u00bbfadeInRight\u00a0\u00bb bg_type=\u00a0\u00bbbg_color\u00a0\u00bb bg_override=\u00a0\u00bbfull\u00a0\u00bb bg_color_value=\u00a0\u00bb#ffffff\u00a0\u00bb css=\u00a0\u00bb.vc_custom_1621579237412{padding-top: 35px !important;padding-bottom: 60px !important;}\u00a0\u00bb][vc_column][vc_column_text]<\/p>\n<h2>SOLUTIONS<\/h2>\n<h3>Produits VCI pour la gestion de la corrosion<\/h3>\n<p>[\/vc_column_text][\/vc_column][vc_column width=\u00a0\u00bb1\/4&Prime; css=\u00a0\u00bb.vc_custom_1620715433151{background-color: #4cbc92 !important;}\u00a0\u00bb el_class=\u00a0\u00bbproducts\u00a0\u00bb][vc_column_text]<\/p>\n<h4>VCI\u00a09004 &#8211; M\u00e9lange ma\u00eetre poly-m\u00e9tallique LDPE\/LLDPE<\/h4>\n<p>&nbsp;<\/p>\n<p>Additif VCI pour les films, sachets et plastiques.[\/vc_column_text][vc_column_text]<a class=\"whitelinks\" href=\"https:\/\/www.vciactivepack.com\/vci-9004-multi-metal-ldpe-lldpe-masterbatch\/\">Lire la suite<\/a>[\/vc_column_text][\/vc_column][vc_column width=\u00a0\u00bb1\/4&Prime; css=\u00a0\u00bb.vc_custom_1620715436215{background-color: #4cbc92 !important;}\u00a0\u00bb el_class=\u00a0\u00bbproducts\u00a0\u00bb][vc_column_text]<\/p>\n<h4>VCI\u00a08003 &#8211; Additif pour film de polyol\u00e9fine poly-m\u00e9tallique<\/h4>\n<p>&nbsp;<\/p>\n<p>Additif VCI pour les films, sachets et plastiques.[\/vc_column_text][vc_column_text]<a class=\"whitelinks\" href=\"https:\/\/www.vciactivepack.com\/vci-8003-multi-metal-polyolefin-film-additive\/\">Lire la suite<\/a>[\/vc_column_text][\/vc_column][vc_column width=\u00a0\u00bb1\/4&Prime; css=\u00a0\u00bb.vc_custom_1620715438706{background-color: #4cbc92 !important;}\u00a0\u00bb el_class=\u00a0\u00bbproducts\u00a0\u00bb][vc_column_text]<\/p>\n<h4>VCI\u00a05150 &#8211; Impr\u00e9gnation de papier et de carton<\/h4>\n<p>&nbsp;<\/p>\n<p>Liquide VCI pour l\u2019impr\u00e9gnation de papier et de carton.[\/vc_column_text][vc_column_text]<a class=\"whitelinks\" href=\"https:\/\/www.vciactivepack.com\/vci-5150-liquid-paper-cardboard-impregnation\/\">Lire la suite<\/a>[\/vc_column_text][\/vc_column][vc_column width=\u00a0\u00bb1\/4&Prime; css=\u00a0\u00bb.vc_custom_1620715442617{background-color: #4cbc92 !important;}\u00a0\u00bb el_class=\u00a0\u00bbproducts\u00a0\u00bb][vc_column_text]<\/p>\n<h4>Netnocor\u00a02120 &#8211; Liquide \u00e0 base d&rsquo;eau pour la protection contre la corrosion<\/h4>\n<p>&nbsp;<\/p>\n<p>Liquide \u00e0 base d&rsquo;eau pour la protection temporaire contre la corrosion.[\/vc_column_text][vc_column_text]<a class=\"whitelinks\" href=\"https:\/\/www.vciactivepack.com\/water-based-liquid-corrosion-protection\/\">Lire la suite<\/a>[\/vc_column_text][\/vc_column][vc_column width=\u00a0\u00bb1\/4&Prime; css=\u00a0\u00bb.vc_custom_1620715445276{background-color: #4cbc92 !important;}\u00a0\u00bb el_class=\u00a0\u00bbproducts\u00a0\u00bb][vc_column_text]<\/p>\n<h4>Netnocor\u00a05154 &#8211; Protection temporaire contre la corrosion, sans huile<\/h4>\n<p>&nbsp;<\/p>\n<p>Liquide \u00e0 base d&rsquo;eau pour la protection temporaire contre la corrosion.[\/vc_column_text][vc_column_text]<a class=\"whitelinks\" href=\"https:\/\/www.vciactivepack.com\/oil-free-temporary-corrosion-protection\/\">Lire la suite<\/a>[\/vc_column_text][\/vc_column][vc_column width=\u00a0\u00bb1\/4&Prime; css=\u00a0\u00bb.vc_custom_1620715448096{background-color: #4cbc92 !important;}\u00a0\u00bb el_class=\u00a0\u00bbproducts\u00a0\u00bb][vc_column_text]<\/p>\n<h4>Netnocor 5156 MR &#8211; Essais hydrauliques<\/h4>\n<p>&nbsp;<\/p>\n<p>Solution anticorrosion pour essais hydrauliques.[\/vc_column_text][vc_column_text]<a class=\"whitelinks\" href=\"https:\/\/www.vciactivepack.com\/corrosion-solution-hydraulic-testing\/\">Lire la suite<\/a>[\/vc_column_text][\/vc_column][vc_column width=\u00a0\u00bb1\/4&Prime; css=\u00a0\u00bb.vc_custom_1620715451472{background-color: #4cbc92 !important;}\u00a0\u00bb el_class=\u00a0\u00bbproducts\u00a0\u00bb][vc_column_text]<\/p>\n<h4>Produits d\u2019emballage VCI<\/h4>\n<p>&nbsp;<\/p>\n<p>Large gamme de produits d&#8217;emballage VCI ultra-modernes.[\/vc_column_text][vc_column_text]<a class=\"whitelinks\" href=\"https:\/\/www.vciactivepack.com\/vci-packaging-products\/\">Lire la suite<\/a>[\/vc_column_text][\/vc_column][\/vc_row][vc_row css_animation=\u00a0\u00bbfadeInUp\u00a0\u00bb bg_type=\u00a0\u00bbbg_color\u00a0\u00bb bg_override=\u00a0\u00bbfull\u00a0\u00bb bg_color_value=\u00a0\u00bb#f0f0f0&Prime; el_id=\u00a0\u00bbbenefits\u00a0\u00bb css=\u00a0\u00bb.vc_custom_1621579247220{padding-top: 35px !important;padding-bottom: 35px !important;}\u00a0\u00bb][vc_column][vc_column_text css=\u00a0\u00bb.vc_custom_1624616441000{margin-bottom: 0px !important;}\u00a0\u00bb]<\/p>\n<h2>AVANTAGES<\/h2>\n<h3>Simplicit\u00e9 et efficacit\u00e9<\/h3>\n<p>[\/vc_column_text][\/vc_column][vc_column width=\u00a0\u00bb1\/6&Prime; offset=\u00a0\u00bbvc_col-xs-6&Prime;][vc_column_text css=\u00a0\u00bb.vc_custom_1624616446715{margin-bottom: 0px !important;}\u00a0\u00bb]<img loading=\"lazy\" decoding=\"async\" class=\"alignnone wp-image-8\" role=\"img\" src=\"https:\/\/www.vciactivepack.com\/wp-content\/uploads\/2021\/05\/beneficios_1.svg\" alt=\"\" width=\"80\" height=\"91\" \/><\/p>\n<h4>Produits<br \/>\ninoffensifs<\/h4>\n<p>[\/vc_column_text][\/vc_column][vc_column width=\u00a0\u00bb1\/6&Prime; offset=\u00a0\u00bbvc_col-xs-6&Prime;][vc_column_text css=\u00a0\u00bb.vc_custom_1624616451782{margin-bottom: 0px !important;}\u00a0\u00bb]<img loading=\"lazy\" decoding=\"async\" class=\"alignnone wp-image-8\" role=\"img\" src=\"https:\/\/www.vciactivepack.com\/wp-content\/uploads\/2021\/05\/beneficios_2.svg\" alt=\"\" width=\"80\" height=\"91\" \/><\/p>\n<h4>Respect de<br \/>\nl&rsquo;environnement<\/h4>\n<p>[\/vc_column_text][\/vc_column][vc_column width=\u00a0\u00bb1\/6&Prime; offset=\u00a0\u00bbvc_col-xs-6&Prime;][vc_column_text css=\u00a0\u00bb.vc_custom_1624616456726{margin-bottom: 0px !important;}\u00a0\u00bb]<img loading=\"lazy\" decoding=\"async\" class=\"alignnone wp-image-8\" role=\"img\" src=\"https:\/\/www.vciactivepack.com\/wp-content\/uploads\/2021\/05\/beneficios_3.svg\" alt=\"\" width=\"80\" height=\"91\" \/><\/p>\n<h4>Protection<br \/>\npoly-m\u00e9tallique<\/h4>\n<p>[\/vc_column_text][\/vc_column][vc_column width=\u00a0\u00bb1\/6&Prime; offset=\u00a0\u00bbvc_col-xs-6&Prime;][vc_column_text css=\u00a0\u00bb.vc_custom_1624616461282{margin-bottom: 0px !important;}\u00a0\u00bb]<img loading=\"lazy\" decoding=\"async\" class=\"alignnone wp-image-8\" role=\"img\" src=\"https:\/\/www.vciactivepack.com\/wp-content\/uploads\/2021\/05\/beneficios_4.svg\" alt=\"\" width=\"80\" height=\"91\" \/><\/p>\n<h4>Protection \u00e0 long<br \/>\nterme contre la<br \/>\ncorrosion dans les<br \/>\nespaces clos<\/h4>\n<p>[\/vc_column_text][\/vc_column][vc_column width=\u00a0\u00bb1\/6&Prime; offset=\u00a0\u00bbvc_col-xs-6&Prime;][vc_column_text]<img loading=\"lazy\" decoding=\"async\" class=\"alignnone wp-image-8\" role=\"img\" src=\"https:\/\/www.vciactivepack.com\/wp-content\/uploads\/2021\/05\/beneficios_5.svg\" alt=\"\" width=\"80\" height=\"91\" \/><\/p>\n<h4>Investissement nul ou<br \/>\nminimal<\/h4>\n<p>[\/vc_column_text][\/vc_column][vc_column width=\u00a0\u00bb1\/6&Prime; offset=\u00a0\u00bbvc_col-xs-6&Prime;][vc_column_text]<img loading=\"lazy\" decoding=\"async\" class=\"alignnone wp-image-8\" role=\"img\" src=\"https:\/\/www.vciactivepack.com\/wp-content\/uploads\/2021\/05\/beneficios_6.svg\" alt=\"\" width=\"80\" height=\"91\" \/><\/p>\n<h4>Facilit\u00e9 d&rsquo;utilisation<\/h4>\n<p>[\/vc_column_text][\/vc_column][vc_column][vc_column_text]<a class=\"links\" href=\"https:\/\/www.vciactivepack.com\/vapor-corrosion-inhibitor\/\">La meilleure formule <\/a>[\/vc_column_text][\/vc_column][\/vc_row]<\/p>\n<\/section>","protected":false},"excerpt":{"rendered":"<p>[vc_row css_animation=\u00a0\u00bbfadeInLeft\u00a0\u00bb bg_type=\u00a0\u00bbbg_color\u00a0\u00bb bg_override=\u00a0\u00bbfull\u00a0\u00bb bg_color_value=\u00a0\u00bb#ffffff\u00a0\u00bb css=\u00a0\u00bb.vc_custom_1621579230905{padding-top: 35px !important;}\u00a0\u00bb][vc_column][vc_column_text css=\u00a0\u00bb.vc_custom_1624616305201{margin-bottom: 0px !important;}\u00a0\u00bb] Une volont\u00e9 de fournir des solutions de qualit\u00e9 VCI Active Pack vous propose un projet cl\u00e9 en main pour les fabricants de films et de sachets qui vendent des emballages anticorrosion au secteur de la m\u00e9tallurgie. Nous veillerons \u00e0 ce que vous obteniez toujours&hellip;<\/p>\n","protected":false},"author":1,"featured_media":370,"parent":0,"menu_order":0,"comment_status":"closed","ping_status":"closed","template":"","meta":{"footnotes":""},"class_list":["post-424","page","type-page","status-publish","has-post-thumbnail","hentry","description-off"],"yoast_head":"<!-- This site is optimized with the Yoast SEO plugin v21.3 - https:\/\/yoast.com\/wordpress\/plugins\/seo\/ -->\n<title>Produits VCI pour la gestion de la corrosion | VCI Active Pack<\/title>\n<meta name=\"description\" content=\"Produits VCI pour les fabricants de films et de sachets qui vendent des emballages anticorrosion au secteur de la m\u00e9tallurgie. La meilleure formule pour des solutions de qualit\u00e9 pour la protection anticorrosion !\" \/>\n<meta name=\"robots\" content=\"index, follow, max-snippet:-1, max-image-preview:large, max-video-preview:-1\" \/>\n<link rel=\"canonical\" href=\"https:\/\/www.vciactivepack.com\/fr\/produits-vci-gestion-de-la-corrosion\/\" \/>\n<meta property=\"og:locale\" content=\"fr_FR\" \/>\n<meta property=\"og:type\" content=\"article\" \/>\n<meta property=\"og:title\" content=\"Produits VCI pour la gestion de la corrosion | VCI Active Pack\" \/>\n<meta property=\"og:description\" content=\"Produits VCI pour les fabricants de films et de sachets qui vendent des emballages anticorrosion au secteur de la m\u00e9tallurgie. La meilleure formule pour des solutions de qualit\u00e9 pour la protection anticorrosion !\" \/>\n<meta property=\"og:url\" content=\"https:\/\/www.vciactivepack.com\/fr\/produits-vci-gestion-de-la-corrosion\/\" \/>\n<meta property=\"og:site_name\" content=\"VCI Active Pack\" \/>\n<meta property=\"article:modified_time\" content=\"2021-06-25T10:21:54+00:00\" \/>\n<meta property=\"og:image\" content=\"https:\/\/www.vciactivepack.com\/wp-content\/uploads\/2021\/06\/vci_active_pack_1.jpg\" \/>\n\t<meta property=\"og:image:width\" content=\"600\" \/>\n\t<meta property=\"og:image:height\" content=\"315\" \/>\n\t<meta property=\"og:image:type\" content=\"image\/jpeg\" \/>\n<meta name=\"twitter:card\" content=\"summary_large_image\" \/>\n<meta name=\"twitter:label1\" content=\"Dur\u00e9e de lecture estim\u00e9e\" \/>\n\t<meta name=\"twitter:data1\" content=\"3 minutes\" \/>\n<script type=\"application\/ld+json\" class=\"yoast-schema-graph\">{\"@context\":\"https:\/\/schema.org\",\"@graph\":[{\"@type\":\"WebPage\",\"@id\":\"https:\/\/www.vciactivepack.com\/fr\/produits-vci-gestion-de-la-corrosion\/\",\"url\":\"https:\/\/www.vciactivepack.com\/fr\/produits-vci-gestion-de-la-corrosion\/\",\"name\":\"Produits VCI pour la gestion de la corrosion | VCI Active Pack\",\"isPartOf\":{\"@id\":\"https:\/\/www.vciactivepack.com\/#website\"},\"datePublished\":\"2021-05-10T08:13:39+00:00\",\"dateModified\":\"2021-06-25T10:21:54+00:00\",\"description\":\"Produits VCI pour les fabricants de films et de sachets qui vendent des emballages anticorrosion au secteur de la m\u00e9tallurgie. La meilleure formule pour des solutions de qualit\u00e9 pour la protection anticorrosion !\",\"breadcrumb\":{\"@id\":\"https:\/\/www.vciactivepack.com\/fr\/produits-vci-gestion-de-la-corrosion\/#breadcrumb\"},\"inLanguage\":\"fr-FR\",\"potentialAction\":[{\"@type\":\"ReadAction\",\"target\":[\"https:\/\/www.vciactivepack.com\/fr\/produits-vci-gestion-de-la-corrosion\/\"]}]},{\"@type\":\"BreadcrumbList\",\"@id\":\"https:\/\/www.vciactivepack.com\/fr\/produits-vci-gestion-de-la-corrosion\/#breadcrumb\",\"itemListElement\":[{\"@type\":\"ListItem\",\"position\":1,\"name\":\"Home\",\"item\":\"https:\/\/www.vciactivepack.com\/fr\/\"},{\"@type\":\"ListItem\",\"position\":2,\"name\":\"Produits VCI\"}]},{\"@type\":\"WebSite\",\"@id\":\"https:\/\/www.vciactivepack.com\/#website\",\"url\":\"https:\/\/www.vciactivepack.com\/\",\"name\":\"VCI Active Pack\",\"description\":\"Leading corrosion protection solutions\",\"potentialAction\":[{\"@type\":\"SearchAction\",\"target\":{\"@type\":\"EntryPoint\",\"urlTemplate\":\"https:\/\/www.vciactivepack.com\/?s={search_term_string}\"},\"query-input\":\"required name=search_term_string\"}],\"inLanguage\":\"fr-FR\"}]}<\/script>\n<!-- \/ Yoast SEO plugin. -->","yoast_head_json":{"title":"Produits VCI pour la gestion de la corrosion | VCI Active Pack","description":"Produits VCI pour les fabricants de films et de sachets qui vendent des emballages anticorrosion au secteur de la m\u00e9tallurgie. La meilleure formule pour des solutions de qualit\u00e9 pour la protection anticorrosion !","robots":{"index":"index","follow":"follow","max-snippet":"max-snippet:-1","max-image-preview":"max-image-preview:large","max-video-preview":"max-video-preview:-1"},"canonical":"https:\/\/www.vciactivepack.com\/fr\/produits-vci-gestion-de-la-corrosion\/","og_locale":"fr_FR","og_type":"article","og_title":"Produits VCI pour la gestion de la corrosion | VCI Active Pack","og_description":"Produits VCI pour les fabricants de films et de sachets qui vendent des emballages anticorrosion au secteur de la m\u00e9tallurgie. La meilleure formule pour des solutions de qualit\u00e9 pour la protection anticorrosion !","og_url":"https:\/\/www.vciactivepack.com\/fr\/produits-vci-gestion-de-la-corrosion\/","og_site_name":"VCI Active Pack","article_modified_time":"2021-06-25T10:21:54+00:00","og_image":[{"width":600,"height":315,"url":"https:\/\/www.vciactivepack.com\/wp-content\/uploads\/2021\/06\/vci_active_pack_1.jpg","type":"image\/jpeg"}],"twitter_card":"summary_large_image","twitter_misc":{"Dur\u00e9e de lecture estim\u00e9e":"3 minutes"},"schema":{"@context":"https:\/\/schema.org","@graph":[{"@type":"WebPage","@id":"https:\/\/www.vciactivepack.com\/fr\/produits-vci-gestion-de-la-corrosion\/","url":"https:\/\/www.vciactivepack.com\/fr\/produits-vci-gestion-de-la-corrosion\/","name":"Produits VCI pour la gestion de la corrosion | VCI Active Pack","isPartOf":{"@id":"https:\/\/www.vciactivepack.com\/#website"},"datePublished":"2021-05-10T08:13:39+00:00","dateModified":"2021-06-25T10:21:54+00:00","description":"Produits VCI pour les fabricants de films et de sachets qui vendent des emballages anticorrosion au secteur de la m\u00e9tallurgie. La meilleure formule pour des solutions de qualit\u00e9 pour la protection anticorrosion !","breadcrumb":{"@id":"https:\/\/www.vciactivepack.com\/fr\/produits-vci-gestion-de-la-corrosion\/#breadcrumb"},"inLanguage":"fr-FR","potentialAction":[{"@type":"ReadAction","target":["https:\/\/www.vciactivepack.com\/fr\/produits-vci-gestion-de-la-corrosion\/"]}]},{"@type":"BreadcrumbList","@id":"https:\/\/www.vciactivepack.com\/fr\/produits-vci-gestion-de-la-corrosion\/#breadcrumb","itemListElement":[{"@type":"ListItem","position":1,"name":"Home","item":"https:\/\/www.vciactivepack.com\/fr\/"},{"@type":"ListItem","position":2,"name":"Produits VCI"}]},{"@type":"WebSite","@id":"https:\/\/www.vciactivepack.com\/#website","url":"https:\/\/www.vciactivepack.com\/","name":"VCI Active Pack","description":"Leading corrosion protection solutions","potentialAction":[{"@type":"SearchAction","target":{"@type":"EntryPoint","urlTemplate":"https:\/\/www.vciactivepack.com\/?s={search_term_string}"},"query-input":"required name=search_term_string"}],"inLanguage":"fr-FR"}]}},"_links":{"self":[{"href":"https:\/\/www.vciactivepack.com\/fr\/wp-json\/wp\/v2\/pages\/424","targetHints":{"allow":["GET"]}}],"collection":[{"href":"https:\/\/www.vciactivepack.com\/fr\/wp-json\/wp\/v2\/pages"}],"about":[{"href":"https:\/\/www.vciactivepack.com\/fr\/wp-json\/wp\/v2\/types\/page"}],"author":[{"embeddable":true,"href":"https:\/\/www.vciactivepack.com\/fr\/wp-json\/wp\/v2\/users\/1"}],"replies":[{"embeddable":true,"href":"https:\/\/www.vciactivepack.com\/fr\/wp-json\/wp\/v2\/comments?post=424"}],"version-history":[{"count":1,"href":"https:\/\/www.vciactivepack.com\/fr\/wp-json\/wp\/v2\/pages\/424\/revisions"}],"predecessor-version":[{"id":425,"href":"https:\/\/www.vciactivepack.com\/fr\/wp-json\/wp\/v2\/pages\/424\/revisions\/425"}],"wp:featuredmedia":[{"embeddable":true,"href":"https:\/\/www.vciactivepack.com\/fr\/wp-json\/wp\/v2\/media\/370"}],"wp:attachment":[{"href":"https:\/\/www.vciactivepack.com\/fr\/wp-json\/wp\/v2\/media?parent=424"}],"curies":[{"name":"wp","href":"https:\/\/api.w.org\/{rel}","templated":true}]}}