{"id":431,"date":"2021-05-18T10:09:56","date_gmt":"2021-05-18T09:09:56","guid":{"rendered":"https:\/\/www.vciactivepack.com\/vci-packaging-products\/"},"modified":"2021-06-25T12:07:56","modified_gmt":"2021-06-25T11:07:56","slug":"produits-emballage-vci","status":"publish","type":"page","link":"https:\/\/www.vciactivepack.com\/fr\/produits-emballage-vci\/","title":{"rendered":"Produits d\u2019emballage VCI"},"content":{"rendered":"<section class=\"wpb-content-wrapper\"><p>[vc_row gap=\u00a0\u00bb35&Prime; css_animation=\u00a0\u00bbfadeInUp\u00a0\u00bb bg_type=\u00a0\u00bbbg_color\u00a0\u00bb bg_override=\u00a0\u00bbfull\u00a0\u00bb css=\u00a0\u00bb.vc_custom_1621581006664{padding-top: 10px !important;padding-bottom: 10px !important;}\u00a0\u00bb bg_color_value=\u00a0\u00bb#ffffff\u00a0\u00bb][vc_column][vc_column_text el_class=\u00a0\u00bbinter\u00a0\u00bb]L\u2019incorporation de la technologie <strong>VCI Active Pack <\/strong>dans les mat\u00e9riaux d&#8217;emballage souples, comme les films ou les sachets, apporte un avantage consid\u00e9rable au processus d&#8217;emballage en offrant une protection contre la corrosion en une seule \u00e9tape simple et rapide.<\/p>\n<p>Nous serons heureux de vous aider en vous proposant une large gamme de produits d&#8217;emballage VCI ultra-modernes, fabriqu\u00e9s par nos collaborateurs avec notre technologie VCI conviviale, notamment\u00a0:<\/p>\n<ul>\n<li>Film VCI jusqu&rsquo;\u00e0 10 m\u00e8tres de large<\/li>\n<li>Housses ou doublures de palettes VCI<\/li>\n<li>Sachets VCI et sachets \u00e0 fermeture automatique<\/li>\n<li>Film \u00e9tirable et r\u00e9tractable VCI<\/li>\n<li>Produits en papier VCI<\/li>\n<li>\u00c9metteurs VCI<\/li>\n<\/ul>\n<p>[\/vc_column_text][\/vc_column][\/vc_row][vc_row gap=\u00a0\u00bb35&Prime; bg_type=\u00a0\u00bbbg_color\u00a0\u00bb bg_override=\u00a0\u00bbfull\u00a0\u00bb css=\u00a0\u00bb.vc_custom_1621504947827{padding-top: 35px !important;padding-bottom: 35px !important;}\u00a0\u00bb bg_color_value=\u00a0\u00bb#f0f0f0&Prime;][vc_column css_animation=\u00a0\u00bbfadeInLeft\u00a0\u00bb width=\u00a0\u00bb1\/2&Prime;][vc_column_text]<\/p>\n<h3><img loading=\"lazy\" decoding=\"async\" class=\"alignnone size-full wp-image-176\" role=\"img\" src=\"https:\/\/www.vciactivepack.com\/wp-content\/uploads\/2021\/05\/external_texts.svg\" alt=\"\" width=\"81\" height=\"81\" \/><\/h3>\n<h2>Essais et approbations externes<\/h2>\n<ul>\n<li><a href=\"https:\/\/www.vciactivepack.com\/wp-content\/uploads\/2021\/05\/PB200-091-18.pdf\" target=\"_blank\" rel=\"noopener\"><u>Rapport d&rsquo;essai<\/u><\/a><\/li>\n<li><a href=\"https:\/\/www.vciactivepack.com\/wp-content\/uploads\/2021\/05\/UB400-042-17-VCI-active-pack-Europe.pdf\" target=\"_blank\" rel=\"noopener\"><u>Protocole allemand de sant\u00e9 et de s\u00e9curit\u00e9 TRGS 615<\/u><\/a><\/li>\n<\/ul>\n<p>[\/vc_column_text][\/vc_column][\/vc_row][vc_row full_width=\u00a0\u00bbstretch_row_content_no_spaces\u00a0\u00bb css_animation=\u00a0\u00bbfadeInUp\u00a0\u00bb][vc_column css=\u00a0\u00bb.vc_custom_1621418338913{padding-top: 0px !important;}\u00a0\u00bb][vc_column_text css=\u00a0\u00bb.vc_custom_1621502675987{margin-bottom: 0px !important;}\u00a0\u00bb]<img decoding=\"async\" style=\"display: block; width: 100%;\" src=\"\/wp-content\/uploads\/2021\/05\/img_separador_sustainability.jpg\" \/>[\/vc_column_text][\/vc_column][\/vc_row][vc_row css_animation=\u00a0\u00bbfadeInUp\u00a0\u00bb bg_type=\u00a0\u00bbbg_color\u00a0\u00bb bg_override=\u00a0\u00bbfull\u00a0\u00bb bg_color_value=\u00a0\u00bb#f0f0f0&Prime; el_id=\u00a0\u00bbbenefits\u00a0\u00bb css=\u00a0\u00bb.vc_custom_1621581060633{padding-top: 35px !important;padding-bottom: 35px !important;}\u00a0\u00bb][vc_column][vc_column_text css=\u00a0\u00bb.vc_custom_1624617919110{margin-bottom: 0px !important;}\u00a0\u00bb]<\/p>\n<h2>AVANTAGES<\/h2>\n<h3>Simplicit\u00e9 et efficacit\u00e9<\/h3>\n<p>[\/vc_column_text][\/vc_column][vc_column width=\u00a0\u00bb1\/6&Prime; offset=\u00a0\u00bbvc_col-xs-6&Prime;][vc_column_text css=\u00a0\u00bb.vc_custom_1624617764450{margin-bottom: 0px !important;}\u00a0\u00bb]<img loading=\"lazy\" decoding=\"async\" class=\"alignnone wp-image-8\" role=\"img\" src=\"https:\/\/www.vciactivepack.com\/wp-content\/uploads\/2021\/05\/beneficios_1.svg\" alt=\"\" width=\"80\" height=\"91\" \/><\/p>\n<h4>Produits<br \/>\ninoffensifs<\/h4>\n<p>[\/vc_column_text][\/vc_column][vc_column width=\u00a0\u00bb1\/6&Prime; offset=\u00a0\u00bbvc_col-xs-6&Prime;][vc_column_text css=\u00a0\u00bb.vc_custom_1624617787794{margin-bottom: 0px !important;}\u00a0\u00bb]<img loading=\"lazy\" decoding=\"async\" class=\"alignnone wp-image-8\" role=\"img\" src=\"https:\/\/www.vciactivepack.com\/wp-content\/uploads\/2021\/05\/beneficios_2.svg\" alt=\"\" width=\"80\" height=\"91\" \/><\/p>\n<h4>Respect de<br \/>\nl&rsquo;environnement<\/h4>\n<p>[\/vc_column_text][\/vc_column][vc_column width=\u00a0\u00bb1\/6&Prime; offset=\u00a0\u00bbvc_col-xs-6&Prime;][vc_column_text css=\u00a0\u00bb.vc_custom_1624617815074{margin-bottom: 0px !important;}\u00a0\u00bb]<img loading=\"lazy\" decoding=\"async\" class=\"alignnone wp-image-8\" role=\"img\" src=\"https:\/\/www.vciactivepack.com\/wp-content\/uploads\/2021\/05\/beneficios_3.svg\" alt=\"\" width=\"80\" height=\"91\" \/><\/p>\n<h4>Protection<br \/>\npoly-m\u00e9tallique<\/h4>\n<p>[\/vc_column_text][\/vc_column][vc_column width=\u00a0\u00bb1\/6&Prime; offset=\u00a0\u00bbvc_col-xs-6&Prime;][vc_column_text css=\u00a0\u00bb.vc_custom_1624617841694{margin-bottom: 0px !important;}\u00a0\u00bb]<img loading=\"lazy\" decoding=\"async\" class=\"alignnone wp-image-8\" role=\"img\" src=\"https:\/\/www.vciactivepack.com\/wp-content\/uploads\/2021\/05\/beneficios_4.svg\" alt=\"\" width=\"80\" height=\"91\" \/><\/p>\n<h4>Protection \u00e0 long<br \/>\nterme contre la<br \/>\ncorrosion dans les<br \/>\nespaces clos<\/h4>\n<p>[\/vc_column_text][\/vc_column][vc_column width=\u00a0\u00bb1\/6&Prime; offset=\u00a0\u00bbvc_col-xs-6&Prime;][vc_column_text]<img loading=\"lazy\" decoding=\"async\" class=\"alignnone wp-image-8\" role=\"img\" src=\"https:\/\/www.vciactivepack.com\/wp-content\/uploads\/2021\/05\/beneficios_5.svg\" alt=\"\" width=\"80\" height=\"91\" \/><\/p>\n<h4>Investissement nul ou<br \/>\nminimal<\/h4>\n<p>[\/vc_column_text][\/vc_column][vc_column width=\u00a0\u00bb1\/6&Prime; offset=\u00a0\u00bbvc_col-xs-6&Prime;][vc_column_text]<img loading=\"lazy\" decoding=\"async\" class=\"alignnone wp-image-8\" role=\"img\" src=\"https:\/\/www.vciactivepack.com\/wp-content\/uploads\/2021\/05\/beneficios_6.svg\" alt=\"\" width=\"80\" height=\"91\" \/><\/p>\n<h4>Facilit\u00e9 d&rsquo;utilisation<\/h4>\n<p>[\/vc_column_text][\/vc_column][vc_column][vc_column_text]<a class=\"links\" href=\"https:\/\/www.vciactivepack.com\/vapor-corrosion-inhibitor\/\">La meilleure formule <\/a>[\/vc_column_text][\/vc_column][\/vc_row][vc_row content_placement=\u00a0\u00bbmiddle\u00a0\u00bb css=\u00a0\u00bb.vc_custom_1621500412403{padding-top: 35px !important;padding-bottom: 35px !important;}\u00a0\u00bb][vc_column width=\u00a0\u00bb2\/3&Prime;][vc_column_text]<\/p>\n<h2>NOUS CONTACTER<\/h2>\n<h3>Vous voulez vous d\u00e9marquer aupr\u00e8s de vos clients en \u00e9tant l&rsquo;un des meilleurs fabricants d&#8217;emballages anticorrosion ?<\/h3>\n<p>[\/vc_column_text][\/vc_column][vc_column width=\u00a0\u00bb1\/3&Prime;][vc_column_text]<a href=\"https:\/\/www.vciactivepack.com\/contact-us\/\"><img loading=\"lazy\" decoding=\"async\" class=\"size-full wp-image-152 aligncenter\" role=\"img\" src=\"https:\/\/www.vciactivepack.com\/wp-content\/uploads\/2021\/05\/marcador_contact.svg\" alt=\"\" width=\"67\" height=\"71\" \/><\/a>[\/vc_column_text][\/vc_column][\/vc_row]<\/p>\n<\/section>","protected":false},"excerpt":{"rendered":"<p>[vc_row gap=\u00a0\u00bb35&Prime; css_animation=\u00a0\u00bbfadeInUp\u00a0\u00bb bg_type=\u00a0\u00bbbg_color\u00a0\u00bb bg_override=\u00a0\u00bbfull\u00a0\u00bb css=\u00a0\u00bb.vc_custom_1621581006664{padding-top: 10px !important;padding-bottom: 10px !important;}\u00a0\u00bb bg_color_value=\u00a0\u00bb#ffffff\u00a0\u00bb][vc_column][vc_column_text el_class=\u00a0\u00bbinter\u00a0\u00bb]L\u2019incorporation de la technologie VCI Active Pack dans les mat\u00e9riaux d&#8217;emballage souples, comme les films ou les sachets, apporte un avantage consid\u00e9rable au processus d&#8217;emballage en offrant une protection contre la corrosion en une seule \u00e9tape simple et rapide. Nous serons heureux de vous&hellip;<\/p>\n","protected":false},"author":1,"featured_media":374,"parent":0,"menu_order":0,"comment_status":"closed","ping_status":"closed","template":"","meta":{"footnotes":""},"class_list":["post-431","page","type-page","status-publish","has-post-thumbnail","hentry","description-off"],"yoast_head":"<!-- This site is optimized with the Yoast SEO plugin v21.3 - https:\/\/yoast.com\/wordpress\/plugins\/seo\/ -->\n<title>Produits d&#039;emballage VCI | VCI Active Pack<\/title>\n<meta name=\"description\" content=\"Large gamme de produits d&#039;emballage VCI ultra-modernes pour la protection contre la corrosion en une seule \u00e9tape simple et rapide. Films VCI, sachets, \u00e9metteurs, etc. Pour en savoir plus.\" \/>\n<meta name=\"robots\" content=\"index, follow, max-snippet:-1, max-image-preview:large, max-video-preview:-1\" \/>\n<link rel=\"canonical\" href=\"https:\/\/www.vciactivepack.com\/fr\/produits-emballage-vci\/\" \/>\n<meta property=\"og:locale\" content=\"fr_FR\" \/>\n<meta property=\"og:type\" content=\"article\" \/>\n<meta property=\"og:title\" content=\"Produits d&#039;emballage VCI | VCI Active Pack\" \/>\n<meta property=\"og:description\" content=\"Large gamme de produits d&#039;emballage VCI ultra-modernes pour la protection contre la corrosion en une seule \u00e9tape simple et rapide. Films VCI, sachets, \u00e9metteurs, etc. Pour en savoir plus.\" \/>\n<meta property=\"og:url\" content=\"https:\/\/www.vciactivepack.com\/fr\/produits-emballage-vci\/\" \/>\n<meta property=\"og:site_name\" content=\"VCI Active Pack\" \/>\n<meta property=\"article:modified_time\" content=\"2021-06-25T11:07:56+00:00\" \/>\n<meta property=\"og:image\" content=\"https:\/\/www.vciactivepack.com\/wp-content\/uploads\/2021\/06\/vci_active_pack_2.jpg\" \/>\n\t<meta property=\"og:image:width\" content=\"600\" \/>\n\t<meta property=\"og:image:height\" content=\"315\" \/>\n\t<meta property=\"og:image:type\" content=\"image\/jpeg\" \/>\n<meta name=\"twitter:card\" content=\"summary_large_image\" \/>\n<meta name=\"twitter:label1\" content=\"Dur\u00e9e de lecture estim\u00e9e\" \/>\n\t<meta name=\"twitter:data1\" content=\"3 minutes\" \/>\n<script type=\"application\/ld+json\" class=\"yoast-schema-graph\">{\"@context\":\"https:\/\/schema.org\",\"@graph\":[{\"@type\":\"WebPage\",\"@id\":\"https:\/\/www.vciactivepack.com\/fr\/produits-emballage-vci\/\",\"url\":\"https:\/\/www.vciactivepack.com\/fr\/produits-emballage-vci\/\",\"name\":\"Produits d'emballage VCI | VCI Active Pack\",\"isPartOf\":{\"@id\":\"https:\/\/www.vciactivepack.com\/#website\"},\"datePublished\":\"2021-05-18T09:09:56+00:00\",\"dateModified\":\"2021-06-25T11:07:56+00:00\",\"description\":\"Large gamme de produits d'emballage VCI ultra-modernes pour la protection contre la corrosion en une seule \u00e9tape simple et rapide. Films VCI, sachets, \u00e9metteurs, etc. Pour en savoir plus.\",\"breadcrumb\":{\"@id\":\"https:\/\/www.vciactivepack.com\/fr\/produits-emballage-vci\/#breadcrumb\"},\"inLanguage\":\"fr-FR\",\"potentialAction\":[{\"@type\":\"ReadAction\",\"target\":[\"https:\/\/www.vciactivepack.com\/fr\/produits-emballage-vci\/\"]}]},{\"@type\":\"BreadcrumbList\",\"@id\":\"https:\/\/www.vciactivepack.com\/fr\/produits-emballage-vci\/#breadcrumb\",\"itemListElement\":[{\"@type\":\"ListItem\",\"position\":1,\"name\":\"Home\",\"item\":\"https:\/\/www.vciactivepack.com\/fr\/\"},{\"@type\":\"ListItem\",\"position\":2,\"name\":\"Produits d\u2019emballage VCI\"}]},{\"@type\":\"WebSite\",\"@id\":\"https:\/\/www.vciactivepack.com\/#website\",\"url\":\"https:\/\/www.vciactivepack.com\/\",\"name\":\"VCI Active Pack\",\"description\":\"Leading corrosion protection solutions\",\"potentialAction\":[{\"@type\":\"SearchAction\",\"target\":{\"@type\":\"EntryPoint\",\"urlTemplate\":\"https:\/\/www.vciactivepack.com\/?s={search_term_string}\"},\"query-input\":\"required name=search_term_string\"}],\"inLanguage\":\"fr-FR\"}]}<\/script>\n<!-- \/ Yoast SEO plugin. -->","yoast_head_json":{"title":"Produits d'emballage VCI | VCI Active Pack","description":"Large gamme de produits d'emballage VCI ultra-modernes pour la protection contre la corrosion en une seule \u00e9tape simple et rapide. Films VCI, sachets, \u00e9metteurs, etc. Pour en savoir plus.","robots":{"index":"index","follow":"follow","max-snippet":"max-snippet:-1","max-image-preview":"max-image-preview:large","max-video-preview":"max-video-preview:-1"},"canonical":"https:\/\/www.vciactivepack.com\/fr\/produits-emballage-vci\/","og_locale":"fr_FR","og_type":"article","og_title":"Produits d'emballage VCI | VCI Active Pack","og_description":"Large gamme de produits d'emballage VCI ultra-modernes pour la protection contre la corrosion en une seule \u00e9tape simple et rapide. Films VCI, sachets, \u00e9metteurs, etc. Pour en savoir plus.","og_url":"https:\/\/www.vciactivepack.com\/fr\/produits-emballage-vci\/","og_site_name":"VCI Active Pack","article_modified_time":"2021-06-25T11:07:56+00:00","og_image":[{"width":600,"height":315,"url":"https:\/\/www.vciactivepack.com\/wp-content\/uploads\/2021\/06\/vci_active_pack_2.jpg","type":"image\/jpeg"}],"twitter_card":"summary_large_image","twitter_misc":{"Dur\u00e9e de lecture estim\u00e9e":"3 minutes"},"schema":{"@context":"https:\/\/schema.org","@graph":[{"@type":"WebPage","@id":"https:\/\/www.vciactivepack.com\/fr\/produits-emballage-vci\/","url":"https:\/\/www.vciactivepack.com\/fr\/produits-emballage-vci\/","name":"Produits d'emballage VCI | VCI Active Pack","isPartOf":{"@id":"https:\/\/www.vciactivepack.com\/#website"},"datePublished":"2021-05-18T09:09:56+00:00","dateModified":"2021-06-25T11:07:56+00:00","description":"Large gamme de produits d'emballage VCI ultra-modernes pour la protection contre la corrosion en une seule \u00e9tape simple et rapide. Films VCI, sachets, \u00e9metteurs, etc. Pour en savoir plus.","breadcrumb":{"@id":"https:\/\/www.vciactivepack.com\/fr\/produits-emballage-vci\/#breadcrumb"},"inLanguage":"fr-FR","potentialAction":[{"@type":"ReadAction","target":["https:\/\/www.vciactivepack.com\/fr\/produits-emballage-vci\/"]}]},{"@type":"BreadcrumbList","@id":"https:\/\/www.vciactivepack.com\/fr\/produits-emballage-vci\/#breadcrumb","itemListElement":[{"@type":"ListItem","position":1,"name":"Home","item":"https:\/\/www.vciactivepack.com\/fr\/"},{"@type":"ListItem","position":2,"name":"Produits d\u2019emballage VCI"}]},{"@type":"WebSite","@id":"https:\/\/www.vciactivepack.com\/#website","url":"https:\/\/www.vciactivepack.com\/","name":"VCI Active Pack","description":"Leading corrosion protection solutions","potentialAction":[{"@type":"SearchAction","target":{"@type":"EntryPoint","urlTemplate":"https:\/\/www.vciactivepack.com\/?s={search_term_string}"},"query-input":"required name=search_term_string"}],"inLanguage":"fr-FR"}]}},"_links":{"self":[{"href":"https:\/\/www.vciactivepack.com\/fr\/wp-json\/wp\/v2\/pages\/431","targetHints":{"allow":["GET"]}}],"collection":[{"href":"https:\/\/www.vciactivepack.com\/fr\/wp-json\/wp\/v2\/pages"}],"about":[{"href":"https:\/\/www.vciactivepack.com\/fr\/wp-json\/wp\/v2\/types\/page"}],"author":[{"embeddable":true,"href":"https:\/\/www.vciactivepack.com\/fr\/wp-json\/wp\/v2\/users\/1"}],"replies":[{"embeddable":true,"href":"https:\/\/www.vciactivepack.com\/fr\/wp-json\/wp\/v2\/comments?post=431"}],"version-history":[{"count":3,"href":"https:\/\/www.vciactivepack.com\/fr\/wp-json\/wp\/v2\/pages\/431\/revisions"}],"predecessor-version":[{"id":455,"href":"https:\/\/www.vciactivepack.com\/fr\/wp-json\/wp\/v2\/pages\/431\/revisions\/455"}],"wp:featuredmedia":[{"embeddable":true,"href":"https:\/\/www.vciactivepack.com\/fr\/wp-json\/wp\/v2\/media\/374"}],"wp:attachment":[{"href":"https:\/\/www.vciactivepack.com\/fr\/wp-json\/wp\/v2\/media?parent=431"}],"curies":[{"name":"wp","href":"https:\/\/api.w.org\/{rel}","templated":true}]}}