{"id":435,"date":"2021-05-18T10:08:56","date_gmt":"2021-05-18T09:08:56","guid":{"rendered":"https:\/\/www.vciactivepack.com\/vci-8003-multi-metal-polyolefin-film-additive\/"},"modified":"2021-06-25T11:52:30","modified_gmt":"2021-06-25T10:52:30","slug":"vci-8003-additif-film-polyolefine-poly-metallique","status":"publish","type":"page","link":"https:\/\/www.vciactivepack.com\/fr\/vci-8003-additif-film-polyolefine-poly-metallique\/","title":{"rendered":"VCI 8003 &#8211; Additif pour film de polyol\u00e9fine poly-m\u00e9tallique pour processus \u00e0 haute temp\u00e9rature (\u00e9tirage, HDPE, PP)"},"content":{"rendered":"<section class=\"wpb-content-wrapper\"><p>[vc_row css_animation=\u00a0\u00bbfadeInRight\u00a0\u00bb bg_type=\u00a0\u00bbbg_color\u00a0\u00bb bg_override=\u00a0\u00bbfull\u00a0\u00bb bg_color_value=\u00a0\u00bb#f0f0f0&Prime;][vc_column css=\u00a0\u00bb.vc_custom_1621501525009{padding-top: 0px !important;}\u00a0\u00bb][vc_column_text css=\u00a0\u00bb.vc_custom_1624618238183{margin-bottom: 0px !important;padding-top: 15px !important;padding-bottom: 15px !important;}\u00a0\u00bb]<strong>Additifs pour les films, sachets et plastiques<\/strong>[\/vc_column_text][\/vc_column][\/vc_row][vc_row gap=\u00a0\u00bb35&Prime; content_placement=\u00a0\u00bbmiddle\u00a0\u00bb bg_type=\u00a0\u00bbbg_color\u00a0\u00bb bg_override=\u00a0\u00bbfull\u00a0\u00bb bg_color_value=\u00a0\u00bb#ffffff\u00a0\u00bb][vc_column css_animation=\u00a0\u00bbfadeInLeft\u00a0\u00bb width=\u00a0\u00bb1\/2&Prime;][vc_column_text el_class=\u00a0\u00bbinter\u00a0\u00bb]<strong>L&rsquo;additif pour film de polyol\u00e9fine poly-m\u00e9tallique VCI\u00a08003 pour processus \u00e0 haute temp\u00e9rature (\u00e9tirage, HDPE, PP) &#8211; VCI Active Pack<\/strong> se pr\u00e9sente sous la forme d\u2019un m\u00e9lange-ma\u00eetre s\u00fbr, transparent et incolore qui peut \u00eatre ajout\u00e9 \u00e0 d\u2019autres r\u00e9sines de m\u00e9lange-ma\u00eetre ou m\u00e9lang\u00e9 avec d\u2019autres additifs, tels que des colorants, une protection UV, des agents antistatiques, anti-adh\u00e9rents, etc.<\/p>\n<p>Le <strong>VCI 8003 <\/strong>constitue l&rsquo;alliance chimique VCI la plus s\u00fbre disponible pour les travailleurs et l\u2019environnement, puisque ses composants figurent sur la <a href=\"https:\/\/www.fda.gov\/food\/food-additives-petitions\/food-additive-status-list\" target=\"_blank\" rel=\"noopener\"><u>liste FDA CFR 21 des substances en contact avec les aliments<\/u><\/a> et qu&rsquo;ils sont \u00e9galement largement utilis\u00e9s dans les produits de soins pour le corps.[\/vc_column_text][\/vc_column][vc_column css_animation=\u00a0\u00bbfadeInRight\u00a0\u00bb width=\u00a0\u00bb1\/2&Prime;][vc_column_text]<img loading=\"lazy\" decoding=\"async\" class=\"alignnone size-full wp-image-70\" src=\"https:\/\/www.vciactivepack.com\/wp-content\/uploads\/2021\/05\/imag_products_olive_tree.jpg\" alt=\"\" width=\"652\" height=\"375\" \/>[\/vc_column_text][\/vc_column][\/vc_row][vc_row content_placement=\u00a0\u00bbmiddle\u00a0\u00bb bg_type=\u00a0\u00bbbg_color\u00a0\u00bb bg_override=\u00a0\u00bbfull\u00a0\u00bb bg_color_value=\u00a0\u00bb#f0f0f0&Prime; css=\u00a0\u00bb.vc_custom_1621580161561{padding-top: 35px !important;padding-bottom: 35px !important;}\u00a0\u00bb][vc_column css_animation=\u00a0\u00bbfadeInLeft\u00a0\u00bb width=\u00a0\u00bb1\/2&Prime;][vc_column_text]<\/p>\n<h2>Principaux avantages<\/h2>\n<p>[\/vc_column_text][vc_column_text]<\/p>\n<ul>\n<li><strong><span style=\"color: #4cbc92;\">S\u00e9curit\u00e9 pour l\u2019utilisateur<\/span><\/strong><\/li>\n<li><strong><span style=\"color: #4cbc92;\">S\u00e9curit\u00e9 pour l\u2019environnement<\/span><\/strong><\/li>\n<li><strong><span style=\"color: #4cbc92;\">Transparent et inodore<\/span><\/strong><\/li>\n<li><strong><span style=\"color: #4cbc92;\">Peut \u00eatre combin\u00e9 avec d&rsquo;autres r\u00e9sines ou additifs de m\u00e9lange-ma\u00eetre<\/span><\/strong><\/li>\n<\/ul>\n<p>[\/vc_column_text][\/vc_column][vc_column css_animation=\u00a0\u00bbfadeInRight\u00a0\u00bb width=\u00a0\u00bb1\/2&Prime;][vc_column_text]<\/p>\n<p style=\"text-align: center;\"><img loading=\"lazy\" decoding=\"async\" src=\"\/wp-content\/uploads\/2021\/05\/marcador_check.svg\" alt=\"\" width=\"67\" height=\"71\" \/><\/p>\n<p>[\/vc_column_text][\/vc_column][\/vc_row][vc_row gap=\u00a0\u00bb35&Prime; bg_type=\u00a0\u00bbbg_color\u00a0\u00bb bg_override=\u00a0\u00bbfull\u00a0\u00bb css=\u00a0\u00bb.vc_custom_1621500248554{padding-top: 35px !important;padding-bottom: 35px !important;}\u00a0\u00bb bg_color_value=\u00a0\u00bb#ffffff\u00a0\u00bb][vc_column css_animation=\u00a0\u00bbfadeInLeft\u00a0\u00bb width=\u00a0\u00bb1\/2&Prime;][vc_column_text el_class=\u00a0\u00bbinter\u00a0\u00bb]<\/p>\n<h2><strong><img loading=\"lazy\" decoding=\"async\" class=\"alignnone size-full wp-image-160\" role=\"img\" src=\"https:\/\/www.vciactivepack.com\/wp-content\/uploads\/2021\/05\/marcador_how_to_apply.svg\" alt=\"\" width=\"81\" height=\"81\" \/><\/strong><\/h2>\n<h2>Proc\u00e9dure d\u2019application<\/h2>\n<p><strong>L&rsquo;additif pour film de polyol\u00e9fine poly-m\u00e9tallique VCI\u00a08003<\/strong> peut \u00eatre ajout\u00e9 aux m\u00e9langes LDPE\/LLDPE\/MDPE et HDPE \u00e0 hauteur de 4 % du poids total du produit fini pour des films de 60 \u00e0 120\u00a0microns. Il est avantageux de fabriquer un film coextrud\u00e9 en ajoutant <strong>VCI\u00a08003<\/strong> uniquement \u00e0 la couche interne, car le dosage peut alors \u00eatre r\u00e9duit (par exemple, pour un film de 100\u00a0microns, il est possible d\u2019appliquer <strong>VCI\u00a08003<\/strong> \u00e0 hauteur de 8\u00a0% dans la couche interne de 40\u00a0microns).<\/p>\n<p><strong>Lors de la fabrication d\u2019un film coextrud\u00e9, l\u2019emballage doit porter un marquage pour signaler que la face active doit faire face au m\u00e9tal.<\/strong><\/p>\n<p>Pour de meilleurs r\u00e9sultats ? les temp\u00e9ratures de l\u2019extrudeuse doivent \u00eatre r\u00e9gl\u00e9es aussi bas que possible en fonction du m\u00e9lange de mat\u00e9riaux utilis\u00e9 et <strong>ne doivent pas d\u00e9passer 210 \u00b0C<\/strong>.<\/p>\n<p><strong>La compatibilit\u00e9 de VCI\u00a08003 avec d\u2019autres additifs doit \u00eatre test\u00e9e au pr\u00e9alable.<\/strong>[\/vc_column_text][\/vc_column][vc_column css_animation=\u00a0\u00bbfadeInRight\u00a0\u00bb width=\u00a0\u00bb1\/2&Prime;][vc_column_text]<\/p>\n<h3><img loading=\"lazy\" decoding=\"async\" class=\"alignnone size-full wp-image-144\" role=\"img\" src=\"https:\/\/www.vciactivepack.com\/wp-content\/uploads\/2021\/05\/marcador_capacity.svg\" alt=\"\" width=\"81\" height=\"81\" \/><\/h3>\n<h2>Capacit\u00e9<\/h2>\n<p><strong>VCI\u00a08003<\/strong> est fourni en sacs de 20 kg.<\/p>\n<p>&nbsp;<\/p>\n<h3><img loading=\"lazy\" decoding=\"async\" class=\"alignnone size-full wp-image-176\" role=\"img\" src=\"https:\/\/www.vciactivepack.com\/wp-content\/uploads\/2021\/05\/external_texts.svg\" alt=\"\" width=\"81\" height=\"81\" \/><\/h3>\n<h2>Essais et approbations externes<\/h2>\n<ul>\n<li><a href=\"https:\/\/www.vciactivepack.com\/wp-content\/uploads\/2021\/05\/PB200-091-18.pdf\" target=\"_blank\" rel=\"noopener\"><u>Rapport d&rsquo;essai<\/u><\/a><\/li>\n<li><a href=\"https:\/\/www.vciactivepack.com\/wp-content\/uploads\/2021\/05\/UB400-042-17-VCI-active-pack-Europe.pdf\" target=\"_blank\" rel=\"noopener\"><u>Protocole allemand de sant\u00e9 et de s\u00e9curit\u00e9 TRGS 615<\/u><\/a><\/li>\n<\/ul>\n<p>[\/vc_column_text][\/vc_column][\/vc_row][vc_row full_width=\u00a0\u00bbstretch_row_content_no_spaces\u00a0\u00bb css_animation=\u00a0\u00bbfadeInUp\u00a0\u00bb][vc_column css=\u00a0\u00bb.vc_custom_1621418338913{padding-top: 0px !important;}\u00a0\u00bb][vc_column_text css=\u00a0\u00bb.vc_custom_1621501838656{margin-bottom: 0px !important;}\u00a0\u00bb]<img decoding=\"async\" style=\"display: block; width: 100%;\" src=\"\/wp-content\/uploads\/2021\/05\/img_separador_olive_tree.jpg\" \/>[\/vc_column_text][\/vc_column][\/vc_row][vc_row css_animation=\u00a0\u00bbfadeInUp\u00a0\u00bb bg_type=\u00a0\u00bbbg_color\u00a0\u00bb bg_override=\u00a0\u00bbfull\u00a0\u00bb bg_color_value=\u00a0\u00bb#f0f0f0&Prime; el_id=\u00a0\u00bbbenefits\u00a0\u00bb css=\u00a0\u00bb.vc_custom_1621580142287{padding-top: 35px !important;padding-bottom: 35px !important;}\u00a0\u00bb][vc_column][vc_column_text css=\u00a0\u00bb.vc_custom_1624617921129{margin-bottom: 0px !important;}\u00a0\u00bb]<\/p>\n<h2>AVANTAGES<\/h2>\n<h3>Simplicit\u00e9 et efficacit\u00e9<\/h3>\n<p>[\/vc_column_text][\/vc_column][vc_column width=\u00a0\u00bb1\/6&Prime; offset=\u00a0\u00bbvc_col-xs-6&Prime;][vc_column_text css=\u00a0\u00bb.vc_custom_1624617765701{margin-bottom: 0px !important;}\u00a0\u00bb]<img loading=\"lazy\" decoding=\"async\" class=\"alignnone wp-image-8\" role=\"img\" src=\"https:\/\/www.vciactivepack.com\/wp-content\/uploads\/2021\/05\/beneficios_1.svg\" alt=\"\" width=\"80\" height=\"91\" \/><\/p>\n<h4>Produits<br \/>\ninoffensifs<\/h4>\n<p>[\/vc_column_text][\/vc_column][vc_column width=\u00a0\u00bb1\/6&Prime; offset=\u00a0\u00bbvc_col-xs-6&Prime;][vc_column_text css=\u00a0\u00bb.vc_custom_1624617789743{margin-bottom: 0px !important;}\u00a0\u00bb]<img loading=\"lazy\" decoding=\"async\" class=\"alignnone wp-image-8\" role=\"img\" src=\"https:\/\/www.vciactivepack.com\/wp-content\/uploads\/2021\/05\/beneficios_2.svg\" alt=\"\" width=\"80\" height=\"91\" \/><\/p>\n<h4>Respect de<br \/>\nl&rsquo;environnement<\/h4>\n<p>[\/vc_column_text][\/vc_column][vc_column width=\u00a0\u00bb1\/6&Prime; offset=\u00a0\u00bbvc_col-xs-6&Prime;][vc_column_text css=\u00a0\u00bb.vc_custom_1624617817006{margin-bottom: 0px !important;}\u00a0\u00bb]<img loading=\"lazy\" decoding=\"async\" class=\"alignnone wp-image-8\" role=\"img\" src=\"https:\/\/www.vciactivepack.com\/wp-content\/uploads\/2021\/05\/beneficios_3.svg\" alt=\"\" width=\"80\" height=\"91\" \/><\/p>\n<h4>Protection<br \/>\npoly-m\u00e9tallique<\/h4>\n<p>[\/vc_column_text][\/vc_column][vc_column width=\u00a0\u00bb1\/6&Prime; offset=\u00a0\u00bbvc_col-xs-6&Prime;][vc_column_text css=\u00a0\u00bb.vc_custom_1624617848333{margin-bottom: 0px !important;}\u00a0\u00bb]<img loading=\"lazy\" decoding=\"async\" class=\"alignnone wp-image-8\" role=\"img\" src=\"https:\/\/www.vciactivepack.com\/wp-content\/uploads\/2021\/05\/beneficios_4.svg\" alt=\"\" width=\"80\" height=\"91\" \/><\/p>\n<h4>Protection \u00e0 long<br \/>\nterme contre la<br \/>\ncorrosion dans les<br \/>\nespaces clos<\/h4>\n<p>[\/vc_column_text][\/vc_column][vc_column width=\u00a0\u00bb1\/6&Prime; offset=\u00a0\u00bbvc_col-xs-6&Prime;][vc_column_text]<img loading=\"lazy\" decoding=\"async\" class=\"alignnone wp-image-8\" role=\"img\" src=\"https:\/\/www.vciactivepack.com\/wp-content\/uploads\/2021\/05\/beneficios_5.svg\" alt=\"\" width=\"80\" height=\"91\" \/><\/p>\n<h4>Investissement nul ou<br \/>\nminimal<\/h4>\n<p>[\/vc_column_text][\/vc_column][vc_column width=\u00a0\u00bb1\/6&Prime; offset=\u00a0\u00bbvc_col-xs-6&Prime;][vc_column_text]<img loading=\"lazy\" decoding=\"async\" class=\"alignnone wp-image-8\" role=\"img\" src=\"https:\/\/www.vciactivepack.com\/wp-content\/uploads\/2021\/05\/beneficios_6.svg\" alt=\"\" width=\"80\" height=\"91\" \/><\/p>\n<h4>Facilit\u00e9 d&rsquo;utilisation<\/h4>\n<p>[\/vc_column_text][\/vc_column][vc_column][vc_column_text]<a class=\"links\" href=\"https:\/\/www.vciactivepack.com\/vapor-corrosion-inhibitor\/\">La meilleure formule <\/a>[\/vc_column_text][\/vc_column][\/vc_row][vc_row content_placement=\u00a0\u00bbmiddle\u00a0\u00bb css=\u00a0\u00bb.vc_custom_1621500412403{padding-top: 35px !important;padding-bottom: 35px !important;}\u00a0\u00bb][vc_column width=\u00a0\u00bb2\/3&Prime;][vc_column_text]<\/p>\n<h2>NOUS CONTACTER<\/h2>\n<h3>Vous voulez vous d\u00e9marquer aupr\u00e8s de vos clients en \u00e9tant l&rsquo;un des meilleurs fabricants d&#8217;emballages anticorrosion ?<\/h3>\n<p>[\/vc_column_text][\/vc_column][vc_column width=\u00a0\u00bb1\/3&Prime;][vc_column_text]<a href=\"https:\/\/www.vciactivepack.com\/contact-us\/\"><img loading=\"lazy\" decoding=\"async\" class=\"size-full wp-image-152 aligncenter\" role=\"img\" src=\"https:\/\/www.vciactivepack.com\/wp-content\/uploads\/2021\/05\/marcador_contact.svg\" alt=\"\" width=\"67\" height=\"71\" \/><\/a>[\/vc_column_text][\/vc_column][\/vc_row]<\/p>\n<\/section>","protected":false},"excerpt":{"rendered":"<p>[vc_row css_animation=\u00a0\u00bbfadeInRight\u00a0\u00bb bg_type=\u00a0\u00bbbg_color\u00a0\u00bb bg_override=\u00a0\u00bbfull\u00a0\u00bb bg_color_value=\u00a0\u00bb#f0f0f0&Prime;][vc_column css=\u00a0\u00bb.vc_custom_1621501525009{padding-top: 0px !important;}\u00a0\u00bb][vc_column_text css=\u00a0\u00bb.vc_custom_1624618238183{margin-bottom: 0px !important;padding-top: 15px !important;padding-bottom: 15px !important;}\u00a0\u00bb]Additifs pour les films, sachets et plastiques[\/vc_column_text][\/vc_column][\/vc_row][vc_row gap=\u00a0\u00bb35&Prime; content_placement=\u00a0\u00bbmiddle\u00a0\u00bb bg_type=\u00a0\u00bbbg_color\u00a0\u00bb bg_override=\u00a0\u00bbfull\u00a0\u00bb bg_color_value=\u00a0\u00bb#ffffff\u00a0\u00bb][vc_column css_animation=\u00a0\u00bbfadeInLeft\u00a0\u00bb width=\u00a0\u00bb1\/2&Prime;][vc_column_text el_class=\u00a0\u00bbinter\u00a0\u00bb]L&rsquo;additif pour film de polyol\u00e9fine poly-m\u00e9tallique VCI\u00a08003 pour processus \u00e0 haute temp\u00e9rature (\u00e9tirage, HDPE, PP) &#8211; VCI Active Pack se pr\u00e9sente sous la forme d\u2019un m\u00e9lange-ma\u00eetre s\u00fbr,&hellip;<\/p>\n","protected":false},"author":1,"featured_media":386,"parent":0,"menu_order":0,"comment_status":"closed","ping_status":"closed","template":"","meta":{"footnotes":""},"class_list":["post-435","page","type-page","status-publish","has-post-thumbnail","hentry","description-off"],"yoast_head":"<!-- This site is optimized with the Yoast SEO plugin v21.3 - https:\/\/yoast.com\/wordpress\/plugins\/seo\/ -->\n<title>VCI 8003 - Additif pour film de polyol\u00e9fine poly-m\u00e9tallique | VCI Active Pack<\/title>\n<meta name=\"description\" content=\"M\u00e9lange ma\u00eetre s\u00fbr et incolore. Peut \u00eatre combin\u00e9 avec d&#039;autres r\u00e9sines ou additifs de m\u00e9lange-ma\u00eetre. En savoir plus sur l&#039;additif pour film de polyol\u00e9fine poly-m\u00e9tallique VCI 8003.\" \/>\n<meta name=\"robots\" content=\"index, follow, max-snippet:-1, max-image-preview:large, max-video-preview:-1\" \/>\n<link rel=\"canonical\" href=\"https:\/\/www.vciactivepack.com\/fr\/vci-8003-additif-film-polyolefine-poly-metallique\/\" \/>\n<meta property=\"og:locale\" content=\"fr_FR\" \/>\n<meta property=\"og:type\" content=\"article\" \/>\n<meta property=\"og:title\" content=\"VCI 8003 - Additif pour film de polyol\u00e9fine poly-m\u00e9tallique | VCI Active Pack\" \/>\n<meta property=\"og:description\" content=\"M\u00e9lange ma\u00eetre s\u00fbr et incolore. Peut \u00eatre combin\u00e9 avec d&#039;autres r\u00e9sines ou additifs de m\u00e9lange-ma\u00eetre. En savoir plus sur l&#039;additif pour film de polyol\u00e9fine poly-m\u00e9tallique VCI 8003.\" \/>\n<meta property=\"og:url\" content=\"https:\/\/www.vciactivepack.com\/fr\/vci-8003-additif-film-polyolefine-poly-metallique\/\" \/>\n<meta property=\"og:site_name\" content=\"VCI Active Pack\" \/>\n<meta property=\"article:modified_time\" content=\"2021-06-25T10:52:30+00:00\" \/>\n<meta property=\"og:image\" content=\"https:\/\/www.vciactivepack.com\/wp-content\/uploads\/2021\/06\/vci_active_pack_5.jpg\" \/>\n\t<meta property=\"og:image:width\" content=\"600\" \/>\n\t<meta property=\"og:image:height\" content=\"315\" \/>\n\t<meta property=\"og:image:type\" content=\"image\/jpeg\" \/>\n<meta name=\"twitter:card\" content=\"summary_large_image\" \/>\n<meta name=\"twitter:label1\" content=\"Dur\u00e9e de lecture estim\u00e9e\" \/>\n\t<meta name=\"twitter:data1\" content=\"5 minutes\" \/>\n<script type=\"application\/ld+json\" class=\"yoast-schema-graph\">{\"@context\":\"https:\/\/schema.org\",\"@graph\":[{\"@type\":\"WebPage\",\"@id\":\"https:\/\/www.vciactivepack.com\/fr\/vci-8003-additif-film-polyolefine-poly-metallique\/\",\"url\":\"https:\/\/www.vciactivepack.com\/fr\/vci-8003-additif-film-polyolefine-poly-metallique\/\",\"name\":\"VCI 8003 - Additif pour film de polyol\u00e9fine poly-m\u00e9tallique | VCI Active Pack\",\"isPartOf\":{\"@id\":\"https:\/\/www.vciactivepack.com\/#website\"},\"datePublished\":\"2021-05-18T09:08:56+00:00\",\"dateModified\":\"2021-06-25T10:52:30+00:00\",\"description\":\"M\u00e9lange ma\u00eetre s\u00fbr et incolore. Peut \u00eatre combin\u00e9 avec d'autres r\u00e9sines ou additifs de m\u00e9lange-ma\u00eetre. En savoir plus sur l'additif pour film de polyol\u00e9fine poly-m\u00e9tallique VCI 8003.\",\"breadcrumb\":{\"@id\":\"https:\/\/www.vciactivepack.com\/fr\/vci-8003-additif-film-polyolefine-poly-metallique\/#breadcrumb\"},\"inLanguage\":\"fr-FR\",\"potentialAction\":[{\"@type\":\"ReadAction\",\"target\":[\"https:\/\/www.vciactivepack.com\/fr\/vci-8003-additif-film-polyolefine-poly-metallique\/\"]}]},{\"@type\":\"BreadcrumbList\",\"@id\":\"https:\/\/www.vciactivepack.com\/fr\/vci-8003-additif-film-polyolefine-poly-metallique\/#breadcrumb\",\"itemListElement\":[{\"@type\":\"ListItem\",\"position\":1,\"name\":\"Home\",\"item\":\"https:\/\/www.vciactivepack.com\/fr\/\"},{\"@type\":\"ListItem\",\"position\":2,\"name\":\"VCI 8003 &#8211; Additif pour film de polyol\u00e9fine poly-m\u00e9tallique pour processus \u00e0 haute temp\u00e9rature (\u00e9tirage, HDPE, PP)\"}]},{\"@type\":\"WebSite\",\"@id\":\"https:\/\/www.vciactivepack.com\/#website\",\"url\":\"https:\/\/www.vciactivepack.com\/\",\"name\":\"VCI Active Pack\",\"description\":\"Leading corrosion protection solutions\",\"potentialAction\":[{\"@type\":\"SearchAction\",\"target\":{\"@type\":\"EntryPoint\",\"urlTemplate\":\"https:\/\/www.vciactivepack.com\/?s={search_term_string}\"},\"query-input\":\"required name=search_term_string\"}],\"inLanguage\":\"fr-FR\"}]}<\/script>\n<!-- \/ Yoast SEO plugin. -->","yoast_head_json":{"title":"VCI 8003 - Additif pour film de polyol\u00e9fine poly-m\u00e9tallique | VCI Active Pack","description":"M\u00e9lange ma\u00eetre s\u00fbr et incolore. Peut \u00eatre combin\u00e9 avec d'autres r\u00e9sines ou additifs de m\u00e9lange-ma\u00eetre. En savoir plus sur l'additif pour film de polyol\u00e9fine poly-m\u00e9tallique VCI 8003.","robots":{"index":"index","follow":"follow","max-snippet":"max-snippet:-1","max-image-preview":"max-image-preview:large","max-video-preview":"max-video-preview:-1"},"canonical":"https:\/\/www.vciactivepack.com\/fr\/vci-8003-additif-film-polyolefine-poly-metallique\/","og_locale":"fr_FR","og_type":"article","og_title":"VCI 8003 - Additif pour film de polyol\u00e9fine poly-m\u00e9tallique | VCI Active Pack","og_description":"M\u00e9lange ma\u00eetre s\u00fbr et incolore. Peut \u00eatre combin\u00e9 avec d'autres r\u00e9sines ou additifs de m\u00e9lange-ma\u00eetre. En savoir plus sur l'additif pour film de polyol\u00e9fine poly-m\u00e9tallique VCI 8003.","og_url":"https:\/\/www.vciactivepack.com\/fr\/vci-8003-additif-film-polyolefine-poly-metallique\/","og_site_name":"VCI Active Pack","article_modified_time":"2021-06-25T10:52:30+00:00","og_image":[{"width":600,"height":315,"url":"https:\/\/www.vciactivepack.com\/wp-content\/uploads\/2021\/06\/vci_active_pack_5.jpg","type":"image\/jpeg"}],"twitter_card":"summary_large_image","twitter_misc":{"Dur\u00e9e de lecture estim\u00e9e":"5 minutes"},"schema":{"@context":"https:\/\/schema.org","@graph":[{"@type":"WebPage","@id":"https:\/\/www.vciactivepack.com\/fr\/vci-8003-additif-film-polyolefine-poly-metallique\/","url":"https:\/\/www.vciactivepack.com\/fr\/vci-8003-additif-film-polyolefine-poly-metallique\/","name":"VCI 8003 - Additif pour film de polyol\u00e9fine poly-m\u00e9tallique | VCI Active Pack","isPartOf":{"@id":"https:\/\/www.vciactivepack.com\/#website"},"datePublished":"2021-05-18T09:08:56+00:00","dateModified":"2021-06-25T10:52:30+00:00","description":"M\u00e9lange ma\u00eetre s\u00fbr et incolore. Peut \u00eatre combin\u00e9 avec d'autres r\u00e9sines ou additifs de m\u00e9lange-ma\u00eetre. En savoir plus sur l'additif pour film de polyol\u00e9fine poly-m\u00e9tallique VCI 8003.","breadcrumb":{"@id":"https:\/\/www.vciactivepack.com\/fr\/vci-8003-additif-film-polyolefine-poly-metallique\/#breadcrumb"},"inLanguage":"fr-FR","potentialAction":[{"@type":"ReadAction","target":["https:\/\/www.vciactivepack.com\/fr\/vci-8003-additif-film-polyolefine-poly-metallique\/"]}]},{"@type":"BreadcrumbList","@id":"https:\/\/www.vciactivepack.com\/fr\/vci-8003-additif-film-polyolefine-poly-metallique\/#breadcrumb","itemListElement":[{"@type":"ListItem","position":1,"name":"Home","item":"https:\/\/www.vciactivepack.com\/fr\/"},{"@type":"ListItem","position":2,"name":"VCI 8003 &#8211; Additif pour film de polyol\u00e9fine poly-m\u00e9tallique pour processus \u00e0 haute temp\u00e9rature (\u00e9tirage, HDPE, PP)"}]},{"@type":"WebSite","@id":"https:\/\/www.vciactivepack.com\/#website","url":"https:\/\/www.vciactivepack.com\/","name":"VCI Active Pack","description":"Leading corrosion protection solutions","potentialAction":[{"@type":"SearchAction","target":{"@type":"EntryPoint","urlTemplate":"https:\/\/www.vciactivepack.com\/?s={search_term_string}"},"query-input":"required name=search_term_string"}],"inLanguage":"fr-FR"}]}},"_links":{"self":[{"href":"https:\/\/www.vciactivepack.com\/fr\/wp-json\/wp\/v2\/pages\/435","targetHints":{"allow":["GET"]}}],"collection":[{"href":"https:\/\/www.vciactivepack.com\/fr\/wp-json\/wp\/v2\/pages"}],"about":[{"href":"https:\/\/www.vciactivepack.com\/fr\/wp-json\/wp\/v2\/types\/page"}],"author":[{"embeddable":true,"href":"https:\/\/www.vciactivepack.com\/fr\/wp-json\/wp\/v2\/users\/1"}],"replies":[{"embeddable":true,"href":"https:\/\/www.vciactivepack.com\/fr\/wp-json\/wp\/v2\/comments?post=435"}],"version-history":[{"count":3,"href":"https:\/\/www.vciactivepack.com\/fr\/wp-json\/wp\/v2\/pages\/435\/revisions"}],"predecessor-version":[{"id":450,"href":"https:\/\/www.vciactivepack.com\/fr\/wp-json\/wp\/v2\/pages\/435\/revisions\/450"}],"wp:featuredmedia":[{"embeddable":true,"href":"https:\/\/www.vciactivepack.com\/fr\/wp-json\/wp\/v2\/media\/386"}],"wp:attachment":[{"href":"https:\/\/www.vciactivepack.com\/fr\/wp-json\/wp\/v2\/media?parent=435"}],"curies":[{"name":"wp","href":"https:\/\/api.w.org\/{rel}","templated":true}]}}