{"id":438,"date":"2021-05-18T10:09:12","date_gmt":"2021-05-18T09:09:12","guid":{"rendered":"https:\/\/www.vciactivepack.com\/vci-5150-liquid-paper-cardboard-impregnation\/"},"modified":"2021-06-28T07:06:09","modified_gmt":"2021-06-28T06:06:09","slug":"vci-5150-liquide-impregnation-papier-carton","status":"publish","type":"page","link":"https:\/\/www.vciactivepack.com\/fr\/vci-5150-liquide-impregnation-papier-carton\/","title":{"rendered":"VCI 5150 &#8211; Liquide pour l\u2019impr\u00e9gnation de papier et de carton"},"content":{"rendered":"<section class=\"wpb-content-wrapper\"><p>[vc_row gap=\u00a0\u00bb35&Prime; css_animation=\u00a0\u00bbfadeInUp\u00a0\u00bb bg_type=\u00a0\u00bbbg_color\u00a0\u00bb bg_override=\u00a0\u00bbfull\u00a0\u00bb css=\u00a0\u00bb.vc_custom_1621580872748{padding-top: 10px !important;padding-bottom: 10px !important;}\u00a0\u00bb bg_color_value=\u00a0\u00bb#ffffff\u00a0\u00bb][vc_column][vc_column_text el_class=\u00a0\u00bbinter\u00a0\u00bb]<strong>Le liquide pour l\u2019impr\u00e9gnation de papier et de carton VCI\u00a05150 &#8211; VCI Active Pack<\/strong> est un m\u00e9lange pr\u00eat \u00e0 l&#8217;emploi d&rsquo;inhibiteurs de corrosion pour l&rsquo;impr\u00e9gnation du papier, du carton ondul\u00e9 et des bo\u00eetes en carton ondul\u00e9 pli\u00e9.<\/p>\n<p>Le <strong>VCI 5150 <\/strong>constitue l&rsquo;alliance chimique VCI la plus s\u00fbre disponible pour les travailleurs et l\u2019environnement, puisque ses composants figurent sur la <u><a href=\"https:\/\/www.fda.gov\/food\/food-additives-petitions\/food-additive-status-list\" target=\"_blank\" rel=\"noopener\">liste FDA CFR 21 des substances en contact avec les aliments<\/a><\/u> et qu&rsquo;ils sont \u00e9galement largement utilis\u00e9s dans les produits de soins pour le corps.[\/vc_column_text][\/vc_column][\/vc_row][vc_row content_placement=\u00a0\u00bbmiddle\u00a0\u00bb bg_type=\u00a0\u00bbbg_color\u00a0\u00bb bg_override=\u00a0\u00bbfull\u00a0\u00bb bg_color_value=\u00a0\u00bb#f0f0f0&Prime; css=\u00a0\u00bb.vc_custom_1621580464037{padding-top: 35px !important;padding-bottom: 35px !important;}\u00a0\u00bb][vc_column css_animation=\u00a0\u00bbfadeInLeft\u00a0\u00bb width=\u00a0\u00bb1\/2&Prime;][vc_column_text]<\/p>\n<h2>Principaux avantages<\/h2>\n<p>[\/vc_column_text][vc_column_text]<\/p>\n<ul>\n<li><strong><span style=\"color: #4cbc92;\">S\u00e9curit\u00e9 pour l\u2019utilisateur<\/span><\/strong><\/li>\n<li><strong><span style=\"color: #4cbc92;\">S\u00e9curit\u00e9 pour l\u2019environnement<\/span><\/strong><\/li>\n<li><strong><span style=\"color: #4cbc92;\">Concentration \u00e9lev\u00e9e d\u2019inhibiteurs de corrosion<\/span><\/strong><\/li>\n<li><strong><span style=\"color: #4cbc92;\">Application possible sur du papier ou du carton ondul\u00e9<\/span><\/strong><\/li>\n<li><strong><span style=\"color: #4cbc92;\">Option sans s\u00e9chage<\/span><\/strong><\/li>\n<li><strong><span style=\"color: #4cbc92;\">Absence de solvant<\/span><\/strong><\/li>\n<li><strong><span style=\"color: #4cbc92;\">Options sur mesure<\/span><\/strong><\/li>\n<\/ul>\n<p>[\/vc_column_text][\/vc_column][vc_column css_animation=\u00a0\u00bbfadeInRight\u00a0\u00bb width=\u00a0\u00bb1\/2&Prime;][vc_column_text]<\/p>\n<p style=\"text-align: center;\"><img loading=\"lazy\" decoding=\"async\" src=\"\/wp-content\/uploads\/2021\/05\/marcador_check.svg\" alt=\"\" width=\"67\" height=\"71\" \/><\/p>\n<p>[\/vc_column_text][\/vc_column][\/vc_row][vc_row gap=\u00a0\u00bb35&Prime; bg_type=\u00a0\u00bbbg_color\u00a0\u00bb bg_override=\u00a0\u00bbfull\u00a0\u00bb css=\u00a0\u00bb.vc_custom_1621500248554{padding-top: 35px !important;padding-bottom: 35px !important;}\u00a0\u00bb bg_color_value=\u00a0\u00bb#ffffff\u00a0\u00bb][vc_column css_animation=\u00a0\u00bbfadeInLeft\u00a0\u00bb width=\u00a0\u00bb1\/2&Prime;][vc_column_text el_class=\u00a0\u00bbinter\u00a0\u00bb]<\/p>\n<h2><strong><img loading=\"lazy\" decoding=\"async\" class=\"alignnone size-full wp-image-160\" role=\"img\" src=\"https:\/\/www.vciactivepack.com\/wp-content\/uploads\/2021\/05\/marcador_how_to_apply.svg\" alt=\"\" width=\"81\" height=\"81\" \/><\/strong><\/h2>\n<h2>Proc\u00e9dure d\u2019application<\/h2>\n<p><strong>Le liquide pour l\u2019impr\u00e9gnation de papier et de carton VCI\u00a05150<\/strong> est utilis\u00e9 dans les applications de flexographie ou de gravure et peut \u00eatre vaporis\u00e9 pour obtenir une couverture de 4 \u00e0 5\u00a0g\/m<sup>2<\/sup>.<\/p>\n<p><strong>Manipulation\u00a0:<\/strong><\/p>\n<ul>\n<li><strong>Avant utilisation, lire attentivement la Fiche de donn\u00e9es de s\u00e9curit\u00e9 des mat\u00e9riaux.<\/strong><\/li>\n<li><strong>Porter des lunettes de protection appropri\u00e9es.<\/strong> En cas de contact avec les yeux, rincer abondamment les yeux avec de l\u2019eau. Si les yeux sont rouges ou irrit\u00e9s, consulter un m\u00e9decin.<\/li>\n<li><strong>Utiliser des gants en caoutchouc et \u00e9vite tout contact continu ou prolong\u00e9 avec la peau.<\/strong><\/li>\n<li><strong>Assurer une bonne ventilation <\/strong>des zones de travail.<\/li>\n<\/ul>\n<p>[\/vc_column_text][vc_column_text]<\/p>\n<h3><img loading=\"lazy\" decoding=\"async\" class=\"alignnone size-full wp-image-144\" role=\"img\" src=\"https:\/\/www.vciactivepack.com\/wp-content\/uploads\/2021\/05\/marcador_capacity.svg\" alt=\"\" width=\"81\" height=\"81\" \/><\/h3>\n<h2>Capacit\u00e9<\/h2>\n<p>Le <strong>VCI\u00a05150<\/strong> est conditionn\u00e9 dans des conteneurs de 25\u00a0kg et des f\u00fbts de 200\u00a0kg.[\/vc_column_text][\/vc_column][vc_column css_animation=\u00a0\u00bbfadeInRight\u00a0\u00bb width=\u00a0\u00bb1\/2&Prime;][vc_column_text]<\/p>\n<h2><strong><img loading=\"lazy\" decoding=\"async\" class=\"alignnone size-full wp-image-156\" role=\"img\" src=\"https:\/\/www.vciactivepack.com\/wp-content\/uploads\/2021\/05\/marcador_custom_products.svg\" alt=\"\" width=\"81\" height=\"81\" \/><\/strong><\/h2>\n<h2>Produits sur mesure<\/h2>\n<p>Pour un rev\u00eatement avec des applications de flexographie, de gravure, par immersion ou pulv\u00e9risation, nous pouvons cr\u00e9er des formules sp\u00e9cifiques pour les liquides d\u2019impr\u00e9gnation de papier par rapport au volume de vernis anilox et du syst\u00e8me de s\u00e9chage, afin de r\u00e9pondre aux exigences du processus client, et nous fournissons des \u00e9chantillons \u00e0 des fins de tests.<\/p>\n<p>La technologie <strong>VCI Active Pack<\/strong> est extr\u00eamement efficace. M\u00eame en petites quantit\u00e9s, elle offre les performances \u00e9lev\u00e9es d\u2019un papier VCI poly-m\u00e9tallique.[\/vc_column_text][vc_column_text]<\/p>\n<h3><img loading=\"lazy\" decoding=\"async\" class=\"alignnone size-full wp-image-176\" role=\"img\" src=\"https:\/\/www.vciactivepack.com\/wp-content\/uploads\/2021\/05\/external_texts.svg\" alt=\"\" width=\"81\" height=\"81\" \/><\/h3>\n<h2>Essais et approbations externes<\/h2>\n<ul>\n<li><a href=\"https:\/\/www.vciactivepack.com\/wp-content\/uploads\/2021\/05\/PB200-091-18.pdf\" target=\"_blank\" rel=\"noopener\"><u>Rapport d&rsquo;essai<\/u><\/a><\/li>\n<li><a href=\"https:\/\/www.vciactivepack.com\/wp-content\/uploads\/2021\/05\/UB400-042-17-VCI-active-pack-Europe.pdf\" target=\"_blank\" rel=\"noopener\"><u>Protocole allemand de sant\u00e9 et de s\u00e9curit\u00e9 TRGS 615<\/u><\/a><\/li>\n<\/ul>\n<p>[\/vc_column_text][\/vc_column][\/vc_row][vc_row full_width=\u00a0\u00bbstretch_row_content_no_spaces\u00a0\u00bb css_animation=\u00a0\u00bbfadeInUp\u00a0\u00bb][vc_column css=\u00a0\u00bb.vc_custom_1621418338913{padding-top: 0px !important;}\u00a0\u00bb][vc_column_text css=\u00a0\u00bb.vc_custom_1621502675987{margin-bottom: 0px !important;}\u00a0\u00bb]<img decoding=\"async\" style=\"display: block; width: 100%;\" src=\"\/wp-content\/uploads\/2021\/05\/img_separador_sustainability.jpg\" \/>[\/vc_column_text][\/vc_column][\/vc_row][vc_row css_animation=\u00a0\u00bbfadeInUp\u00a0\u00bb bg_type=\u00a0\u00bbbg_color\u00a0\u00bb bg_override=\u00a0\u00bbfull\u00a0\u00bb bg_color_value=\u00a0\u00bb#f0f0f0&Prime; el_id=\u00a0\u00bbbenefits\u00a0\u00bb css=\u00a0\u00bb.vc_custom_1621580550179{padding-top: 35px !important;padding-bottom: 35px !important;}\u00a0\u00bb][vc_column][vc_column_text css=\u00a0\u00bb.vc_custom_1624617921884{margin-bottom: 0px !important;}\u00a0\u00bb]<\/p>\n<h2>AVANTAGES<\/h2>\n<h3>Simplicit\u00e9 et efficacit\u00e9<\/h3>\n<p>[\/vc_column_text][\/vc_column][vc_column width=\u00a0\u00bb1\/6&Prime; offset=\u00a0\u00bbvc_col-xs-6&Prime;][vc_column_text css=\u00a0\u00bb.vc_custom_1624617767092{margin-bottom: 0px !important;}\u00a0\u00bb]<img loading=\"lazy\" decoding=\"async\" class=\"alignnone wp-image-8\" role=\"img\" src=\"https:\/\/www.vciactivepack.com\/wp-content\/uploads\/2021\/05\/beneficios_1.svg\" alt=\"\" width=\"80\" height=\"91\" \/><\/p>\n<h4>Produits<br \/>\ninoffensifs<\/h4>\n<p>[\/vc_column_text][\/vc_column][vc_column width=\u00a0\u00bb1\/6&Prime; offset=\u00a0\u00bbvc_col-xs-6&Prime;][vc_column_text css=\u00a0\u00bb.vc_custom_1624617791444{margin-bottom: 0px !important;}\u00a0\u00bb]<img loading=\"lazy\" decoding=\"async\" class=\"alignnone wp-image-8\" role=\"img\" src=\"https:\/\/www.vciactivepack.com\/wp-content\/uploads\/2021\/05\/beneficios_2.svg\" alt=\"\" width=\"80\" height=\"91\" \/><\/p>\n<h4>Respect de<br \/>\nl&rsquo;environnement<\/h4>\n<p>[\/vc_column_text][\/vc_column][vc_column width=\u00a0\u00bb1\/6&Prime; offset=\u00a0\u00bbvc_col-xs-6&Prime;][vc_column_text css=\u00a0\u00bb.vc_custom_1624617817974{margin-bottom: 0px !important;}\u00a0\u00bb]<img loading=\"lazy\" decoding=\"async\" class=\"alignnone wp-image-8\" role=\"img\" src=\"https:\/\/www.vciactivepack.com\/wp-content\/uploads\/2021\/05\/beneficios_3.svg\" alt=\"\" width=\"80\" height=\"91\" \/><\/p>\n<h4>Protection<br \/>\npoly-m\u00e9tallique<\/h4>\n<p>[\/vc_column_text][\/vc_column][vc_column width=\u00a0\u00bb1\/6&Prime; offset=\u00a0\u00bbvc_col-xs-6&Prime;][vc_column_text css=\u00a0\u00bb.vc_custom_1624617849394{margin-bottom: 0px !important;}\u00a0\u00bb]<img loading=\"lazy\" decoding=\"async\" class=\"alignnone wp-image-8\" role=\"img\" src=\"https:\/\/www.vciactivepack.com\/wp-content\/uploads\/2021\/05\/beneficios_4.svg\" alt=\"\" width=\"80\" height=\"91\" \/><\/p>\n<h4>Protection \u00e0 long<br \/>\nterme contre la<br \/>\ncorrosion dans les<br \/>\nespaces clos<\/h4>\n<p>[\/vc_column_text][\/vc_column][vc_column width=\u00a0\u00bb1\/6&Prime; offset=\u00a0\u00bbvc_col-xs-6&Prime;][vc_column_text]<img loading=\"lazy\" decoding=\"async\" class=\"alignnone wp-image-8\" role=\"img\" src=\"https:\/\/www.vciactivepack.com\/wp-content\/uploads\/2021\/05\/beneficios_5.svg\" alt=\"\" width=\"80\" height=\"91\" \/><\/p>\n<h4>Investissement nul ou<br \/>\nminimal<\/h4>\n<p>[\/vc_column_text][\/vc_column][vc_column width=\u00a0\u00bb1\/6&Prime; offset=\u00a0\u00bbvc_col-xs-6&Prime;][vc_column_text]<img loading=\"lazy\" decoding=\"async\" class=\"alignnone wp-image-8\" role=\"img\" src=\"https:\/\/www.vciactivepack.com\/wp-content\/uploads\/2021\/05\/beneficios_6.svg\" alt=\"\" width=\"80\" height=\"91\" \/><\/p>\n<h4>Facilit\u00e9 d&rsquo;utilisation<\/h4>\n<p>[\/vc_column_text][\/vc_column][vc_column][vc_column_text]<a class=\"links\" href=\"https:\/\/www.vciactivepack.com\/vapor-corrosion-inhibitor\/\">La meilleure formule <\/a>[\/vc_column_text][\/vc_column][\/vc_row][vc_row content_placement=\u00a0\u00bbmiddle\u00a0\u00bb css=\u00a0\u00bb.vc_custom_1621500412403{padding-top: 35px !important;padding-bottom: 35px !important;}\u00a0\u00bb][vc_column width=\u00a0\u00bb2\/3&Prime;][vc_column_text]<\/p>\n<h2>NOUS CONTACTER<\/h2>\n<h3>Vous voulez vous d\u00e9marquer aupr\u00e8s de vos clients en \u00e9tant l&rsquo;un des meilleurs fabricants d&#8217;emballages anticorrosion ?<\/h3>\n<p>[\/vc_column_text][\/vc_column][vc_column width=\u00a0\u00bb1\/3&Prime;][vc_column_text]<a href=\"https:\/\/www.vciactivepack.com\/contact-us\/\"><img loading=\"lazy\" decoding=\"async\" class=\"size-full wp-image-152 aligncenter\" role=\"img\" src=\"https:\/\/www.vciactivepack.com\/wp-content\/uploads\/2021\/05\/marcador_contact.svg\" alt=\"\" width=\"67\" height=\"71\" \/><\/a>[\/vc_column_text][\/vc_column][\/vc_row]<\/p>\n<\/section>","protected":false},"excerpt":{"rendered":"<p>[vc_row gap=\u00a0\u00bb35&Prime; css_animation=\u00a0\u00bbfadeInUp\u00a0\u00bb bg_type=\u00a0\u00bbbg_color\u00a0\u00bb bg_override=\u00a0\u00bbfull\u00a0\u00bb css=\u00a0\u00bb.vc_custom_1621580872748{padding-top: 10px !important;padding-bottom: 10px !important;}\u00a0\u00bb bg_color_value=\u00a0\u00bb#ffffff\u00a0\u00bb][vc_column][vc_column_text el_class=\u00a0\u00bbinter\u00a0\u00bb]Le liquide pour l\u2019impr\u00e9gnation de papier et de carton VCI\u00a05150 &#8211; VCI Active Pack est un m\u00e9lange pr\u00eat \u00e0 l&#8217;emploi d&rsquo;inhibiteurs de corrosion pour l&rsquo;impr\u00e9gnation du papier, du carton ondul\u00e9 et des bo\u00eetes en carton ondul\u00e9 pli\u00e9. Le VCI 5150 constitue l&rsquo;alliance chimique VCI&hellip;<\/p>\n","protected":false},"author":1,"featured_media":390,"parent":0,"menu_order":0,"comment_status":"closed","ping_status":"closed","template":"","meta":{"footnotes":""},"class_list":["post-438","page","type-page","status-publish","has-post-thumbnail","hentry","description-off"],"yoast_head":"<!-- This site is optimized with the Yoast SEO plugin v21.3 - https:\/\/yoast.com\/wordpress\/plugins\/seo\/ -->\n<title>VCI 5150 - Liquide pour l\u2019impr\u00e9gnation de papier et de carton | VCI Active Pack<\/title>\n<meta name=\"description\" content=\"M\u00e9lange pr\u00eat \u00e0 l\u2019emploi d&#039;inhibiteurs de corrosion. Options sur mesure. S\u00e9curit\u00e9 pour l\u2019environnement. En savoir plus sur le liquide VCI 5150 pour l&#039;impr\u00e9gnation du papier et du carton.\" \/>\n<meta name=\"robots\" content=\"index, follow, max-snippet:-1, max-image-preview:large, max-video-preview:-1\" \/>\n<link rel=\"canonical\" href=\"https:\/\/www.vciactivepack.com\/fr\/vci-5150-liquide-impregnation-papier-carton\/\" \/>\n<meta property=\"og:locale\" content=\"fr_FR\" \/>\n<meta property=\"og:type\" content=\"article\" \/>\n<meta property=\"og:title\" content=\"VCI 5150 - Liquide pour l\u2019impr\u00e9gnation de papier et de carton | VCI Active Pack\" \/>\n<meta property=\"og:description\" content=\"M\u00e9lange pr\u00eat \u00e0 l\u2019emploi d&#039;inhibiteurs de corrosion. Options sur mesure. S\u00e9curit\u00e9 pour l\u2019environnement. En savoir plus sur le liquide VCI 5150 pour l&#039;impr\u00e9gnation du papier et du carton.\" \/>\n<meta property=\"og:url\" content=\"https:\/\/www.vciactivepack.com\/fr\/vci-5150-liquide-impregnation-papier-carton\/\" \/>\n<meta property=\"og:site_name\" content=\"VCI Active Pack\" \/>\n<meta property=\"article:modified_time\" content=\"2021-06-28T06:06:09+00:00\" \/>\n<meta property=\"og:image\" content=\"https:\/\/www.vciactivepack.com\/wp-content\/uploads\/2021\/06\/vci_active_pack_6.jpg\" \/>\n\t<meta property=\"og:image:width\" content=\"600\" \/>\n\t<meta property=\"og:image:height\" content=\"315\" \/>\n\t<meta property=\"og:image:type\" content=\"image\/jpeg\" \/>\n<meta name=\"twitter:card\" content=\"summary_large_image\" \/>\n<meta name=\"twitter:label1\" content=\"Dur\u00e9e de lecture estim\u00e9e\" \/>\n\t<meta name=\"twitter:data1\" content=\"5 minutes\" \/>\n<script type=\"application\/ld+json\" class=\"yoast-schema-graph\">{\"@context\":\"https:\/\/schema.org\",\"@graph\":[{\"@type\":\"WebPage\",\"@id\":\"https:\/\/www.vciactivepack.com\/fr\/vci-5150-liquide-impregnation-papier-carton\/\",\"url\":\"https:\/\/www.vciactivepack.com\/fr\/vci-5150-liquide-impregnation-papier-carton\/\",\"name\":\"VCI 5150 - Liquide pour l\u2019impr\u00e9gnation de papier et de carton | VCI Active Pack\",\"isPartOf\":{\"@id\":\"https:\/\/www.vciactivepack.com\/#website\"},\"datePublished\":\"2021-05-18T09:09:12+00:00\",\"dateModified\":\"2021-06-28T06:06:09+00:00\",\"description\":\"M\u00e9lange pr\u00eat \u00e0 l\u2019emploi d'inhibiteurs de corrosion. Options sur mesure. S\u00e9curit\u00e9 pour l\u2019environnement. En savoir plus sur le liquide VCI 5150 pour l'impr\u00e9gnation du papier et du carton.\",\"breadcrumb\":{\"@id\":\"https:\/\/www.vciactivepack.com\/fr\/vci-5150-liquide-impregnation-papier-carton\/#breadcrumb\"},\"inLanguage\":\"fr-FR\",\"potentialAction\":[{\"@type\":\"ReadAction\",\"target\":[\"https:\/\/www.vciactivepack.com\/fr\/vci-5150-liquide-impregnation-papier-carton\/\"]}]},{\"@type\":\"BreadcrumbList\",\"@id\":\"https:\/\/www.vciactivepack.com\/fr\/vci-5150-liquide-impregnation-papier-carton\/#breadcrumb\",\"itemListElement\":[{\"@type\":\"ListItem\",\"position\":1,\"name\":\"Home\",\"item\":\"https:\/\/www.vciactivepack.com\/fr\/\"},{\"@type\":\"ListItem\",\"position\":2,\"name\":\"VCI 5150 &#8211; Liquide pour l\u2019impr\u00e9gnation de papier et de carton\"}]},{\"@type\":\"WebSite\",\"@id\":\"https:\/\/www.vciactivepack.com\/#website\",\"url\":\"https:\/\/www.vciactivepack.com\/\",\"name\":\"VCI Active Pack\",\"description\":\"Leading corrosion protection solutions\",\"potentialAction\":[{\"@type\":\"SearchAction\",\"target\":{\"@type\":\"EntryPoint\",\"urlTemplate\":\"https:\/\/www.vciactivepack.com\/?s={search_term_string}\"},\"query-input\":\"required name=search_term_string\"}],\"inLanguage\":\"fr-FR\"}]}<\/script>\n<!-- \/ Yoast SEO plugin. -->","yoast_head_json":{"title":"VCI 5150 - Liquide pour l\u2019impr\u00e9gnation de papier et de carton | VCI Active Pack","description":"M\u00e9lange pr\u00eat \u00e0 l\u2019emploi d'inhibiteurs de corrosion. Options sur mesure. S\u00e9curit\u00e9 pour l\u2019environnement. En savoir plus sur le liquide VCI 5150 pour l'impr\u00e9gnation du papier et du carton.","robots":{"index":"index","follow":"follow","max-snippet":"max-snippet:-1","max-image-preview":"max-image-preview:large","max-video-preview":"max-video-preview:-1"},"canonical":"https:\/\/www.vciactivepack.com\/fr\/vci-5150-liquide-impregnation-papier-carton\/","og_locale":"fr_FR","og_type":"article","og_title":"VCI 5150 - Liquide pour l\u2019impr\u00e9gnation de papier et de carton | VCI Active Pack","og_description":"M\u00e9lange pr\u00eat \u00e0 l\u2019emploi d'inhibiteurs de corrosion. Options sur mesure. S\u00e9curit\u00e9 pour l\u2019environnement. En savoir plus sur le liquide VCI 5150 pour l'impr\u00e9gnation du papier et du carton.","og_url":"https:\/\/www.vciactivepack.com\/fr\/vci-5150-liquide-impregnation-papier-carton\/","og_site_name":"VCI Active Pack","article_modified_time":"2021-06-28T06:06:09+00:00","og_image":[{"width":600,"height":315,"url":"https:\/\/www.vciactivepack.com\/wp-content\/uploads\/2021\/06\/vci_active_pack_6.jpg","type":"image\/jpeg"}],"twitter_card":"summary_large_image","twitter_misc":{"Dur\u00e9e de lecture estim\u00e9e":"5 minutes"},"schema":{"@context":"https:\/\/schema.org","@graph":[{"@type":"WebPage","@id":"https:\/\/www.vciactivepack.com\/fr\/vci-5150-liquide-impregnation-papier-carton\/","url":"https:\/\/www.vciactivepack.com\/fr\/vci-5150-liquide-impregnation-papier-carton\/","name":"VCI 5150 - Liquide pour l\u2019impr\u00e9gnation de papier et de carton | VCI Active Pack","isPartOf":{"@id":"https:\/\/www.vciactivepack.com\/#website"},"datePublished":"2021-05-18T09:09:12+00:00","dateModified":"2021-06-28T06:06:09+00:00","description":"M\u00e9lange pr\u00eat \u00e0 l\u2019emploi d'inhibiteurs de corrosion. Options sur mesure. S\u00e9curit\u00e9 pour l\u2019environnement. En savoir plus sur le liquide VCI 5150 pour l'impr\u00e9gnation du papier et du carton.","breadcrumb":{"@id":"https:\/\/www.vciactivepack.com\/fr\/vci-5150-liquide-impregnation-papier-carton\/#breadcrumb"},"inLanguage":"fr-FR","potentialAction":[{"@type":"ReadAction","target":["https:\/\/www.vciactivepack.com\/fr\/vci-5150-liquide-impregnation-papier-carton\/"]}]},{"@type":"BreadcrumbList","@id":"https:\/\/www.vciactivepack.com\/fr\/vci-5150-liquide-impregnation-papier-carton\/#breadcrumb","itemListElement":[{"@type":"ListItem","position":1,"name":"Home","item":"https:\/\/www.vciactivepack.com\/fr\/"},{"@type":"ListItem","position":2,"name":"VCI 5150 &#8211; Liquide pour l\u2019impr\u00e9gnation de papier et de carton"}]},{"@type":"WebSite","@id":"https:\/\/www.vciactivepack.com\/#website","url":"https:\/\/www.vciactivepack.com\/","name":"VCI Active Pack","description":"Leading corrosion protection solutions","potentialAction":[{"@type":"SearchAction","target":{"@type":"EntryPoint","urlTemplate":"https:\/\/www.vciactivepack.com\/?s={search_term_string}"},"query-input":"required name=search_term_string"}],"inLanguage":"fr-FR"}]}},"_links":{"self":[{"href":"https:\/\/www.vciactivepack.com\/fr\/wp-json\/wp\/v2\/pages\/438","targetHints":{"allow":["GET"]}}],"collection":[{"href":"https:\/\/www.vciactivepack.com\/fr\/wp-json\/wp\/v2\/pages"}],"about":[{"href":"https:\/\/www.vciactivepack.com\/fr\/wp-json\/wp\/v2\/types\/page"}],"author":[{"embeddable":true,"href":"https:\/\/www.vciactivepack.com\/fr\/wp-json\/wp\/v2\/users\/1"}],"replies":[{"embeddable":true,"href":"https:\/\/www.vciactivepack.com\/fr\/wp-json\/wp\/v2\/comments?post=438"}],"version-history":[{"count":4,"href":"https:\/\/www.vciactivepack.com\/fr\/wp-json\/wp\/v2\/pages\/438\/revisions"}],"predecessor-version":[{"id":548,"href":"https:\/\/www.vciactivepack.com\/fr\/wp-json\/wp\/v2\/pages\/438\/revisions\/548"}],"wp:featuredmedia":[{"embeddable":true,"href":"https:\/\/www.vciactivepack.com\/fr\/wp-json\/wp\/v2\/media\/390"}],"wp:attachment":[{"href":"https:\/\/www.vciactivepack.com\/fr\/wp-json\/wp\/v2\/media?parent=438"}],"curies":[{"name":"wp","href":"https:\/\/api.w.org\/{rel}","templated":true}]}}