{"id":440,"date":"2021-05-19T09:10:11","date_gmt":"2021-05-19T08:10:11","guid":{"rendered":"https:\/\/www.vciactivepack.com\/water-based-liquid-corrosion-protection\/"},"modified":"2021-06-25T12:02:03","modified_gmt":"2021-06-25T11:02:03","slug":"liquide-base-eau-protection-contre-corrosion","status":"publish","type":"page","link":"https:\/\/www.vciactivepack.com\/fr\/liquide-base-eau-protection-contre-corrosion\/","title":{"rendered":"Netnocor 2120 &#8211; Liquide \u00e0 base d&rsquo;eau pour la protection contre la corrosion de l&rsquo;acier et du fer"},"content":{"rendered":"<section class=\"wpb-content-wrapper\"><p>[vc_row gap=\u00a0\u00bb35&Prime; css_animation=\u00a0\u00bbfadeInLeft\u00a0\u00bb bg_type=\u00a0\u00bbbg_color\u00a0\u00bb bg_override=\u00a0\u00bbfull\u00a0\u00bb bg_color_value=\u00a0\u00bb#f0f0f0&Prime;][vc_column css=\u00a0\u00bb.vc_custom_1621502786124{padding-top: 0px !important;}\u00a0\u00bb][vc_column_text css=\u00a0\u00bb.vc_custom_1624618855861{margin-bottom: 0px !important;padding-top: 15px !important;padding-bottom: 15px !important;}\u00a0\u00bb]<strong>Liquides \u00e0 base d&rsquo;eau pour la protection temporaire contre la corrosion<\/strong>[\/vc_column_text][\/vc_column][\/vc_row][vc_row gap=\u00a0\u00bb35&Prime; css_animation=\u00a0\u00bbfadeInUp\u00a0\u00bb bg_type=\u00a0\u00bbbg_color\u00a0\u00bb bg_override=\u00a0\u00bbfull\u00a0\u00bb css=\u00a0\u00bb.vc_custom_1621580860987{padding-top: 10px !important;padding-bottom: 10px !important;}\u00a0\u00bb bg_color_value=\u00a0\u00bb#ffffff\u00a0\u00bb][vc_column][vc_column_text el_class=\u00a0\u00bbinter\u00a0\u00bb]<strong>Le liquide \u00e0 base d&rsquo;eau pour la protection contre la corrosion de l&rsquo;acier et du fer Netnocor\u00a02120<\/strong> <strong>VCI Active Pack<\/strong> offre une protection anticorrosion temporaire s\u00fbre et \u00e9cologique \u00e0 base d&rsquo;eau sous la forme d&rsquo;un rev\u00eatement \u00e0 effet cire tr\u00e8s doux.<\/p>\n<p><strong>Netnocor\u00a02120<\/strong> peut \u00e9galement ajout\u00e9 \u00e0 toutes les lignes de traitement des m\u00e9taux \u00e0 l\u2019aide de liquides \u00e0 base d\u2019eau comme le liquide de coupe, les lignes de nettoyage, les lignes de lavage et les syst\u00e8mes d\u2019\u00e9bavurage. Apr\u00e8s un traitement \u00e0 sec, comme le coulage, le forgeage ou l\u2019usinage, les pi\u00e8ces en acier peuvent \u00eatre immerg\u00e9es dans le liquide et s\u00e9ch\u00e9es imm\u00e9diatement pour b\u00e9n\u00e9ficier <strong>d\u2019une protection contre la corrosion allant jusqu\u2019\u00e0 deux semaines<\/strong>.[\/vc_column_text][\/vc_column][\/vc_row][vc_row content_placement=\u00a0\u00bbmiddle\u00a0\u00bb bg_type=\u00a0\u00bbbg_color\u00a0\u00bb bg_override=\u00a0\u00bbfull\u00a0\u00bb bg_color_value=\u00a0\u00bb#f0f0f0&Prime; css=\u00a0\u00bb.vc_custom_1621580490185{padding-top: 35px !important;padding-bottom: 35px !important;}\u00a0\u00bb][vc_column css_animation=\u00a0\u00bbfadeInLeft\u00a0\u00bb width=\u00a0\u00bb1\/2&Prime;][vc_column_text]<\/p>\n<h2>Principaux avantages<\/h2>\n<p>[\/vc_column_text][vc_column_text]<\/p>\n<ul>\n<li><strong><span style=\"color: #4cbc92;\">S\u00e9curit\u00e9 pour l\u2019utilisateur<\/span><\/strong><\/li>\n<li><strong><span style=\"color: #4cbc92;\">S\u00e9curit\u00e9 pour l\u2019environnement<\/span><\/strong><\/li>\n<li><strong><span style=\"color: #4cbc92;\">Protection temporaire contre la corrosion<\/span><\/strong><\/li>\n<li><strong><span style=\"color: #4cbc92;\">\u00c0 base d\u2019eau (faible viscosit\u00e9 et tension superficielle faible)<\/span><\/strong><\/li>\n<li><strong><span style=\"color: #4cbc92;\">Il n\u2019est pas n\u00e9cessaire d\u2019huiler les pi\u00e8ces entre les processus<\/span><\/strong><\/li>\n<li><strong><span style=\"color: #4cbc92;\">Absence de contamination du liquide de coupe par des huiles<\/span><\/strong><\/li>\n<li><strong><span style=\"color: #4cbc92;\">Sols et zones de travail propres et exempts d\u2019huile<\/span><\/strong><\/li>\n<\/ul>\n<p>[\/vc_column_text][\/vc_column][vc_column css_animation=\u00a0\u00bbfadeInRight\u00a0\u00bb width=\u00a0\u00bb1\/2&Prime;][vc_column_text]<\/p>\n<p style=\"text-align: center;\"><img loading=\"lazy\" decoding=\"async\" src=\"\/wp-content\/uploads\/2021\/05\/marcador_check.svg\" alt=\"\" width=\"67\" height=\"71\" \/><\/p>\n<p>[\/vc_column_text][\/vc_column][\/vc_row][vc_row gap=\u00a0\u00bb35&Prime; bg_type=\u00a0\u00bbbg_color\u00a0\u00bb bg_override=\u00a0\u00bbfull\u00a0\u00bb css=\u00a0\u00bb.vc_custom_1621500248554{padding-top: 35px !important;padding-bottom: 35px !important;}\u00a0\u00bb bg_color_value=\u00a0\u00bb#ffffff\u00a0\u00bb][vc_column css_animation=\u00a0\u00bbfadeInLeft\u00a0\u00bb width=\u00a0\u00bb1\/2&Prime;][vc_column_text el_class=\u00a0\u00bbinter\u00a0\u00bb]<\/p>\n<h2><strong><img loading=\"lazy\" decoding=\"async\" class=\"alignnone size-full wp-image-160\" role=\"img\" src=\"https:\/\/www.vciactivepack.com\/wp-content\/uploads\/2021\/05\/marcador_how_to_apply.svg\" alt=\"\" width=\"81\" height=\"81\" \/><\/strong><\/h2>\n<h2>Proc\u00e9dure d\u2019application<\/h2>\n<p>Le <strong>liquide \u00e0 base d&rsquo;eau pour la protection contre la corrosion Netnocor\u00a02120<\/strong> est appliqu\u00e9 sous forme de solution aqueuse \u00e0 20-80 %. Le niveau doit \u00eatre augment\u00e9 pour les m\u00e9taux difficiles \u00e0 prot\u00e9ger comme la fonte et les aciers \u00e0 faible teneur en carbone.<\/p>\n<p>La temp\u00e9rature des pi\u00e8ces en acier avant immersion <strong>ne doit pas d\u00e9passer 900 \u00b0C<\/strong>, et les pi\u00e8ces doivent \u00eatre <strong>s\u00e9ch\u00e9es imm\u00e9diatement apr\u00e8s immersion<\/strong>.<\/p>\n<p>Il est vivement recommand\u00e9 d\u2019utiliser la chaleur r\u00e9siduelle du processus pour s\u00e9cher les pi\u00e8ces et ainsi \u00e9viter des frais de s\u00e9chage suppl\u00e9mentaires. Laisser les pi\u00e8ces s\u00e9cher \u00e0 une temp\u00e9rature r\u00e9siduelle sup\u00e9rieure de 20-40 \u00b0C \u00e0 la temp\u00e9rature ambiante.<\/p>\n<p><strong>Netnocor\u00a02120 <\/strong>peut \u00eatre utilis\u00e9 tel quel.[\/vc_column_text][\/vc_column][vc_column css_animation=\u00a0\u00bbfadeInRight\u00a0\u00bb width=\u00a0\u00bb1\/2&Prime;][vc_column_text]<\/p>\n<h3><img loading=\"lazy\" decoding=\"async\" class=\"alignnone size-full wp-image-176\" role=\"img\" src=\"https:\/\/www.vciactivepack.com\/wp-content\/uploads\/2021\/05\/external_texts.svg\" alt=\"\" width=\"81\" height=\"81\" \/><\/h3>\n<h2>Essais et approbations externes<\/h2>\n<ul>\n<li><a href=\"https:\/\/www.vciactivepack.com\/wp-content\/uploads\/2021\/05\/PB200-091-18.pdf\" target=\"_blank\" rel=\"noopener\"><u>Rapport d&rsquo;essai<\/u><\/a><\/li>\n<li><a href=\"https:\/\/www.vciactivepack.com\/wp-content\/uploads\/2021\/05\/UB400-042-17-VCI-active-pack-Europe.pdf\" target=\"_blank\" rel=\"noopener\"><u>Protocole allemand de sant\u00e9 et de s\u00e9curit\u00e9 TRGS 615<\/u><\/a><\/li>\n<\/ul>\n<p>[\/vc_column_text][\/vc_column][\/vc_row][vc_row full_width=\u00a0\u00bbstretch_row_content_no_spaces\u00a0\u00bb css_animation=\u00a0\u00bbfadeInUp\u00a0\u00bb][vc_column css=\u00a0\u00bb.vc_custom_1621418338913{padding-top: 0px !important;}\u00a0\u00bb][vc_column_text css=\u00a0\u00bb.vc_custom_1621502675987{margin-bottom: 0px !important;}\u00a0\u00bb]<img decoding=\"async\" style=\"display: block; width: 100%;\" src=\"\/wp-content\/uploads\/2021\/05\/img_separador_sustainability.jpg\" \/>[\/vc_column_text][\/vc_column][\/vc_row][vc_row css_animation=\u00a0\u00bbfadeInUp\u00a0\u00bb bg_type=\u00a0\u00bbbg_color\u00a0\u00bb bg_override=\u00a0\u00bbfull\u00a0\u00bb bg_color_value=\u00a0\u00bb#f0f0f0&Prime; el_id=\u00a0\u00bbbenefits\u00a0\u00bb css=\u00a0\u00bb.vc_custom_1621580553732{padding-top: 35px !important;padding-bottom: 35px !important;}\u00a0\u00bb][vc_column][vc_column_text css=\u00a0\u00bb.vc_custom_1624617922692{margin-bottom: 0px !important;}\u00a0\u00bb]<\/p>\n<h2>AVANTAGES<\/h2>\n<h3>Simplicit\u00e9 et efficacit\u00e9<\/h3>\n<p>[\/vc_column_text][\/vc_column][vc_column width=\u00a0\u00bb1\/6&Prime; offset=\u00a0\u00bbvc_col-xs-6&Prime;][vc_column_text css=\u00a0\u00bb.vc_custom_1624617767605{margin-bottom: 0px !important;}\u00a0\u00bb]<img loading=\"lazy\" decoding=\"async\" class=\"alignnone wp-image-8\" role=\"img\" src=\"https:\/\/www.vciactivepack.com\/wp-content\/uploads\/2021\/05\/beneficios_1.svg\" alt=\"\" width=\"80\" height=\"91\" \/><\/p>\n<h4>Produits<br \/>\ninoffensifs<\/h4>\n<p>[\/vc_column_text][\/vc_column][vc_column width=\u00a0\u00bb1\/6&Prime; offset=\u00a0\u00bbvc_col-xs-6&Prime;][vc_column_text css=\u00a0\u00bb.vc_custom_1624617792196{margin-bottom: 0px !important;}\u00a0\u00bb]<img loading=\"lazy\" decoding=\"async\" class=\"alignnone wp-image-8\" role=\"img\" src=\"https:\/\/www.vciactivepack.com\/wp-content\/uploads\/2021\/05\/beneficios_2.svg\" alt=\"\" width=\"80\" height=\"91\" \/><\/p>\n<h4>Respect de<br \/>\nl&rsquo;environnement<\/h4>\n<p>[\/vc_column_text][\/vc_column][vc_column width=\u00a0\u00bb1\/6&Prime; offset=\u00a0\u00bbvc_col-xs-6&Prime;][vc_column_text css=\u00a0\u00bb.vc_custom_1624617818669{margin-bottom: 0px !important;}\u00a0\u00bb]<img loading=\"lazy\" decoding=\"async\" class=\"alignnone wp-image-8\" role=\"img\" src=\"https:\/\/www.vciactivepack.com\/wp-content\/uploads\/2021\/05\/beneficios_3.svg\" alt=\"\" width=\"80\" height=\"91\" \/><\/p>\n<h4>Protection<br \/>\npoly-m\u00e9tallique<\/h4>\n<p>[\/vc_column_text][\/vc_column][vc_column width=\u00a0\u00bb1\/6&Prime; offset=\u00a0\u00bbvc_col-xs-6&Prime;][vc_column_text css=\u00a0\u00bb.vc_custom_1624617836163{margin-bottom: 0px !important;}\u00a0\u00bb]<img loading=\"lazy\" decoding=\"async\" class=\"alignnone wp-image-8\" role=\"img\" src=\"https:\/\/www.vciactivepack.com\/wp-content\/uploads\/2021\/05\/beneficios_4.svg\" alt=\"\" width=\"80\" height=\"91\" \/><\/p>\n<h4>Protection \u00e0 long<br \/>\nterme contre la<br \/>\ncorrosion dans les<br \/>\nespaces clos<\/h4>\n<p>[\/vc_column_text][\/vc_column][vc_column width=\u00a0\u00bb1\/6&Prime; offset=\u00a0\u00bbvc_col-xs-6&Prime;][vc_column_text]<img loading=\"lazy\" decoding=\"async\" class=\"alignnone wp-image-8\" role=\"img\" src=\"https:\/\/www.vciactivepack.com\/wp-content\/uploads\/2021\/05\/beneficios_5.svg\" alt=\"\" width=\"80\" height=\"91\" \/><\/p>\n<h4>Investissement nul ou<br \/>\nminimal<\/h4>\n<p>[\/vc_column_text][\/vc_column][vc_column width=\u00a0\u00bb1\/6&Prime; offset=\u00a0\u00bbvc_col-xs-6&Prime;][vc_column_text]<img loading=\"lazy\" decoding=\"async\" class=\"alignnone wp-image-8\" role=\"img\" src=\"https:\/\/www.vciactivepack.com\/wp-content\/uploads\/2021\/05\/beneficios_6.svg\" alt=\"\" width=\"80\" height=\"91\" \/><\/p>\n<h4>Facilit\u00e9 d&rsquo;utilisation<\/h4>\n<p>[\/vc_column_text][\/vc_column][vc_column][vc_column_text]<a class=\"links\" href=\"https:\/\/www.vciactivepack.com\/vapor-corrosion-inhibitor\/\">La meilleure formule <\/a>[\/vc_column_text][\/vc_column][\/vc_row][vc_row content_placement=\u00a0\u00bbmiddle\u00a0\u00bb css=\u00a0\u00bb.vc_custom_1621500412403{padding-top: 35px !important;padding-bottom: 35px !important;}\u00a0\u00bb][vc_column width=\u00a0\u00bb2\/3&Prime;][vc_column_text]<\/p>\n<h2>NOUS CONTACTER<\/h2>\n<h3>Vous voulez vous d\u00e9marquer aupr\u00e8s de vos clients en \u00e9tant l&rsquo;un des meilleurs fabricants d&#8217;emballages anticorrosion ?<\/h3>\n<p>[\/vc_column_text][\/vc_column][vc_column width=\u00a0\u00bb1\/3&Prime;][vc_column_text]<a href=\"https:\/\/www.vciactivepack.com\/contact-us\/\"><img loading=\"lazy\" decoding=\"async\" class=\"size-full wp-image-152 aligncenter\" role=\"img\" src=\"https:\/\/www.vciactivepack.com\/wp-content\/uploads\/2021\/05\/marcador_contact.svg\" alt=\"\" width=\"67\" height=\"71\" \/><\/a>[\/vc_column_text][\/vc_column][\/vc_row]<\/p>\n<\/section>","protected":false},"excerpt":{"rendered":"<p>[vc_row gap=\u00a0\u00bb35&Prime; css_animation=\u00a0\u00bbfadeInLeft\u00a0\u00bb bg_type=\u00a0\u00bbbg_color\u00a0\u00bb bg_override=\u00a0\u00bbfull\u00a0\u00bb bg_color_value=\u00a0\u00bb#f0f0f0&Prime;][vc_column css=\u00a0\u00bb.vc_custom_1621502786124{padding-top: 0px !important;}\u00a0\u00bb][vc_column_text css=\u00a0\u00bb.vc_custom_1624618855861{margin-bottom: 0px !important;padding-top: 15px !important;padding-bottom: 15px !important;}\u00a0\u00bb]Liquides \u00e0 base d&rsquo;eau pour la protection temporaire contre la corrosion[\/vc_column_text][\/vc_column][\/vc_row][vc_row gap=\u00a0\u00bb35&Prime; css_animation=\u00a0\u00bbfadeInUp\u00a0\u00bb bg_type=\u00a0\u00bbbg_color\u00a0\u00bb bg_override=\u00a0\u00bbfull\u00a0\u00bb css=\u00a0\u00bb.vc_custom_1621580860987{padding-top: 10px !important;padding-bottom: 10px !important;}\u00a0\u00bb bg_color_value=\u00a0\u00bb#ffffff\u00a0\u00bb][vc_column][vc_column_text el_class=\u00a0\u00bbinter\u00a0\u00bb]Le liquide \u00e0 base d&rsquo;eau pour la protection contre la corrosion de l&rsquo;acier et du fer Netnocor\u00a02120 VCI Active&hellip;<\/p>\n","protected":false},"author":1,"featured_media":382,"parent":0,"menu_order":0,"comment_status":"closed","ping_status":"closed","template":"","meta":{"footnotes":""},"class_list":["post-440","page","type-page","status-publish","has-post-thumbnail","hentry","description-off"],"yoast_head":"<!-- This site is optimized with the Yoast SEO plugin v21.3 - https:\/\/yoast.com\/wordpress\/plugins\/seo\/ -->\n<title>Netnocor 2120 - Liquide \u00e0 base d&#039;eau pour la protection contre la corrosion | VCI Active Pack<\/title>\n<meta name=\"description\" content=\"S\u00e9curit\u00e9 et respect de l&#039;environnement. Jusqu&#039;\u00e0 deux semaines de protection contre la corrosion. En savoir plus sur le liquide \u00e0 base d&#039;eau pour la protection contre la corrosion Netnocor 2120.\" \/>\n<meta name=\"robots\" content=\"index, follow, max-snippet:-1, max-image-preview:large, max-video-preview:-1\" \/>\n<link rel=\"canonical\" href=\"https:\/\/www.vciactivepack.com\/fr\/liquide-base-eau-protection-contre-corrosion\/\" \/>\n<meta property=\"og:locale\" content=\"fr_FR\" \/>\n<meta property=\"og:type\" content=\"article\" \/>\n<meta property=\"og:title\" content=\"Netnocor 2120 - Liquide \u00e0 base d&#039;eau pour la protection contre la corrosion | VCI Active Pack\" \/>\n<meta property=\"og:description\" content=\"S\u00e9curit\u00e9 et respect de l&#039;environnement. Jusqu&#039;\u00e0 deux semaines de protection contre la corrosion. En savoir plus sur le liquide \u00e0 base d&#039;eau pour la protection contre la corrosion Netnocor 2120.\" \/>\n<meta property=\"og:url\" content=\"https:\/\/www.vciactivepack.com\/fr\/liquide-base-eau-protection-contre-corrosion\/\" \/>\n<meta property=\"og:site_name\" content=\"VCI Active Pack\" \/>\n<meta property=\"article:modified_time\" content=\"2021-06-25T11:02:03+00:00\" \/>\n<meta property=\"og:image\" content=\"https:\/\/www.vciactivepack.com\/wp-content\/uploads\/2021\/06\/vci_active_pack_4.jpg\" \/>\n\t<meta property=\"og:image:width\" content=\"600\" \/>\n\t<meta property=\"og:image:height\" content=\"315\" \/>\n\t<meta property=\"og:image:type\" content=\"image\/jpeg\" \/>\n<meta name=\"twitter:card\" content=\"summary_large_image\" \/>\n<meta name=\"twitter:label1\" content=\"Dur\u00e9e de lecture estim\u00e9e\" \/>\n\t<meta name=\"twitter:data1\" content=\"5 minutes\" \/>\n<script type=\"application\/ld+json\" class=\"yoast-schema-graph\">{\"@context\":\"https:\/\/schema.org\",\"@graph\":[{\"@type\":\"WebPage\",\"@id\":\"https:\/\/www.vciactivepack.com\/fr\/liquide-base-eau-protection-contre-corrosion\/\",\"url\":\"https:\/\/www.vciactivepack.com\/fr\/liquide-base-eau-protection-contre-corrosion\/\",\"name\":\"Netnocor 2120 - Liquide \u00e0 base d'eau pour la protection contre la corrosion | VCI Active Pack\",\"isPartOf\":{\"@id\":\"https:\/\/www.vciactivepack.com\/#website\"},\"datePublished\":\"2021-05-19T08:10:11+00:00\",\"dateModified\":\"2021-06-25T11:02:03+00:00\",\"description\":\"S\u00e9curit\u00e9 et respect de l'environnement. Jusqu'\u00e0 deux semaines de protection contre la corrosion. En savoir plus sur le liquide \u00e0 base d'eau pour la protection contre la corrosion Netnocor 2120.\",\"breadcrumb\":{\"@id\":\"https:\/\/www.vciactivepack.com\/fr\/liquide-base-eau-protection-contre-corrosion\/#breadcrumb\"},\"inLanguage\":\"fr-FR\",\"potentialAction\":[{\"@type\":\"ReadAction\",\"target\":[\"https:\/\/www.vciactivepack.com\/fr\/liquide-base-eau-protection-contre-corrosion\/\"]}]},{\"@type\":\"BreadcrumbList\",\"@id\":\"https:\/\/www.vciactivepack.com\/fr\/liquide-base-eau-protection-contre-corrosion\/#breadcrumb\",\"itemListElement\":[{\"@type\":\"ListItem\",\"position\":1,\"name\":\"Home\",\"item\":\"https:\/\/www.vciactivepack.com\/fr\/\"},{\"@type\":\"ListItem\",\"position\":2,\"name\":\"Netnocor 2120 &#8211; Liquide \u00e0 base d&rsquo;eau pour la protection contre la corrosion de l&rsquo;acier et du fer\"}]},{\"@type\":\"WebSite\",\"@id\":\"https:\/\/www.vciactivepack.com\/#website\",\"url\":\"https:\/\/www.vciactivepack.com\/\",\"name\":\"VCI Active Pack\",\"description\":\"Leading corrosion protection solutions\",\"potentialAction\":[{\"@type\":\"SearchAction\",\"target\":{\"@type\":\"EntryPoint\",\"urlTemplate\":\"https:\/\/www.vciactivepack.com\/?s={search_term_string}\"},\"query-input\":\"required name=search_term_string\"}],\"inLanguage\":\"fr-FR\"}]}<\/script>\n<!-- \/ Yoast SEO plugin. -->","yoast_head_json":{"title":"Netnocor 2120 - Liquide \u00e0 base d'eau pour la protection contre la corrosion | VCI Active Pack","description":"S\u00e9curit\u00e9 et respect de l'environnement. Jusqu'\u00e0 deux semaines de protection contre la corrosion. En savoir plus sur le liquide \u00e0 base d'eau pour la protection contre la corrosion Netnocor 2120.","robots":{"index":"index","follow":"follow","max-snippet":"max-snippet:-1","max-image-preview":"max-image-preview:large","max-video-preview":"max-video-preview:-1"},"canonical":"https:\/\/www.vciactivepack.com\/fr\/liquide-base-eau-protection-contre-corrosion\/","og_locale":"fr_FR","og_type":"article","og_title":"Netnocor 2120 - Liquide \u00e0 base d'eau pour la protection contre la corrosion | VCI Active Pack","og_description":"S\u00e9curit\u00e9 et respect de l'environnement. Jusqu'\u00e0 deux semaines de protection contre la corrosion. En savoir plus sur le liquide \u00e0 base d'eau pour la protection contre la corrosion Netnocor 2120.","og_url":"https:\/\/www.vciactivepack.com\/fr\/liquide-base-eau-protection-contre-corrosion\/","og_site_name":"VCI Active Pack","article_modified_time":"2021-06-25T11:02:03+00:00","og_image":[{"width":600,"height":315,"url":"https:\/\/www.vciactivepack.com\/wp-content\/uploads\/2021\/06\/vci_active_pack_4.jpg","type":"image\/jpeg"}],"twitter_card":"summary_large_image","twitter_misc":{"Dur\u00e9e de lecture estim\u00e9e":"5 minutes"},"schema":{"@context":"https:\/\/schema.org","@graph":[{"@type":"WebPage","@id":"https:\/\/www.vciactivepack.com\/fr\/liquide-base-eau-protection-contre-corrosion\/","url":"https:\/\/www.vciactivepack.com\/fr\/liquide-base-eau-protection-contre-corrosion\/","name":"Netnocor 2120 - Liquide \u00e0 base d'eau pour la protection contre la corrosion | VCI Active Pack","isPartOf":{"@id":"https:\/\/www.vciactivepack.com\/#website"},"datePublished":"2021-05-19T08:10:11+00:00","dateModified":"2021-06-25T11:02:03+00:00","description":"S\u00e9curit\u00e9 et respect de l'environnement. Jusqu'\u00e0 deux semaines de protection contre la corrosion. En savoir plus sur le liquide \u00e0 base d'eau pour la protection contre la corrosion Netnocor 2120.","breadcrumb":{"@id":"https:\/\/www.vciactivepack.com\/fr\/liquide-base-eau-protection-contre-corrosion\/#breadcrumb"},"inLanguage":"fr-FR","potentialAction":[{"@type":"ReadAction","target":["https:\/\/www.vciactivepack.com\/fr\/liquide-base-eau-protection-contre-corrosion\/"]}]},{"@type":"BreadcrumbList","@id":"https:\/\/www.vciactivepack.com\/fr\/liquide-base-eau-protection-contre-corrosion\/#breadcrumb","itemListElement":[{"@type":"ListItem","position":1,"name":"Home","item":"https:\/\/www.vciactivepack.com\/fr\/"},{"@type":"ListItem","position":2,"name":"Netnocor 2120 &#8211; Liquide \u00e0 base d&rsquo;eau pour la protection contre la corrosion de l&rsquo;acier et du fer"}]},{"@type":"WebSite","@id":"https:\/\/www.vciactivepack.com\/#website","url":"https:\/\/www.vciactivepack.com\/","name":"VCI Active Pack","description":"Leading corrosion protection solutions","potentialAction":[{"@type":"SearchAction","target":{"@type":"EntryPoint","urlTemplate":"https:\/\/www.vciactivepack.com\/?s={search_term_string}"},"query-input":"required name=search_term_string"}],"inLanguage":"fr-FR"}]}},"_links":{"self":[{"href":"https:\/\/www.vciactivepack.com\/fr\/wp-json\/wp\/v2\/pages\/440","targetHints":{"allow":["GET"]}}],"collection":[{"href":"https:\/\/www.vciactivepack.com\/fr\/wp-json\/wp\/v2\/pages"}],"about":[{"href":"https:\/\/www.vciactivepack.com\/fr\/wp-json\/wp\/v2\/types\/page"}],"author":[{"embeddable":true,"href":"https:\/\/www.vciactivepack.com\/fr\/wp-json\/wp\/v2\/users\/1"}],"replies":[{"embeddable":true,"href":"https:\/\/www.vciactivepack.com\/fr\/wp-json\/wp\/v2\/comments?post=440"}],"version-history":[{"count":3,"href":"https:\/\/www.vciactivepack.com\/fr\/wp-json\/wp\/v2\/pages\/440\/revisions"}],"predecessor-version":[{"id":452,"href":"https:\/\/www.vciactivepack.com\/fr\/wp-json\/wp\/v2\/pages\/440\/revisions\/452"}],"wp:featuredmedia":[{"embeddable":true,"href":"https:\/\/www.vciactivepack.com\/fr\/wp-json\/wp\/v2\/media\/382"}],"wp:attachment":[{"href":"https:\/\/www.vciactivepack.com\/fr\/wp-json\/wp\/v2\/media?parent=440"}],"curies":[{"name":"wp","href":"https:\/\/api.w.org\/{rel}","templated":true}]}}